{"id":98,"date":"2022-07-27T18:26:07","date_gmt":"2022-07-27T16:26:07","guid":{"rendered":"http:\/\/www.studiotangoargentino.com\/?page_id=98"},"modified":"2026-03-17T18:51:09","modified_gmt":"2026-03-17T17:51:09","slug":"stages","status":"publish","type":"page","link":"https:\/\/www.studiotangoargentino.com\/?page_id=98","title":{"rendered":"Stages"},"content":{"rendered":"\n<p>De nombreux intervenants sont r\u00e9guli\u00e8rement invit\u00e9s \u00e0 nous faire partager leurs connaissances. Que ce soit des danseurs de renomm\u00e9e internationale ou des sp\u00e9cialistes dans d\u2019autres domaines ; ils vous aideront \u00e0 enrichir votre tango.<\/p>\n\n\n\n<h2 class=\"wp-block-heading\">En France<\/h2>\n\n\n<ul class=\"wp-block-latest-posts__list category-stages wp-block-latest-posts\"><li><div class=\"wp-block-latest-posts__featured-image alignleft\"><img fetchpriority=\"high\" decoding=\"async\" width=\"1000\" height=\"400\" src=\"https:\/\/www.studiotangoargentino.com\/wp-content\/uploads\/2026\/03\/20260425.jpg\" class=\"attachment-large size-large wp-post-image\" alt=\"\" style=\"max-width:512px;max-height:512px;\" srcset=\"https:\/\/www.studiotangoargentino.com\/wp-content\/uploads\/2026\/03\/20260425.jpg 1000w, https:\/\/www.studiotangoargentino.com\/wp-content\/uploads\/2026\/03\/20260425-300x120.jpg 300w, https:\/\/www.studiotangoargentino.com\/wp-content\/uploads\/2026\/03\/20260425-768x307.jpg 768w\" sizes=\"(max-width: 1000px) 100vw, 1000px\" \/><\/div><a class=\"wp-block-latest-posts__post-title\" href=\"https:\/\/www.studiotangoargentino.com\/?p=4616\">Stages Tango Valse Milonga 25-26 avril avec M. Maini &amp; F. Chiodetti<\/a><div class=\"wp-block-latest-posts__post-excerpt\">Studio Tango Argentino invite \u00e0 Lyon une nouvelle danseuse argentine,&nbsp;Melina Maini&nbsp;et vous propose&nbsp;Samedi 25 et Dimanche 26 avril 2026&nbsp;des stages\u2026 <a class=\"wp-block-latest-posts__read-more\" href=\"https:\/\/www.studiotangoargentino.com\/?p=4616\" rel=\"noopener noreferrer\">Lire la suite<span class=\"screen-reader-text\">\u00a0: Stages Tango Valse Milonga 25-26 avril avec M. Maini &amp; F. Chiodetti<\/span><\/a><\/div><\/li>\n<li><div class=\"wp-block-latest-posts__featured-image alignleft\"><img decoding=\"async\" width=\"1000\" height=\"400\" src=\"https:\/\/www.studiotangoargentino.com\/wp-content\/uploads\/2026\/01\/Affichette-3-Corse-corrige1000x400.jpg\" class=\"attachment-large size-large wp-post-image\" alt=\"\" style=\"max-width:512px;max-height:512px;\" srcset=\"https:\/\/www.studiotangoargentino.com\/wp-content\/uploads\/2026\/01\/Affichette-3-Corse-corrige1000x400.jpg 1000w, https:\/\/www.studiotangoargentino.com\/wp-content\/uploads\/2026\/01\/Affichette-3-Corse-corrige1000x400-300x120.jpg 300w, https:\/\/www.studiotangoargentino.com\/wp-content\/uploads\/2026\/01\/Affichette-3-Corse-corrige1000x400-768x307.jpg 768w\" sizes=\"(max-width: 1000px) 100vw, 1000px\" \/><\/div><a class=\"wp-block-latest-posts__post-title\" href=\"https:\/\/www.studiotangoargentino.com\/?p=4503\">Long Weekend Tango en Corse 11-14 juin 2026<\/a><div class=\"wp-block-latest-posts__post-excerpt\">Stage anim\u00e9 par Florencia Marioni et Fabrizio Chiodetti Studio Tango Argentino propose un weekend de d\u00e9tente et Tango pour profiter\u2026 <a class=\"wp-block-latest-posts__read-more\" href=\"https:\/\/www.studiotangoargentino.com\/?p=4503\" rel=\"noopener noreferrer\">Lire la suite<span class=\"screen-reader-text\">\u00a0: Long Weekend Tango en Corse 11-14 juin 2026<\/span><\/a><\/div><\/li>\n<li><div class=\"wp-block-latest-posts__featured-image alignleft\"><img decoding=\"async\" width=\"1000\" height=\"400\" src=\"https:\/\/www.studiotangoargentino.com\/wp-content\/uploads\/2026\/03\/Annulation-Stage-Contact-Tango-200326.jpg\" class=\"attachment-large size-large wp-post-image\" alt=\"\" style=\"max-width:512px;max-height:512px;\" srcset=\"https:\/\/www.studiotangoargentino.com\/wp-content\/uploads\/2026\/03\/Annulation-Stage-Contact-Tango-200326.jpg 1000w, https:\/\/www.studiotangoargentino.com\/wp-content\/uploads\/2026\/03\/Annulation-Stage-Contact-Tango-200326-300x120.jpg 300w, https:\/\/www.studiotangoargentino.com\/wp-content\/uploads\/2026\/03\/Annulation-Stage-Contact-Tango-200326-768x307.jpg 768w\" sizes=\"(max-width: 1000px) 100vw, 1000px\" \/><\/div><a class=\"wp-block-latest-posts__post-title\" href=\"https:\/\/www.studiotangoargentino.com\/?p=4514\">Stage Contact-Tango Sam 21 et Dim. 22 mars 2026<\/a><div class=\"wp-block-latest-posts__post-excerpt\">avec Emi Farashi et Fabrizio Chiodetti Emi Farashi et Fabrizio Chiodetti vous convient \u00e0 une nouvelle exploration o\u00f9 tango argentin,\u2026 <a class=\"wp-block-latest-posts__read-more\" href=\"https:\/\/www.studiotangoargentino.com\/?p=4514\" rel=\"noopener noreferrer\">Lire la suite<span class=\"screen-reader-text\">\u00a0: Stage Contact-Tango Sam 21 et Dim. 22 mars 2026<\/span><\/a><\/div><\/li>\n<li><div class=\"wp-block-latest-posts__featured-image alignleft\"><img loading=\"lazy\" decoding=\"async\" width=\"1000\" height=\"400\" src=\"https:\/\/www.studiotangoargentino.com\/wp-content\/uploads\/2026\/03\/20260314.jpg\" class=\"attachment-large size-large wp-post-image\" alt=\"\" style=\"max-width:512px;max-height:512px;\" srcset=\"https:\/\/www.studiotangoargentino.com\/wp-content\/uploads\/2026\/03\/20260314.jpg 1000w, https:\/\/www.studiotangoargentino.com\/wp-content\/uploads\/2026\/03\/20260314-300x120.jpg 300w, https:\/\/www.studiotangoargentino.com\/wp-content\/uploads\/2026\/03\/20260314-768x307.jpg 768w\" sizes=\"(max-width: 1000px) 100vw, 1000px\" \/><\/div><a class=\"wp-block-latest-posts__post-title\" href=\"https:\/\/www.studiotangoargentino.com\/?p=4561\">Stage Tango, Valse et Milonga 14 et 15 mars av. Agustina &amp; Fabrizio<\/a><div class=\"wp-block-latest-posts__post-excerpt\">Dans l&rsquo;\u00e9lan de notre dernier Stage,\u00a0Studio Tango Argentino et Agustina Morbiducci\u00a0vous proposent\u00a0Samedi 14 et Dimanche 15 mars 2026\u00a0des stages intensifs\u2026 <a class=\"wp-block-latest-posts__read-more\" href=\"https:\/\/www.studiotangoargentino.com\/?p=4561\" rel=\"noopener noreferrer\">Lire la suite<span class=\"screen-reader-text\">\u00a0: Stage Tango, Valse et Milonga 14 et 15 mars av. Agustina &amp; Fabrizio<\/span><\/a><\/div><\/li>\n<li><div class=\"wp-block-latest-posts__featured-image alignleft\"><img loading=\"lazy\" decoding=\"async\" width=\"1000\" height=\"400\" src=\"https:\/\/www.studiotangoargentino.com\/wp-content\/uploads\/2026\/02\/20260228.jpg\" class=\"attachment-large size-large wp-post-image\" alt=\"\" style=\"max-width:512px;max-height:512px;\" srcset=\"https:\/\/www.studiotangoargentino.com\/wp-content\/uploads\/2026\/02\/20260228.jpg 1000w, https:\/\/www.studiotangoargentino.com\/wp-content\/uploads\/2026\/02\/20260228-300x120.jpg 300w, https:\/\/www.studiotangoargentino.com\/wp-content\/uploads\/2026\/02\/20260228-768x307.jpg 768w\" sizes=\"(max-width: 1000px) 100vw, 1000px\" \/><\/div><a class=\"wp-block-latest-posts__post-title\" href=\"https:\/\/www.studiotangoargentino.com\/?p=4522\">Stages Tango, Valse et Milonga 20\/02-1\/03 avec Augustina et Fabrizio<\/a><div class=\"wp-block-latest-posts__post-excerpt\">Studio Tango Argentino invite \u00e0 Lyon une nouvelle danseuse argentine, Agustina Morbiducci et vous propose&nbsp;Samedi 28 f\u00e9v. et Dimanche 1\u2026 <a class=\"wp-block-latest-posts__read-more\" href=\"https:\/\/www.studiotangoargentino.com\/?p=4522\" rel=\"noopener noreferrer\">Lire la suite<span class=\"screen-reader-text\">\u00a0: Stages Tango, Valse et Milonga 20\/02-1\/03 avec Augustina et Fabrizio<\/span><\/a><\/div><\/li>\n<\/ul>\n\n\n<hr class=\"wp-block-separator has-alpha-channel-opacity\"\/>\n\n\n\n<h2 class=\"wp-block-heading\">Stage vacances<\/h2>\n\n\n<ul class=\"wp-block-latest-posts__list category-stages wp-block-latest-posts\"><li><div class=\"wp-block-latest-posts__featured-image alignleft\"><img loading=\"lazy\" decoding=\"async\" width=\"1000\" height=\"400\" src=\"https:\/\/www.studiotangoargentino.com\/wp-content\/uploads\/2025\/12\/20260801.jpg\" class=\"attachment-large size-large wp-post-image\" alt=\"\" style=\"max-width:512px;max-height:512px;\" srcset=\"https:\/\/www.studiotangoargentino.com\/wp-content\/uploads\/2025\/12\/20260801.jpg 1000w, https:\/\/www.studiotangoargentino.com\/wp-content\/uploads\/2025\/12\/20260801-300x120.jpg 300w, https:\/\/www.studiotangoargentino.com\/wp-content\/uploads\/2025\/12\/20260801-768x307.jpg 768w\" sizes=\"(max-width: 1000px) 100vw, 1000px\" \/><\/div><a class=\"wp-block-latest-posts__post-title\" href=\"https:\/\/www.studiotangoargentino.com\/?p=4463\">Stage Vacances-Tango en Sardaigne du 1 au 8 aout 26<\/a><div class=\"wp-block-latest-posts__post-excerpt\">avec Florencia Marioni et Fabrizio Chiodetti Studio Tango Argentino propose cet \u00e9t\u00e9 une semaine de vacances-tango dans un lieu culte des vacances \u00e0 l\u2019italienne&nbsp;: La Sardaigne. Attention : notre choix du\u2026 <a class=\"wp-block-latest-posts__read-more\" href=\"https:\/\/www.studiotangoargentino.com\/?p=4463\" rel=\"noopener noreferrer\">Lire la suite<span class=\"screen-reader-text\">\u00a0: Stage Vacances-Tango en Sardaigne du 1 au 8 aout 26<\/span><\/a><\/div><\/li>\n<li><div class=\"wp-block-latest-posts__featured-image alignleft\"><img loading=\"lazy\" decoding=\"async\" width=\"1024\" height=\"410\" src=\"https:\/\/www.studiotangoargentino.com\/wp-content\/uploads\/2025\/12\/Affichette-Lavagna-2026.jpg\" class=\"attachment-large size-large wp-post-image\" alt=\"\" style=\"max-width:512px;max-height:512px;\" srcset=\"https:\/\/www.studiotangoargentino.com\/wp-content\/uploads\/2025\/12\/Affichette-Lavagna-2026.jpg 1024w, https:\/\/www.studiotangoargentino.com\/wp-content\/uploads\/2025\/12\/Affichette-Lavagna-2026-300x120.jpg 300w, https:\/\/www.studiotangoargentino.com\/wp-content\/uploads\/2025\/12\/Affichette-Lavagna-2026-768x308.jpg 768w, https:\/\/www.studiotangoargentino.com\/wp-content\/uploads\/2025\/12\/Affichette-Lavagna-2026-1000x400.jpg 1000w, https:\/\/www.studiotangoargentino.com\/wp-content\/uploads\/2025\/12\/Affichette-Lavagna-2026-620x248.jpg 620w, https:\/\/www.studiotangoargentino.com\/wp-content\/uploads\/2025\/12\/Affichette-Lavagna-2026-400x160.jpg 400w\" sizes=\"(max-width: 1024px) 100vw, 1024px\" \/><\/div><a class=\"wp-block-latest-posts__post-title\" href=\"https:\/\/www.studiotangoargentino.com\/?p=4451\">Stage Vacances-Tango \u00e0 Lavagna (5 Terres) 7-10 mai 2026<\/a><div class=\"wp-block-latest-posts__post-excerpt\">avec Florencia Marioni et Fabrizio Chiodetti Pour profiter pleinement des journ\u00e9es ensoleill\u00e9es qui arrivent avec le printemps, Studio Tango Argentino propose un long week-end de Tango et vacances aux 5 Terres\u2026 <a class=\"wp-block-latest-posts__read-more\" href=\"https:\/\/www.studiotangoargentino.com\/?p=4451\" rel=\"noopener noreferrer\">Lire la suite<span class=\"screen-reader-text\">\u00a0: Stage Vacances-Tango \u00e0 Lavagna (5 Terres) 7-10 mai 2026<\/span><\/a><\/div><\/li>\n<li><div class=\"wp-block-latest-posts__featured-image alignleft\"><img loading=\"lazy\" decoding=\"async\" width=\"1000\" height=\"400\" src=\"https:\/\/www.studiotangoargentino.com\/wp-content\/uploads\/2025\/09\/20251025.jpg\" class=\"attachment-large size-large wp-post-image\" alt=\"\" style=\"max-width:512px;max-height:512px;\" srcset=\"https:\/\/www.studiotangoargentino.com\/wp-content\/uploads\/2025\/09\/20251025.jpg 1000w, https:\/\/www.studiotangoargentino.com\/wp-content\/uploads\/2025\/09\/20251025-300x120.jpg 300w, https:\/\/www.studiotangoargentino.com\/wp-content\/uploads\/2025\/09\/20251025-768x307.jpg 768w\" sizes=\"(max-width: 1000px) 100vw, 1000px\" \/><\/div><a class=\"wp-block-latest-posts__post-title\" href=\"https:\/\/www.studiotangoargentino.com\/?p=4271\">Stage Vacances-Tango \u00e0 Ischia (Naples) du 24 au 27 oct. 2025<\/a><div class=\"wp-block-latest-posts__post-excerpt\">Studio Tango Argentino vous propose une vacance-tango \u00e0 l\u2019enseigne de la d\u00e9tente et du ressourcement avec une destination thermale parmi les plus connues et appr\u00e9ci\u00e9es en Italie depuis le temps des\u2026 <a class=\"wp-block-latest-posts__read-more\" href=\"https:\/\/www.studiotangoargentino.com\/?p=4271\" rel=\"noopener noreferrer\">Lire la suite<span class=\"screen-reader-text\">\u00a0: Stage Vacances-Tango \u00e0 Ischia (Naples) du 24 au 27 oct. 2025<\/span><\/a><\/div><\/li>\n<li><div class=\"wp-block-latest-posts__featured-image alignleft\"><img loading=\"lazy\" decoding=\"async\" width=\"1000\" height=\"400\" src=\"https:\/\/www.studiotangoargentino.com\/wp-content\/uploads\/2025\/03\/661b0bf8-b2e3-7f3c-2394-28c3fefe1dc0.jpg\" class=\"attachment-large size-large wp-post-image\" alt=\"\" style=\"max-width:512px;max-height:512px;\" srcset=\"https:\/\/www.studiotangoargentino.com\/wp-content\/uploads\/2025\/03\/661b0bf8-b2e3-7f3c-2394-28c3fefe1dc0.jpg 1000w, https:\/\/www.studiotangoargentino.com\/wp-content\/uploads\/2025\/03\/661b0bf8-b2e3-7f3c-2394-28c3fefe1dc0-300x120.jpg 300w, https:\/\/www.studiotangoargentino.com\/wp-content\/uploads\/2025\/03\/661b0bf8-b2e3-7f3c-2394-28c3fefe1dc0-768x307.jpg 768w\" sizes=\"(max-width: 1000px) 100vw, 1000px\" \/><\/div><a class=\"wp-block-latest-posts__post-title\" href=\"https:\/\/www.studiotangoargentino.com\/?p=3890\">Stage Vacances-Tango\u00e0 Ischia (Naples)du 29 mai\u00a0au 1 juin 2025<\/a><div class=\"wp-block-latest-posts__post-excerpt\">Studio Tango Argentino vous propose une vacance-tango \u00e0 l\u2019enseigne de la d\u00e9tente et du ressourcement avec une destination thermale parmi les plus connues et appr\u00e9ci\u00e9es en Italie depuis le temps des\u2026 <a class=\"wp-block-latest-posts__read-more\" href=\"https:\/\/www.studiotangoargentino.com\/?p=3890\" rel=\"noopener noreferrer\">Lire la suite<span class=\"screen-reader-text\">\u00a0: Stage Vacances-Tango\u00e0 Ischia (Naples)du 29 mai\u00a0au 1 juin 2025<\/span><\/a><\/div><\/li>\n<li><div class=\"wp-block-latest-posts__featured-image alignleft\"><img loading=\"lazy\" decoding=\"async\" width=\"1000\" height=\"400\" src=\"https:\/\/www.studiotangoargentino.com\/wp-content\/uploads\/2025\/01\/Affichette-Stage-Lavagna-2025.jpg\" class=\"attachment-large size-large wp-post-image\" alt=\"\" style=\"max-width:512px;max-height:512px;\" srcset=\"https:\/\/www.studiotangoargentino.com\/wp-content\/uploads\/2025\/01\/Affichette-Stage-Lavagna-2025.jpg 1000w, https:\/\/www.studiotangoargentino.com\/wp-content\/uploads\/2025\/01\/Affichette-Stage-Lavagna-2025-300x120.jpg 300w, https:\/\/www.studiotangoargentino.com\/wp-content\/uploads\/2025\/01\/Affichette-Stage-Lavagna-2025-768x307.jpg 768w\" sizes=\"(max-width: 1000px) 100vw, 1000px\" \/><\/div><a class=\"wp-block-latest-posts__post-title\" href=\"https:\/\/www.studiotangoargentino.com\/?p=3804\">Stage-Vacances Tango \u00e0 Lavagna ( 5 Terres) 8 &#8211; 11 mai 2025<\/a><div class=\"wp-block-latest-posts__post-excerpt\">avec Florencia Marioni et Fabrizio Chiodetti Pour profiter pleinement des journ\u00e9es ensoleill\u00e9es qui arrivent avec le printemps, Studio Tango Argentino propose un long week-end de Tango et vacances aux 5 Terres\u2026 <a class=\"wp-block-latest-posts__read-more\" href=\"https:\/\/www.studiotangoargentino.com\/?p=3804\" rel=\"noopener noreferrer\">Lire la suite<span class=\"screen-reader-text\">\u00a0: Stage-Vacances Tango \u00e0 Lavagna ( 5 Terres) 8 &#8211; 11 mai 2025<\/span><\/a><\/div><\/li>\n<\/ul>","protected":false},"excerpt":{"rendered":"<p>De nombreux intervenants sont r\u00e9guli\u00e8rement invit\u00e9s \u00e0 nous faire partager leurs connaissances. Que ce soit des danseurs de renomm\u00e9e internationale ou des sp\u00e9cialistes dans d\u2019autres domaines ; ils vous aideront \u00e0 enrichir votre tango. En France Stage vacances<\/p>\n","protected":false},"author":1,"featured_media":0,"parent":0,"menu_order":0,"comment_status":"closed","ping_status":"closed","template":"","meta":{"ocean_post_layout":"","ocean_both_sidebars_style":"","ocean_both_sidebars_content_width":0,"ocean_both_sidebars_sidebars_width":0,"ocean_sidebar":"0","ocean_second_sidebar":"0","ocean_disable_margins":"enable","ocean_add_body_class":"","ocean_shortcode_before_top_bar":"","ocean_shortcode_after_top_bar":"","ocean_shortcode_before_header":"","ocean_shortcode_after_header":"","ocean_has_shortcode":"","ocean_shortcode_after_title":"","ocean_shortcode_before_footer_widgets":"","ocean_shortcode_after_footer_widgets":"","ocean_shortcode_before_footer_bottom":"","ocean_shortcode_after_footer_bottom":"","ocean_display_top_bar":"default","ocean_display_header":"default","ocean_header_style":"","ocean_center_header_left_menu":"0","ocean_custom_header_template":"0","ocean_custom_logo":0,"ocean_custom_retina_logo":0,"ocean_custom_logo_max_width":0,"ocean_custom_logo_tablet_max_width":0,"ocean_custom_logo_mobile_max_width":0,"ocean_custom_logo_max_height":0,"ocean_custom_logo_tablet_max_height":0,"ocean_custom_logo_mobile_max_height":0,"ocean_header_custom_menu":"0","ocean_menu_typo_font_family":"0","ocean_menu_typo_font_subset":"","ocean_menu_typo_font_size":0,"ocean_menu_typo_font_size_tablet":0,"ocean_menu_typo_font_size_mobile":0,"ocean_menu_typo_font_size_unit":"px","ocean_menu_typo_font_weight":"","ocean_menu_typo_font_weight_tablet":"","ocean_menu_typo_font_weight_mobile":"","ocean_menu_typo_transform":"","ocean_menu_typo_transform_tablet":"","ocean_menu_typo_transform_mobile":"","ocean_menu_typo_line_height":0,"ocean_menu_typo_line_height_tablet":0,"ocean_menu_typo_line_height_mobile":0,"ocean_menu_typo_line_height_unit":"","ocean_menu_typo_spacing":0,"ocean_menu_typo_spacing_tablet":0,"ocean_menu_typo_spacing_mobile":0,"ocean_menu_typo_spacing_unit":"","ocean_menu_link_color":"","ocean_menu_link_color_hover":"","ocean_menu_link_color_active":"","ocean_menu_link_background":"","ocean_menu_link_hover_background":"","ocean_menu_link_active_background":"","ocean_menu_social_links_bg":"","ocean_menu_social_hover_links_bg":"","ocean_menu_social_links_color":"","ocean_menu_social_hover_links_color":"","ocean_disable_title":"default","ocean_disable_heading":"default","ocean_post_title":"","ocean_post_subheading":"","ocean_post_title_style":"","ocean_post_title_background_color":"","ocean_post_title_background":0,"ocean_post_title_bg_image_position":"","ocean_post_title_bg_image_attachment":"","ocean_post_title_bg_image_repeat":"","ocean_post_title_bg_image_size":"","ocean_post_title_height":0,"ocean_post_title_bg_overlay":0.5,"ocean_post_title_bg_overlay_color":"","ocean_disable_breadcrumbs":"default","ocean_breadcrumbs_color":"","ocean_breadcrumbs_separator_color":"","ocean_breadcrumbs_links_color":"","ocean_breadcrumbs_links_hover_color":"","ocean_display_footer_widgets":"default","ocean_display_footer_bottom":"default","ocean_custom_footer_template":"0","_mc_calendar":[],"footnotes":""},"class_list":["post-98","page","type-page","status-publish","hentry","entry"],"_links":{"self":[{"href":"https:\/\/www.studiotangoargentino.com\/index.php?rest_route=\/wp\/v2\/pages\/98","targetHints":{"allow":["GET"]}}],"collection":[{"href":"https:\/\/www.studiotangoargentino.com\/index.php?rest_route=\/wp\/v2\/pages"}],"about":[{"href":"https:\/\/www.studiotangoargentino.com\/index.php?rest_route=\/wp\/v2\/types\/page"}],"author":[{"embeddable":true,"href":"https:\/\/www.studiotangoargentino.com\/index.php?rest_route=\/wp\/v2\/users\/1"}],"replies":[{"embeddable":true,"href":"https:\/\/www.studiotangoargentino.com\/index.php?rest_route=%2Fwp%2Fv2%2Fcomments&post=98"}],"version-history":[{"count":18,"href":"https:\/\/www.studiotangoargentino.com\/index.php?rest_route=\/wp\/v2\/pages\/98\/revisions"}],"predecessor-version":[{"id":4607,"href":"https:\/\/www.studiotangoargentino.com\/index.php?rest_route=\/wp\/v2\/pages\/98\/revisions\/4607"}],"wp:attachment":[{"href":"https:\/\/www.studiotangoargentino.com\/index.php?rest_route=%2Fwp%2Fv2%2Fmedia&parent=98"}],"curies":[{"name":"wp","href":"https:\/\/api.w.org\/{rel}","templated":true}]}}