{"id":801,"date":"2022-10-19T16:27:41","date_gmt":"2022-10-19T14:27:41","guid":{"rendered":"http:\/\/www.studiotangoargentino.com\/?page_id=801"},"modified":"2025-07-20T10:56:53","modified_gmt":"2025-07-20T08:56:53","slug":"cours-menu","status":"publish","type":"page","link":"https:\/\/www.studiotangoargentino.com\/?page_id=801","title":{"rendered":"Cours"},"content":{"rendered":"\n<div class=\"buttonContainer\">\n    <div class=\"row\" style=\"margin-bottom: 5px\">\n        <div class=\"column\" style=\"margin-right: 5px; margin-left: 5px; margin-bottom: 0px\">\n            <a href=\"\/?page_id=56\">\n                <video muted=\"\" playsinline=\"\" onmouseover=\"this.play()\" onmouseout=\"this.pause();this.currentTime=0;\" poster=\"\/wp-content\/uploads\/2022\/10\/debutant.jpg\">\n                    <source src=\"\/wp-content\/uploads\/2022\/10\/debutant.m4v\" type=\"video\/mp4\">\n                <\/video>\n            <\/a>\n        <\/div>\n        <div class=\"column\" style=\"margin-right: 5px; margin-bottom: 0px\">\n            <a href=\"\/?page_id=58\">\n                <video muted=\"\" playsinline=\"\" onmouseover=\"this.play()\" onmouseout=\"this.pause();this.currentTime=0;\" poster=\"\/wp-content\/uploads\/2022\/10\/intermediare.jpg\">\n                    <source src=\"\/wp-content\/uploads\/2022\/10\/intermediare.m4v\" type=\"video\/mp4\">\n                <\/video>\n            <\/a>\n        <\/div>\n        <div class=\"column\" style=\"margin-right: 0px; margin-bottom: 0px\">\n            <a href=\"\/?page_id=66\">\n                <video muted=\"\" playsinline=\"\" onmouseover=\"this.play()\" onmouseout=\"this.pause();this.currentTime=0;\" poster=\"\/wp-content\/uploads\/2022\/10\/avances.jpg\">\n                    <source src=\"\/wp-content\/uploads\/2022\/10\/avances.m4v\" type=\"video\/mp4\">\n                <\/video>\n            <\/a>\n        <\/div>\n    <\/div>\n    <div class=\"row\">\n        <div class=\"column\" style=\"margin-right: 5px; margin-left: 5px\">\n            <a href=\"\/?page_id=64\">\n                <video muted=\"\" playsinline=\"\" onmouseover=\"this.play()\" onmouseout=\"this.pause();this.currentTime=0;\" poster=\"\/wp-content\/uploads\/2022\/10\/milonga.jpg\">\n                    <source src=\"\/wp-content\/uploads\/2022\/10\/milonga.m4v\" type=\"video\/mp4\">\n                <\/video>\n            <\/a>\n        <\/div>\n        <!--<div class=\"column\" style=\"margin-right: 5px;\">\n            <a href=\"\/?page_id=62\">\n                <video muted=\"\" playsinline=\"\" onmouseover=\"this.play()\" onmouseout=\"this.pause();this.currentTime=0;\" poster=\"\/wp-content\/uploads\/2022\/10\/queer.jpg\">\n                    <source src=\"\/wp-content\/uploads\/2022\/10\/queer.m4v\" type=\"video\/mp4\">\n                <\/video>\n            <\/a>\n        <\/div>-->\n        <div class=\"column\" style=\"margin-right: 0px;\">\n            <a href=\"\/?page_id=68\">\n                <video muted=\"\" playsinline=\"\" onmouseover=\"this.play()\" onmouseout=\"this.pause();this.currentTime=0;\" poster=\"\/wp-content\/uploads\/2022\/10\/nuevo.jpg\">\n                    <source src=\"\/wp-content\/uploads\/2022\/10\/nuevo.m4v\" type=\"video\/mp4\">\n                <\/video>\n            <\/a>\n        <\/div>\n    <\/div>\n<\/div>\n\n\n\n<p>Notre association vous propose un programme tr\u00e8s diversifi\u00e9 afin de donner la possibilit\u00e9 \u00e0 chacun de r\u00e9pondre \u00e0 son d\u00e9sir de progression. Permettre aux novices \u00abd\u2019entrer dans la danse\u00bb et aux danseurs confirm\u00e9s de venir enrichir leur pratique.<\/p>\n\n\n\n<p>Vous pouvez nous contacter par mail ou par t\u00e9l\u00e9phone pour vous inscrire au(x) cours qui vous convien(nen)t, ou alors venir directement nous rencontrer. Nous serons \u00e0 votre disposition pour vous guider si vous h\u00e9sitez entre diff\u00e9rents niveaux.<\/p>\n\n\n\n<p><strong>Le premier cours est gratuit et sans engagement, il nous permettra d\u2019\u00e9changer sur vos besoins et vos attentes.<\/strong><br>Vous serez accompagn\u00e9s par diff\u00e9rents artistes intervenants, presque tous intermittents du spectacle, qui d\u00e9dient leurs vies \u00e0 leur passion :<\/p>\n\n\n\n<div class=\"wp-block-columns is-layout-flex wp-container-core-columns-is-layout-9d6595d7 wp-block-columns-is-layout-flex\">\n<div class=\"wp-block-column is-layout-flow wp-block-column-is-layout-flow\">\n<ul class=\"wp-block-list\">\n<li><a href=\"http:\/\/www.studiotangoargentino.com\/?page_id=296\">Fabrizio Chiodetti<\/a><\/li>\n\n\n\n<li><a href=\"\/?page_id=357\">Marie GOURION<\/a><\/li>\n\n\n\n<li><a href=\"http:\/\/www.studiotangoargentino.com\/?page_id=298\">Carmela Acuyo<\/a><\/li>\n<\/ul>\n<\/div>\n\n\n\n<div class=\"wp-block-column is-layout-flow wp-block-column-is-layout-flow\">\n<ul class=\"wp-block-list\">\n<li><a href=\"http:\/\/www.studiotangoargentino.com\/?page_id=302\">Corinne Chevalier<\/a><\/li>\n\n\n\n<li><a href=\"http:\/\/www.studiotangoargentino.com\/?page_id=304\">Th\u00e9ophile Sibelle<\/a><\/li>\n\n\n\n<li><a href=\"http:\/\/www.studiotangoargentino.com\/?page_id=306\">Emilie Gomez<\/a><\/li>\n<\/ul>\n<\/div>\n\n\n\n<div class=\"wp-block-column is-layout-flow wp-block-column-is-layout-flow\">\n<ul class=\"wp-block-list\">\n<li>Isabella Wisienka<\/li>\n\n\n\n<li>Jerome Bibet<\/li>\n\n\n\n<li><a href=\"https:\/\/www.studiotangoargentino.com\/?page_id=3668\">Florencia Marioni<\/a><\/li>\n<\/ul>\n<\/div>\n\n\n\n<div class=\"wp-block-column is-layout-flow wp-block-column-is-layout-flow\">\n<ul class=\"wp-block-list\">\n<li><a href=\"https:\/\/www.studiotangoargentino.com\/?page_id=3680\">Valentina Ferrotti<\/a><\/li>\n<\/ul>\n<\/div>\n<\/div>\n\n\n\n<p><strong>Nous vous attendons avec enthousiasme !<\/strong><\/p>\n\n\n\n<p><\/p>\n","protected":false},"excerpt":{"rendered":"<p>Notre association vous propose un programme tr\u00e8s diversifi\u00e9 afin de donner la possibilit\u00e9 \u00e0 chacun de r\u00e9pondre \u00e0 son d\u00e9sir de progression. Permettre aux novices \u00abd\u2019entrer dans la danse\u00bb et aux danseurs confirm\u00e9s de venir enrichir leur pratique. Vous pouvez nous contacter par mail ou par t\u00e9l\u00e9phone pour vous inscrire au(x) cours qui vous convien(nen)t, [&hellip;]<\/p>\n","protected":false},"author":1,"featured_media":0,"parent":0,"menu_order":0,"comment_status":"closed","ping_status":"closed","template":"","meta":{"ocean_post_layout":"right-sidebar","ocean_both_sidebars_style":"","ocean_both_sidebars_content_width":0,"ocean_both_sidebars_sidebars_width":0,"ocean_sidebar":"0","ocean_second_sidebar":"0","ocean_disable_margins":"enable","ocean_add_body_class":"","ocean_shortcode_before_top_bar":"","ocean_shortcode_after_top_bar":"","ocean_shortcode_before_header":"","ocean_shortcode_after_header":"","ocean_has_shortcode":"","ocean_shortcode_after_title":"","ocean_shortcode_before_footer_widgets":"","ocean_shortcode_after_footer_widgets":"","ocean_shortcode_before_footer_bottom":"","ocean_shortcode_after_footer_bottom":"","ocean_display_top_bar":"default","ocean_display_header":"default","ocean_header_style":"","ocean_center_header_left_menu":"0","ocean_custom_header_template":"0","ocean_custom_logo":0,"ocean_custom_retina_logo":0,"ocean_custom_logo_max_width":0,"ocean_custom_logo_tablet_max_width":0,"ocean_custom_logo_mobile_max_width":0,"ocean_custom_logo_max_height":0,"ocean_custom_logo_tablet_max_height":0,"ocean_custom_logo_mobile_max_height":0,"ocean_header_custom_menu":"0","ocean_menu_typo_font_family":"0","ocean_menu_typo_font_subset":"","ocean_menu_typo_font_size":0,"ocean_menu_typo_font_size_tablet":0,"ocean_menu_typo_font_size_mobile":0,"ocean_menu_typo_font_size_unit":"px","ocean_menu_typo_font_weight":"","ocean_menu_typo_font_weight_tablet":"","ocean_menu_typo_font_weight_mobile":"","ocean_menu_typo_transform":"","ocean_menu_typo_transform_tablet":"","ocean_menu_typo_transform_mobile":"","ocean_menu_typo_line_height":0,"ocean_menu_typo_line_height_tablet":0,"ocean_menu_typo_line_height_mobile":0,"ocean_menu_typo_line_height_unit":"","ocean_menu_typo_spacing":0,"ocean_menu_typo_spacing_tablet":0,"ocean_menu_typo_spacing_mobile":0,"ocean_menu_typo_spacing_unit":"","ocean_menu_link_color":"","ocean_menu_link_color_hover":"","ocean_menu_link_color_active":"","ocean_menu_link_background":"","ocean_menu_link_hover_background":"","ocean_menu_link_active_background":"","ocean_menu_social_links_bg":"","ocean_menu_social_hover_links_bg":"","ocean_menu_social_links_color":"","ocean_menu_social_hover_links_color":"","ocean_disable_title":"default","ocean_disable_heading":"default","ocean_post_title":"","ocean_post_subheading":"","ocean_post_title_style":"","ocean_post_title_background_color":"","ocean_post_title_background":0,"ocean_post_title_bg_image_position":"","ocean_post_title_bg_image_attachment":"","ocean_post_title_bg_image_repeat":"","ocean_post_title_bg_image_size":"","ocean_post_title_height":0,"ocean_post_title_bg_overlay":0.5,"ocean_post_title_bg_overlay_color":"","ocean_disable_breadcrumbs":"off","ocean_breadcrumbs_color":"","ocean_breadcrumbs_separator_color":"","ocean_breadcrumbs_links_color":"","ocean_breadcrumbs_links_hover_color":"","ocean_display_footer_widgets":"default","ocean_display_footer_bottom":"default","ocean_custom_footer_template":"0","_mc_calendar":[],"footnotes":""},"class_list":["post-801","page","type-page","status-publish","hentry","entry"],"_links":{"self":[{"href":"https:\/\/www.studiotangoargentino.com\/index.php?rest_route=\/wp\/v2\/pages\/801","targetHints":{"allow":["GET"]}}],"collection":[{"href":"https:\/\/www.studiotangoargentino.com\/index.php?rest_route=\/wp\/v2\/pages"}],"about":[{"href":"https:\/\/www.studiotangoargentino.com\/index.php?rest_route=\/wp\/v2\/types\/page"}],"author":[{"embeddable":true,"href":"https:\/\/www.studiotangoargentino.com\/index.php?rest_route=\/wp\/v2\/users\/1"}],"replies":[{"embeddable":true,"href":"https:\/\/www.studiotangoargentino.com\/index.php?rest_route=%2Fwp%2Fv2%2Fcomments&post=801"}],"version-history":[{"count":17,"href":"https:\/\/www.studiotangoargentino.com\/index.php?rest_route=\/wp\/v2\/pages\/801\/revisions"}],"predecessor-version":[{"id":4186,"href":"https:\/\/www.studiotangoargentino.com\/index.php?rest_route=\/wp\/v2\/pages\/801\/revisions\/4186"}],"wp:attachment":[{"href":"https:\/\/www.studiotangoargentino.com\/index.php?rest_route=%2Fwp%2Fv2%2Fmedia&parent=801"}],"curies":[{"name":"wp","href":"https:\/\/api.w.org\/{rel}","templated":true}]}}