{"id":58,"date":"2022-07-27T17:40:09","date_gmt":"2022-07-27T15:40:09","guid":{"rendered":"http:\/\/www.studiotangoargentino.com\/?page_id=58"},"modified":"2025-07-07T21:06:05","modified_gmt":"2025-07-07T19:06:05","slug":"intermediaire-2-ans-de-pratique","status":"publish","type":"page","link":"https:\/\/www.studiotangoargentino.com\/?page_id=58","title":{"rendered":"Niveau Interm\u00e9diaire 1"},"content":{"rendered":"\n<p>Si tu as d\u00e9j\u00e0 fait une premi\u00e8re ann\u00e9e de Tango ces cours prennent la suite \u00e0 partir de la deuxi\u00e8me ann\u00e9e d\u2019apprentissage et sont ouverts \u00e0 celles et ceux qui souhaitent approfondir la technique du Tango. Avec un programme tr\u00e8s riche et diversifi\u00e9 c\u2019est une ann\u00e9e \u2018cl\u00e9\u2019 dans le parcours du futur Tanguer@.<br>Nous vous apprendrons \u00e0&nbsp;:<\/p>\n\n\n\n<ul class=\"wp-block-list\">\n<li>consolider vos acquis : posture, connexion, \u00e9quilibre, figures de base, qualit\u00e9 des mouvements.<\/li>\n\n\n\n<li>am\u00e9liorer votre technique de tango par l\u2019apprentissage de nouveaux mouvements qui vont enrichir votre vocabulaire.<\/li>\n\n\n\n<li>\u00eatre dans le plaisir et faire vivre votre danse dans l\u2019espace du bal (codes du bal, gestion de l\u2019espace, relation \u00e0 la musique)<\/li>\n<\/ul>\n\n\n\n<p><strong>Horaires<\/strong>&nbsp;: <\/p>\n\n\n\n<figure class=\"wp-block-table is-style-stripes\">\n    <table>\n       <tbody>\n          <tr>\n            <td>Lundi<\/td>\n            <td>\n                <strong>19h00<\/strong>\n                <br>\n                <a\n                    href=\"https:\/\/www.google.com\/maps\/dir\/\/37+Rue+Bossuet,+69006+Lyon\/@45.767859,4.7798954,33740m\/data=!3m2!1e3!4b1!4m9!4m8!1m0!1m5!1m1!1s0x47f4eaf49e7582a1:0xc6cc5db3bebba597!2m2!1d4.8499352!2d45.7678804!3e1?hl=fr\">\n                    Centre associatif de la Mairie du 6\u00e9me, 37 Rue Bossuet, 69006 Lyon\n                <\/a>                             \n            <\/td>\n            <td>\n                <strong>20h30<\/strong>\n                <br>\n                <a href=\"https:\/\/www.google.com\/maps\/dir\/45.7748843,4.7991912\/25+Rue+du+Doyenn%C3%A9,+69005+Lyon\/@45.7671505,4.8068686,4218m\/data=!3m2!1e3!4b1!4m10!4m9!1m1!4e1!1m5!1m1!1s0x47f4ebac60118c79:0xf80d760d89b2226b!2m2!1d4.8258386!2d45.758379!3e1?hl=fr\"><\/a><a href=\"https:\/\/www.google.com\/maps\/dir\/\/25+Rue+du+Doyenn%C3%A9,+69005+Lyon\/@45.7584335,4.7907335,16873m\/data=!3m2!1e3!4b1!4m9!4m8!1m0!1m5!1m1!1s0x47f4ebac60118c79:0xf80d760d89b2226b!2m2!1d4.8258386!2d45.758379!3e1?hl=fr\">Local S.T.A, 25 Rue du Doyenn\u00e9, 69005 Lyon<\/a>\n            <\/td>\n          <\/tr>\n          <tr>\n             <td>Mercredi<\/td>\n             <td><strong>19h15<\/strong>\n                <br>\n                <a href=\"https:\/\/www.google.com\/maps\/dir\/45.7748843,4.7991912\/25+Rue+du+Doyenn%C3%A9,+69005+Lyon\/@45.7671505,4.8068686,4218m\/data=!3m2!1e3!4b1!4m10!4m9!1m1!4e1!1m5!1m1!1s0x47f4ebac60118c79:0xf80d760d89b2226b!2m2!1d4.8258386!2d45.758379!3e1?hl=fr\"><\/a><a href=\"https:\/\/www.google.com\/maps\/dir\/\/25+Rue+du+Doyenn%C3%A9,+69005+Lyon\/@45.7584335,4.7907335,16873m\/data=!3m2!1e3!4b1!4m9!4m8!1m0!1m5!1m1!1s0x47f4ebac60118c79:0xf80d760d89b2226b!2m2!1d4.8258386!2d45.758379!3e1?hl=fr\">Local S.T.A, 25 Rue du Doyenn\u00e9, 69005 Lyon<\/a><\/td>\n             <td><\/td>\n          <\/tr>\n<!--\n          <tr>\n             <td>Jeudis<\/td>\n             <td><strong>18h15 (Niv 1 et 2)<\/strong>\n                <br>  \n                <a href=\"https:\/\/www.google.com\/maps\/dir\/\/25+Rue+du+Doyenn%C3%A9,+69005+Lyon\/@45.7584335,4.7907335,16873m\/data=!3m2!1e3!4b1!4m9!4m8!1m0!1m5!1m1!1s0x47f4ebac60118c79:0xf80d760d89b2226b!2m2!1d4.8258386!2d45.758379!3e1?hl=fr\">Local S.T.A, 25 Rue du Doyenn\u00e9, 69005 Lyon<\/a>\n             <\/td>\n             <td><\/td>\n          <\/tr>\n-->\n       <\/tbody>\n    <\/table>\n <\/figure>\n","protected":false},"excerpt":{"rendered":"<p>Si tu as d\u00e9j\u00e0 fait une premi\u00e8re ann\u00e9e de Tango ces cours prennent la suite \u00e0 partir de la deuxi\u00e8me ann\u00e9e d\u2019apprentissage et sont ouverts \u00e0 celles et ceux qui souhaitent approfondir la technique du Tango. Avec un programme tr\u00e8s riche et diversifi\u00e9 c\u2019est une ann\u00e9e \u2018cl\u00e9\u2019 dans le parcours du futur Tanguer@.Nous vous apprendrons [&hellip;]<\/p>\n","protected":false},"author":1,"featured_media":0,"parent":0,"menu_order":0,"comment_status":"closed","ping_status":"closed","template":"","meta":{"ocean_post_layout":"","ocean_both_sidebars_style":"","ocean_both_sidebars_content_width":0,"ocean_both_sidebars_sidebars_width":0,"ocean_sidebar":"0","ocean_second_sidebar":"0","ocean_disable_margins":"enable","ocean_add_body_class":"","ocean_shortcode_before_top_bar":"","ocean_shortcode_after_top_bar":"","ocean_shortcode_before_header":"","ocean_shortcode_after_header":"","ocean_has_shortcode":"","ocean_shortcode_after_title":"","ocean_shortcode_before_footer_widgets":"","ocean_shortcode_after_footer_widgets":"","ocean_shortcode_before_footer_bottom":"","ocean_shortcode_after_footer_bottom":"","ocean_display_top_bar":"default","ocean_display_header":"default","ocean_header_style":"","ocean_center_header_left_menu":"0","ocean_custom_header_template":"0","ocean_custom_logo":0,"ocean_custom_retina_logo":0,"ocean_custom_logo_max_width":0,"ocean_custom_logo_tablet_max_width":0,"ocean_custom_logo_mobile_max_width":0,"ocean_custom_logo_max_height":0,"ocean_custom_logo_tablet_max_height":0,"ocean_custom_logo_mobile_max_height":0,"ocean_header_custom_menu":"0","ocean_menu_typo_font_family":"0","ocean_menu_typo_font_subset":"","ocean_menu_typo_font_size":0,"ocean_menu_typo_font_size_tablet":0,"ocean_menu_typo_font_size_mobile":0,"ocean_menu_typo_font_size_unit":"px","ocean_menu_typo_font_weight":"","ocean_menu_typo_font_weight_tablet":"","ocean_menu_typo_font_weight_mobile":"","ocean_menu_typo_transform":"","ocean_menu_typo_transform_tablet":"","ocean_menu_typo_transform_mobile":"","ocean_menu_typo_line_height":0,"ocean_menu_typo_line_height_tablet":0,"ocean_menu_typo_line_height_mobile":0,"ocean_menu_typo_line_height_unit":"","ocean_menu_typo_spacing":0,"ocean_menu_typo_spacing_tablet":0,"ocean_menu_typo_spacing_mobile":0,"ocean_menu_typo_spacing_unit":"","ocean_menu_link_color":"","ocean_menu_link_color_hover":"","ocean_menu_link_color_active":"","ocean_menu_link_background":"","ocean_menu_link_hover_background":"","ocean_menu_link_active_background":"","ocean_menu_social_links_bg":"","ocean_menu_social_hover_links_bg":"","ocean_menu_social_links_color":"","ocean_menu_social_hover_links_color":"","ocean_disable_title":"default","ocean_disable_heading":"default","ocean_post_title":"Niveau Interm\u00e9diaire 1","ocean_post_subheading":"","ocean_post_title_style":"","ocean_post_title_background_color":"","ocean_post_title_background":0,"ocean_post_title_bg_image_position":"","ocean_post_title_bg_image_attachment":"","ocean_post_title_bg_image_repeat":"","ocean_post_title_bg_image_size":"","ocean_post_title_height":0,"ocean_post_title_bg_overlay":0.5,"ocean_post_title_bg_overlay_color":"","ocean_disable_breadcrumbs":"default","ocean_breadcrumbs_color":"","ocean_breadcrumbs_separator_color":"","ocean_breadcrumbs_links_color":"","ocean_breadcrumbs_links_hover_color":"","ocean_display_footer_widgets":"default","ocean_display_footer_bottom":"default","ocean_custom_footer_template":"0","_mc_calendar":[],"footnotes":""},"class_list":["post-58","page","type-page","status-publish","hentry","entry"],"_links":{"self":[{"href":"https:\/\/www.studiotangoargentino.com\/index.php?rest_route=\/wp\/v2\/pages\/58","targetHints":{"allow":["GET"]}}],"collection":[{"href":"https:\/\/www.studiotangoargentino.com\/index.php?rest_route=\/wp\/v2\/pages"}],"about":[{"href":"https:\/\/www.studiotangoargentino.com\/index.php?rest_route=\/wp\/v2\/types\/page"}],"author":[{"embeddable":true,"href":"https:\/\/www.studiotangoargentino.com\/index.php?rest_route=\/wp\/v2\/users\/1"}],"replies":[{"embeddable":true,"href":"https:\/\/www.studiotangoargentino.com\/index.php?rest_route=%2Fwp%2Fv2%2Fcomments&post=58"}],"version-history":[{"count":16,"href":"https:\/\/www.studiotangoargentino.com\/index.php?rest_route=\/wp\/v2\/pages\/58\/revisions"}],"predecessor-version":[{"id":4119,"href":"https:\/\/www.studiotangoargentino.com\/index.php?rest_route=\/wp\/v2\/pages\/58\/revisions\/4119"}],"wp:attachment":[{"href":"https:\/\/www.studiotangoargentino.com\/index.php?rest_route=%2Fwp%2Fv2%2Fmedia&parent=58"}],"curies":[{"name":"wp","href":"https:\/\/api.w.org\/{rel}","templated":true}]}}