{"id":464,"date":"2022-10-04T00:34:32","date_gmt":"2022-10-03T22:34:32","guid":{"rendered":"http:\/\/www.studiotangoargentino.com\/?page_id=464"},"modified":"2024-07-05T17:47:17","modified_gmt":"2024-07-05T15:47:17","slug":"home-menu","status":"publish","type":"page","link":"https:\/\/www.studiotangoargentino.com\/","title":{"rendered":""},"content":{"rendered":"\n<meta name='description' content=\"homepage\" \/>\n<meta name='keywords' content=\"cours,stage,milonga\" \/>\n\n\n\n<div class=\"alignnormal\"><div id=\"metaslider-id-1495\" style=\"width: 100%;\" class=\"ml-slider-3-109-0 metaslider metaslider-nivo metaslider-1495 ml-slider has-dots-nav ms-theme-default\" role=\"region\" aria-label=\"Diaporama de la home page\" data-height=\"400\" data-width=\"1000\">\n    <div id=\"metaslider_container_1495\">\n        <div class='slider-wrapper theme-default'><div class='ribbon'><\/div><div id='metaslider_1495' class='nivoSlider'><a href=\"\/?p=4773\" target=\"_self\"><img fetchpriority=\"high\" decoding=\"async\" src=\"https:\/\/www.studiotangoargentino.com\/wp-content\/uploads\/2026\/04\/20260430.jpg\" height=\"400\" width=\"1000\" title=\"20260430\" alt=\"\" class=\"slider-1495 slide-4776 msDefaultImage\" \/><\/a><a href=\"\/?p=4777\" target=\"_self\"><img decoding=\"async\" src=\"https:\/\/www.studiotangoargentino.com\/wp-content\/uploads\/2026\/04\/20260619.jpg\" height=\"400\" width=\"1000\" title=\"20260619\" alt=\"\" class=\"slider-1495 slide-4780 msDefaultImage\" \/><\/a><a href=\"\/?p=4451\" target=\"_self\"><img decoding=\"async\" src=\"https:\/\/www.studiotangoargentino.com\/wp-content\/uploads\/2025\/12\/Affichette-Lavagna-2026-1000x400.jpg\" height=\"400\" width=\"1000\" title=\"Affichette Lavagna 2026\" alt=\"\" class=\"slider-1495 slide-4454 msDefaultImage\" \/><\/a><a href=\"\/?p=4503\" target=\"_self\"><img loading=\"lazy\" decoding=\"async\" src=\"https:\/\/www.studiotangoargentino.com\/wp-content\/uploads\/2026\/01\/Affichette-3-Corse-corrige1000x400.jpg\" height=\"400\" width=\"1000\" title=\"Affichette 3 Corse corrig\u00e91000x400\" alt=\"\" class=\"slider-1495 slide-4513 msDefaultImage\" \/><\/a><a href=\"\/?p=4463\" target=\"_self\"><img loading=\"lazy\" decoding=\"async\" src=\"https:\/\/www.studiotangoargentino.com\/wp-content\/uploads\/2025\/12\/20260801.jpg\" height=\"400\" width=\"1000\" title=\"20260801\" alt=\"\" class=\"slider-1495 slide-4542 msDefaultImage\" \/><\/a><\/div><\/div>\n        \n    <\/div>\n<\/div><\/div>\n\n\n\n<div class=\"buttonContainer\">\n<div class=\"row\">\n  <div class=\"column\" style=\"margin-right: 15px;\">\n    <a href=\"\/?page_id=801\">\n<video muted=\"\" playsinline=\"\" onmouseover=\"this.play()\" onmouseout=\"this.pause();this.currentTime=0;\" poster=\"\/wp-content\/uploads\/2022\/10\/home1.jpg\">\n<source src=\"\/wp-content\/uploads\/2022\/10\/home1.mp4\" type=\"video\/mp4\">\n<\/video>\n<\/a>\n  <\/div>\n  <div class=\"column\" style=\"margin-right: 15px;\">\n    <a href=\"\/?page_id=342\">\n<video muted=\"\" playsinline=\"\" onmouseover=\"this.play()\" onmouseout=\"this.pause();this.currentTime=0;\" poster=\"\/wp-content\/uploads\/2022\/10\/home2.jpg\">\n<source src=\"\/wp-content\/uploads\/2022\/10\/home2.mp4\" type=\"video\/mp4\">\n<\/video>\n<\/a>\n  <\/div>\n  <div class=\"column\">\n    <a href=\"\/?page_id=879\">\n<video muted=\"\" playsinline=\"\" onmouseover=\"this.play()\" onmouseout=\"this.pause();this.currentTime=0;\" poster=\"\/wp-content\/uploads\/2022\/10\/home3.jpg\">\n<source src=\"\/wp-content\/uploads\/2022\/10\/home3.m4v\" type=\"video\/mp4\">\n<\/video>\n<\/a>\n  <\/div>\n<\/div>\n<\/div>\n\n\n\n<h2 class=\"wp-block-heading\">Pourquoi choisir d\u2019apprendre le Tango avec nous<\/h2>\n\n\n\n<ul class=\"wp-block-list\">\n<li>Parce que notre association propose une offre de cours tr\u00e8s vari\u00e9s en termes d\u2019horaires et de styles, et que vous avez aussi des soir\u00e9es et des milongas pour rencontrer des gens, am\u00e9liorer vos comp\u00e9tences et partager des choses avec d\u2019autres danseurs d\u00e9butants ou plus avanc\u00e9s.<\/li>\n\n\n\n<li>Parce qu\u2019on s\u2019occupe de tous.tes nos \u00e9tudiant.es, quel que soit leur \u00e2ge, exp\u00e9rience, talents ou capacit\u00e9s.<\/li>\n\n\n\n<li>Parce que chez nous le nombre des \u00e9l\u00e8ves par professeur est limit\u00e9 afin de vous proposer les meilleures conditions pour apprendre.<\/li>\n\n\n\n<li>Parce que nous sommes un groupe de danseurs professionnels et professeurs avec des chemins professionnels et exp\u00e9riences tr\u00e8s diff\u00e9rentes, ce que vous permet de d\u00e9couvrir des diverses approches, id\u00e9es et inspirations autour de tango et d\u2019autres danses.<\/li>\n\n\n\n<li>Parce que nous sommes flexibles : vous pouvez choisir le jour et l\u2019endroit qui vous conviennent le mieux et m\u00eame aller \u00e0 un groupe diff\u00e9rent chaque semaine. Vous pouvez choisir entre 7 cours d\u00e9butants et 7 cours d\u2019autres niveaux ou th\u00e9matiques.<\/li>\n\n\n\n<li>Parce que nous avons des prix justes et des possibilit\u00e9s diverses d\u2019abonnement, des tarifs r\u00e9duits pour les jeunes ou les chaumeur.es<\/li>\n\n\n\n<li>Parce qu\u2019on aime le tango, on aime danser et on veut tellement partager cet amour avec vous !<\/li>\n\n\n\n<li>Parce qu\u2019on croit profond\u00e9ment que le Tango n\u2019est pas juste une danse et on est conscient de ce qu\u2019il peut apporter d\u2019extraordinaire dans votre vie.<\/li>\n<\/ul>\n","protected":false},"excerpt":{"rendered":"<p>Pourquoi choisir d\u2019apprendre le Tango avec nous<\/p>\n","protected":false},"author":1,"featured_media":605,"parent":0,"menu_order":0,"comment_status":"closed","ping_status":"closed","template":"","meta":{"ocean_post_layout":"full-width","ocean_both_sidebars_style":"","ocean_both_sidebars_content_width":0,"ocean_both_sidebars_sidebars_width":0,"ocean_sidebar":"0","ocean_second_sidebar":"0","ocean_disable_margins":"enable","ocean_add_body_class":"","ocean_shortcode_before_top_bar":"","ocean_shortcode_after_top_bar":"","ocean_shortcode_before_header":"","ocean_shortcode_after_header":"","ocean_has_shortcode":"","ocean_shortcode_after_title":"","ocean_shortcode_before_footer_widgets":"","ocean_shortcode_after_footer_widgets":"","ocean_shortcode_before_footer_bottom":"","ocean_shortcode_after_footer_bottom":"","ocean_display_top_bar":"off","ocean_display_header":"default","ocean_header_style":"","ocean_center_header_left_menu":"0","ocean_custom_header_template":"0","ocean_custom_logo":0,"ocean_custom_retina_logo":0,"ocean_custom_logo_max_width":0,"ocean_custom_logo_tablet_max_width":0,"ocean_custom_logo_mobile_max_width":0,"ocean_custom_logo_max_height":0,"ocean_custom_logo_tablet_max_height":0,"ocean_custom_logo_mobile_max_height":0,"ocean_header_custom_menu":"0","ocean_menu_typo_font_family":"0","ocean_menu_typo_font_subset":"","ocean_menu_typo_font_size":0,"ocean_menu_typo_font_size_tablet":0,"ocean_menu_typo_font_size_mobile":0,"ocean_menu_typo_font_size_unit":"px","ocean_menu_typo_font_weight":"","ocean_menu_typo_font_weight_tablet":"","ocean_menu_typo_font_weight_mobile":"","ocean_menu_typo_transform":"","ocean_menu_typo_transform_tablet":"","ocean_menu_typo_transform_mobile":"","ocean_menu_typo_line_height":0,"ocean_menu_typo_line_height_tablet":0,"ocean_menu_typo_line_height_mobile":0,"ocean_menu_typo_line_height_unit":"","ocean_menu_typo_spacing":0,"ocean_menu_typo_spacing_tablet":0,"ocean_menu_typo_spacing_mobile":0,"ocean_menu_typo_spacing_unit":"","ocean_menu_link_color":"","ocean_menu_link_color_hover":"","ocean_menu_link_color_active":"","ocean_menu_link_background":"","ocean_menu_link_hover_background":"","ocean_menu_link_active_background":"","ocean_menu_social_links_bg":"","ocean_menu_social_hover_links_bg":"","ocean_menu_social_links_color":"","ocean_menu_social_hover_links_color":"","ocean_disable_title":"enable","ocean_disable_heading":"default","ocean_post_title":"","ocean_post_subheading":"D\u00e9couvrez le tango argentin \u00e0 Lyon ! Notre association propose de nombreux cours, stages et milongas tout au long de l'ann\u00e9e.","ocean_post_title_style":"","ocean_post_title_background_color":"","ocean_post_title_background":0,"ocean_post_title_bg_image_position":"","ocean_post_title_bg_image_attachment":"","ocean_post_title_bg_image_repeat":"","ocean_post_title_bg_image_size":"","ocean_post_title_height":0,"ocean_post_title_bg_overlay":0.5,"ocean_post_title_bg_overlay_color":"","ocean_disable_breadcrumbs":"default","ocean_breadcrumbs_color":"","ocean_breadcrumbs_separator_color":"","ocean_breadcrumbs_links_color":"","ocean_breadcrumbs_links_hover_color":"","ocean_display_footer_widgets":"on","ocean_display_footer_bottom":"on","ocean_custom_footer_template":"0","_mc_calendar":[],"footnotes":""},"class_list":["post-464","page","type-page","status-publish","has-post-thumbnail","hentry","entry","has-media"],"_links":{"self":[{"href":"https:\/\/www.studiotangoargentino.com\/index.php?rest_route=\/wp\/v2\/pages\/464","targetHints":{"allow":["GET"]}}],"collection":[{"href":"https:\/\/www.studiotangoargentino.com\/index.php?rest_route=\/wp\/v2\/pages"}],"about":[{"href":"https:\/\/www.studiotangoargentino.com\/index.php?rest_route=\/wp\/v2\/types\/page"}],"author":[{"embeddable":true,"href":"https:\/\/www.studiotangoargentino.com\/index.php?rest_route=\/wp\/v2\/users\/1"}],"replies":[{"embeddable":true,"href":"https:\/\/www.studiotangoargentino.com\/index.php?rest_route=%2Fwp%2Fv2%2Fcomments&post=464"}],"version-history":[{"count":40,"href":"https:\/\/www.studiotangoargentino.com\/index.php?rest_route=\/wp\/v2\/pages\/464\/revisions"}],"predecessor-version":[{"id":3210,"href":"https:\/\/www.studiotangoargentino.com\/index.php?rest_route=\/wp\/v2\/pages\/464\/revisions\/3210"}],"wp:featuredmedia":[{"embeddable":true,"href":"https:\/\/www.studiotangoargentino.com\/index.php?rest_route=\/wp\/v2\/media\/605"}],"wp:attachment":[{"href":"https:\/\/www.studiotangoargentino.com\/index.php?rest_route=%2Fwp%2Fv2%2Fmedia&parent=464"}],"curies":[{"name":"wp","href":"https:\/\/api.w.org\/{rel}","templated":true}]}}