{"id":3680,"date":"2024-12-11T13:01:23","date_gmt":"2024-12-11T12:01:23","guid":{"rendered":"https:\/\/www.studiotangoargentino.com\/?page_id=3680"},"modified":"2024-12-11T13:51:12","modified_gmt":"2024-12-11T12:51:12","slug":"valentina-ferrotti","status":"publish","type":"page","link":"https:\/\/www.studiotangoargentino.com\/?page_id=3680","title":{"rendered":"Valentina Ferrotti"},"content":{"rendered":"\n<figure class=\"wp-block-gallery has-nested-images columns-default is-cropped wp-block-gallery-1 is-layout-flex wp-block-gallery-is-layout-flex\">\n<figure class=\"wp-block-image size-large\"><img fetchpriority=\"high\" decoding=\"async\" width=\"680\" height=\"1024\" data-id=\"3708\" src=\"https:\/\/www.studiotangoargentino.com\/wp-content\/uploads\/2024\/12\/IMG-20241211-WA0016-680x1024.jpg\" alt=\"\" class=\"wp-image-3708\" srcset=\"https:\/\/www.studiotangoargentino.com\/wp-content\/uploads\/2024\/12\/IMG-20241211-WA0016-680x1024.jpg 680w, https:\/\/www.studiotangoargentino.com\/wp-content\/uploads\/2024\/12\/IMG-20241211-WA0016-199x300.jpg 199w, https:\/\/www.studiotangoargentino.com\/wp-content\/uploads\/2024\/12\/IMG-20241211-WA0016-768x1157.jpg 768w, https:\/\/www.studiotangoargentino.com\/wp-content\/uploads\/2024\/12\/IMG-20241211-WA0016.jpg 850w\" sizes=\"(max-width: 680px) 100vw, 680px\" \/><\/figure>\n\n\n\n<figure class=\"wp-block-image size-large\"><img decoding=\"async\" width=\"1024\" height=\"576\" data-id=\"3702\" src=\"https:\/\/www.studiotangoargentino.com\/wp-content\/uploads\/2024\/12\/IMG-20241211-WA0021-1024x576.jpg\" alt=\"\" class=\"wp-image-3702\" srcset=\"https:\/\/www.studiotangoargentino.com\/wp-content\/uploads\/2024\/12\/IMG-20241211-WA0021-1024x576.jpg 1024w, https:\/\/www.studiotangoargentino.com\/wp-content\/uploads\/2024\/12\/IMG-20241211-WA0021-300x169.jpg 300w, https:\/\/www.studiotangoargentino.com\/wp-content\/uploads\/2024\/12\/IMG-20241211-WA0021-768x432.jpg 768w, https:\/\/www.studiotangoargentino.com\/wp-content\/uploads\/2024\/12\/IMG-20241211-WA0021-800x450.jpg 800w, https:\/\/www.studiotangoargentino.com\/wp-content\/uploads\/2024\/12\/IMG-20241211-WA0021.jpg 1280w\" sizes=\"(max-width: 1024px) 100vw, 1024px\" \/><\/figure>\n\n\n\n<figure class=\"wp-block-image size-large\"><img decoding=\"async\" width=\"682\" height=\"1024\" data-id=\"3706\" src=\"https:\/\/www.studiotangoargentino.com\/wp-content\/uploads\/2024\/12\/IMG-20241211-WA0020-682x1024.jpg\" alt=\"\" class=\"wp-image-3706\" srcset=\"https:\/\/www.studiotangoargentino.com\/wp-content\/uploads\/2024\/12\/IMG-20241211-WA0020-682x1024.jpg 682w, https:\/\/www.studiotangoargentino.com\/wp-content\/uploads\/2024\/12\/IMG-20241211-WA0020-200x300.jpg 200w, https:\/\/www.studiotangoargentino.com\/wp-content\/uploads\/2024\/12\/IMG-20241211-WA0020-768x1152.jpg 768w, https:\/\/www.studiotangoargentino.com\/wp-content\/uploads\/2024\/12\/IMG-20241211-WA0020.jpg 853w\" sizes=\"(max-width: 682px) 100vw, 682px\" \/><\/figure>\n\n\n\n<figure class=\"wp-block-image size-large\"><img loading=\"lazy\" decoding=\"async\" width=\"552\" height=\"690\" data-id=\"3705\" src=\"https:\/\/www.studiotangoargentino.com\/wp-content\/uploads\/2024\/12\/IMG-20241211-WA0018.jpg\" alt=\"\" class=\"wp-image-3705\" srcset=\"https:\/\/www.studiotangoargentino.com\/wp-content\/uploads\/2024\/12\/IMG-20241211-WA0018.jpg 552w, https:\/\/www.studiotangoargentino.com\/wp-content\/uploads\/2024\/12\/IMG-20241211-WA0018-240x300.jpg 240w\" sizes=\"(max-width: 552px) 100vw, 552px\" \/><\/figure>\n\n\n\n<figure class=\"wp-block-image size-large\"><img loading=\"lazy\" decoding=\"async\" width=\"590\" height=\"590\" data-id=\"3703\" src=\"https:\/\/www.studiotangoargentino.com\/wp-content\/uploads\/2024\/12\/IMG-20241211-WA0019.jpg\" alt=\"\" class=\"wp-image-3703\" srcset=\"https:\/\/www.studiotangoargentino.com\/wp-content\/uploads\/2024\/12\/IMG-20241211-WA0019.jpg 590w, https:\/\/www.studiotangoargentino.com\/wp-content\/uploads\/2024\/12\/IMG-20241211-WA0019-300x300.jpg 300w, https:\/\/www.studiotangoargentino.com\/wp-content\/uploads\/2024\/12\/IMG-20241211-WA0019-150x150.jpg 150w\" sizes=\"(max-width: 590px) 100vw, 590px\" \/><\/figure>\n\n\n\n<figure class=\"wp-block-image size-large\"><img loading=\"lazy\" decoding=\"async\" width=\"1024\" height=\"1024\" data-id=\"3707\" src=\"https:\/\/www.studiotangoargentino.com\/wp-content\/uploads\/2024\/12\/IMG-20241119-WA0010-1024x1024.jpg\" alt=\"\" class=\"wp-image-3707\" srcset=\"https:\/\/www.studiotangoargentino.com\/wp-content\/uploads\/2024\/12\/IMG-20241119-WA0010-1024x1024.jpg 1024w, https:\/\/www.studiotangoargentino.com\/wp-content\/uploads\/2024\/12\/IMG-20241119-WA0010-300x300.jpg 300w, https:\/\/www.studiotangoargentino.com\/wp-content\/uploads\/2024\/12\/IMG-20241119-WA0010-150x150.jpg 150w, https:\/\/www.studiotangoargentino.com\/wp-content\/uploads\/2024\/12\/IMG-20241119-WA0010-768x768.jpg 768w, https:\/\/www.studiotangoargentino.com\/wp-content\/uploads\/2024\/12\/IMG-20241119-WA0010-1536x1536.jpg 1536w, https:\/\/www.studiotangoargentino.com\/wp-content\/uploads\/2024\/12\/IMG-20241119-WA0010-600x600.jpg 600w, https:\/\/www.studiotangoargentino.com\/wp-content\/uploads\/2024\/12\/IMG-20241119-WA0010.jpg 1600w\" sizes=\"(max-width: 1024px) 100vw, 1024px\" \/><\/figure>\n<\/figure>\n\n\n\n<p>Originaire de Milan, elle s\u2019installe \u00e0 Buenos Aires en 2014 o\u00f9 elle poursuit ses \u00e9tudes de tango et se forme aupr\u00e8s des grands Ma\u00eetres de cette danse.<br>Toujours dans la Capitale du Tango, elle a travaill\u00e9 comme danseuse et enseignant aux c\u00f4t\u00e9s de grands artistes et dans les lieux les plus embl\u00e9matiques de la ville, comme le Gran Caf\u00e8 Tortoni, San Telmo, El Querand\u00ec, entre autres.<br><br>Elle se produit en d\u00e9monstration dans les milongas les plus connues et prestigieuses de la Capitale et des provinces argentines, comme Salon Caning, Salon Marab\u00f9, Floral, etc.<br><br>Elle a dans\u00e9 dans la compagnie ind\u00e9pendante \u00abPuerto Tango \u00bb, qui se produit dans diff\u00e9rentes milongas et elle fait partie du spectacle de th\u00e9\u00e2tre dirig\u00e9 par Leonel DiCocco.<br>Elle fait partie de la compagnie \u00ab Lazos de Tango \u00bb dirig\u00e9e par Jonathan Spitel, avec lequel elle se produit dans des festivals, milongas et th\u00e9\u00e2tres en Argentine et Am\u00e9rique latine avec le spectacle \u00ab&nbsp;R\u00eaves&nbsp;\u00bb mise en sc\u00e8ne par Jonathan Spitel et Betsabet Flores et le spectacle \u00ab&nbsp;Ensue\u00f1os&nbsp;\u00bb qui a \u00e9t\u00e9 choisi pour \u00eatre pr\u00e9sent\u00e9 lors du Festival de Tango de la Coupe du Monde 2022 \u00e0 Buenos Aires.<br><br>Elle est actuellement en tourn\u00e9e et elle est invit\u00e9e \u00e0 se produire et enseigner \u00e0 Espagne, Italie, Jordanie, France, Grande-Bretagne, Turquie, etc.<br><br>Valentina a une formation au Tango-Salon et aussi en Style Escenario, travaillant dans les deux styles. De m\u00eame, son objectif est principalement en Tango-Salon et en improvisation, o\u00f9 elle d\u00e9veloppe un style frais et personnel tout en pr\u00e9servant la tradition et l\u2019essence du tango traditionnel.<\/p>\n\n\n\n<figure class=\"wp-block-embed is-type-video is-provider-youtube wp-block-embed-youtube wp-embed-aspect-16-9 wp-has-aspect-ratio\"><div class=\"wp-block-embed__wrapper\">\n<p class=\"responsive-video-wrap clr\"><iframe title=\"Emanuel Ledesma y Valentina Ferrotti- Oto\u00f1o en Buenos Aires\" width=\"1200\" height=\"675\" src=\"https:\/\/www.youtube.com\/embed\/ow-e9gNdUdY?feature=oembed\" frameborder=\"0\" allow=\"accelerometer; autoplay; clipboard-write; encrypted-media; gyroscope; picture-in-picture; web-share\" referrerpolicy=\"strict-origin-when-cross-origin\" allowfullscreen><\/iframe><\/p>\n<\/div><\/figure>\n\n\n\n<p><\/p>\n","protected":false},"excerpt":{"rendered":"<p>Originaire de Milan, elle s\u2019installe \u00e0 Buenos Aires en 2014 o\u00f9 elle poursuit ses \u00e9tudes de tango et se forme aupr\u00e8s des grands Ma\u00eetres de cette danse.Toujours dans la Capitale du Tango, elle a travaill\u00e9 comme danseuse et enseignant aux c\u00f4t\u00e9s de grands artistes et dans les lieux les plus embl\u00e9matiques de la ville, comme [&hellip;]<\/p>\n","protected":false},"author":2,"featured_media":0,"parent":0,"menu_order":0,"comment_status":"closed","ping_status":"closed","template":"","meta":{"ocean_post_layout":"","ocean_both_sidebars_style":"","ocean_both_sidebars_content_width":0,"ocean_both_sidebars_sidebars_width":0,"ocean_sidebar":"0","ocean_second_sidebar":"0","ocean_disable_margins":"enable","ocean_add_body_class":"","ocean_shortcode_before_top_bar":"","ocean_shortcode_after_top_bar":"","ocean_shortcode_before_header":"","ocean_shortcode_after_header":"","ocean_has_shortcode":"","ocean_shortcode_after_title":"","ocean_shortcode_before_footer_widgets":"","ocean_shortcode_after_footer_widgets":"","ocean_shortcode_before_footer_bottom":"","ocean_shortcode_after_footer_bottom":"","ocean_display_top_bar":"default","ocean_display_header":"default","ocean_header_style":"","ocean_center_header_left_menu":"0","ocean_custom_header_template":"0","ocean_custom_logo":0,"ocean_custom_retina_logo":0,"ocean_custom_logo_max_width":0,"ocean_custom_logo_tablet_max_width":0,"ocean_custom_logo_mobile_max_width":0,"ocean_custom_logo_max_height":0,"ocean_custom_logo_tablet_max_height":0,"ocean_custom_logo_mobile_max_height":0,"ocean_header_custom_menu":"0","ocean_menu_typo_font_family":"0","ocean_menu_typo_font_subset":"","ocean_menu_typo_font_size":0,"ocean_menu_typo_font_size_tablet":0,"ocean_menu_typo_font_size_mobile":0,"ocean_menu_typo_font_size_unit":"px","ocean_menu_typo_font_weight":"","ocean_menu_typo_font_weight_tablet":"","ocean_menu_typo_font_weight_mobile":"","ocean_menu_typo_transform":"","ocean_menu_typo_transform_tablet":"","ocean_menu_typo_transform_mobile":"","ocean_menu_typo_line_height":0,"ocean_menu_typo_line_height_tablet":0,"ocean_menu_typo_line_height_mobile":0,"ocean_menu_typo_line_height_unit":"","ocean_menu_typo_spacing":0,"ocean_menu_typo_spacing_tablet":0,"ocean_menu_typo_spacing_mobile":0,"ocean_menu_typo_spacing_unit":"","ocean_menu_link_color":"","ocean_menu_link_color_hover":"","ocean_menu_link_color_active":"","ocean_menu_link_background":"","ocean_menu_link_hover_background":"","ocean_menu_link_active_background":"","ocean_menu_social_links_bg":"","ocean_menu_social_hover_links_bg":"","ocean_menu_social_links_color":"","ocean_menu_social_hover_links_color":"","ocean_disable_title":"default","ocean_disable_heading":"default","ocean_post_title":"","ocean_post_subheading":"","ocean_post_title_style":"","ocean_post_title_background_color":"","ocean_post_title_background":0,"ocean_post_title_bg_image_position":"","ocean_post_title_bg_image_attachment":"","ocean_post_title_bg_image_repeat":"","ocean_post_title_bg_image_size":"","ocean_post_title_height":0,"ocean_post_title_bg_overlay":0.5,"ocean_post_title_bg_overlay_color":"","ocean_disable_breadcrumbs":"default","ocean_breadcrumbs_color":"","ocean_breadcrumbs_separator_color":"","ocean_breadcrumbs_links_color":"","ocean_breadcrumbs_links_hover_color":"","ocean_display_footer_widgets":"default","ocean_display_footer_bottom":"default","ocean_custom_footer_template":"0","_mc_calendar":[],"footnotes":""},"class_list":["post-3680","page","type-page","status-publish","hentry","entry"],"_links":{"self":[{"href":"https:\/\/www.studiotangoargentino.com\/index.php?rest_route=\/wp\/v2\/pages\/3680","targetHints":{"allow":["GET"]}}],"collection":[{"href":"https:\/\/www.studiotangoargentino.com\/index.php?rest_route=\/wp\/v2\/pages"}],"about":[{"href":"https:\/\/www.studiotangoargentino.com\/index.php?rest_route=\/wp\/v2\/types\/page"}],"author":[{"embeddable":true,"href":"https:\/\/www.studiotangoargentino.com\/index.php?rest_route=\/wp\/v2\/users\/2"}],"replies":[{"embeddable":true,"href":"https:\/\/www.studiotangoargentino.com\/index.php?rest_route=%2Fwp%2Fv2%2Fcomments&post=3680"}],"version-history":[{"count":4,"href":"https:\/\/www.studiotangoargentino.com\/index.php?rest_route=\/wp\/v2\/pages\/3680\/revisions"}],"predecessor-version":[{"id":3709,"href":"https:\/\/www.studiotangoargentino.com\/index.php?rest_route=\/wp\/v2\/pages\/3680\/revisions\/3709"}],"wp:attachment":[{"href":"https:\/\/www.studiotangoargentino.com\/index.php?rest_route=%2Fwp%2Fv2%2Fmedia&parent=3680"}],"curies":[{"name":"wp","href":"https:\/\/api.w.org\/{rel}","templated":true}]}}