{"id":3668,"date":"2024-12-11T12:48:17","date_gmt":"2024-12-11T11:48:17","guid":{"rendered":"https:\/\/www.studiotangoargentino.com\/?page_id=3668"},"modified":"2024-12-11T13:00:45","modified_gmt":"2024-12-11T12:00:45","slug":"florencia-marioni","status":"publish","type":"page","link":"https:\/\/www.studiotangoargentino.com\/?page_id=3668","title":{"rendered":"Florencia MARIONI"},"content":{"rendered":"\n<figure class=\"wp-block-gallery has-nested-images columns-default is-cropped wp-block-gallery-1 is-layout-flex wp-block-gallery-is-layout-flex\">\n<figure class=\"wp-block-image size-large\"><img fetchpriority=\"high\" decoding=\"async\" width=\"819\" height=\"1024\" data-id=\"3677\" src=\"https:\/\/www.studiotangoargentino.com\/wp-content\/uploads\/2024\/12\/flo11-819x1024.jpg\" alt=\"\" class=\"wp-image-3677\" srcset=\"https:\/\/www.studiotangoargentino.com\/wp-content\/uploads\/2024\/12\/flo11-819x1024.jpg 819w, https:\/\/www.studiotangoargentino.com\/wp-content\/uploads\/2024\/12\/flo11-240x300.jpg 240w, https:\/\/www.studiotangoargentino.com\/wp-content\/uploads\/2024\/12\/flo11-768x960.jpg 768w, https:\/\/www.studiotangoargentino.com\/wp-content\/uploads\/2024\/12\/flo11.jpg 996w\" sizes=\"(max-width: 819px) 100vw, 819px\" \/><\/figure>\n\n\n\n<figure class=\"wp-block-image size-large\"><img decoding=\"async\" width=\"819\" height=\"1024\" data-id=\"3675\" src=\"https:\/\/www.studiotangoargentino.com\/wp-content\/uploads\/2024\/12\/flo10-819x1024.jpg\" alt=\"\" class=\"wp-image-3675\" srcset=\"https:\/\/www.studiotangoargentino.com\/wp-content\/uploads\/2024\/12\/flo10-819x1024.jpg 819w, https:\/\/www.studiotangoargentino.com\/wp-content\/uploads\/2024\/12\/flo10-240x300.jpg 240w, https:\/\/www.studiotangoargentino.com\/wp-content\/uploads\/2024\/12\/flo10-768x960.jpg 768w, https:\/\/www.studiotangoargentino.com\/wp-content\/uploads\/2024\/12\/flo10.jpg 942w\" sizes=\"(max-width: 819px) 100vw, 819px\" \/><\/figure>\n\n\n\n<figure class=\"wp-block-image size-large\"><img decoding=\"async\" width=\"819\" height=\"1024\" data-id=\"3674\" src=\"https:\/\/www.studiotangoargentino.com\/wp-content\/uploads\/2024\/12\/flo9-1-819x1024.jpg\" alt=\"\" class=\"wp-image-3674\" srcset=\"https:\/\/www.studiotangoargentino.com\/wp-content\/uploads\/2024\/12\/flo9-1-819x1024.jpg 819w, https:\/\/www.studiotangoargentino.com\/wp-content\/uploads\/2024\/12\/flo9-1-240x300.jpg 240w, https:\/\/www.studiotangoargentino.com\/wp-content\/uploads\/2024\/12\/flo9-1-768x960.jpg 768w, https:\/\/www.studiotangoargentino.com\/wp-content\/uploads\/2024\/12\/flo9-1.jpg 1034w\" sizes=\"(max-width: 819px) 100vw, 819px\" \/><\/figure>\n<\/figure>\n\n\n\n<p>Nata a Santa F\u00e9 (Argentina) inizia il suo percorso nel Tango all\u2019et\u00e0 di 16 anni nella citt\u00e0 di Rosario in Argentina.<\/p>\n\n\n\n<p>Dal 2013 al 2017 risiede in Italia tra Roma, Napoli e altre citt\u00e0 del sud in cui realizza diverse collaborazioni per spettacoli ad esempio con Placido Domingo Jr.<\/p>\n\n\n\n<p>Sviluppa anche il suo insegnamento collaborando con diversi insegnanti internazionali. Dal 2017 si \u00e8 trasferita a Buenos Aires dove vive attualmente e dove integra e coproduce Spettacoli di Tango come \u00ab&nbsp;Siempre Tango&nbsp;\u00bb a Puerto Madero, entra a far parte dello staff della Nueva Gricel e del Complejo Belgrano.<\/p>\n\n\n\n<p>Insegna all\u2019Escuela Mundial de Tango G.E. di Buenos Aires e viaggia regolarmente per seminari in Italia, Germania, Spagna, Portogallo, Russia, Thailandia, Cipro, Brasile, Bolivia, e a Lione a Studio Tango Argentino<\/p>\n\n\n\n<p>Vede il Tango in modo olistico, organico, integrale, in una forma semplice e chiara senza l\u2019uso della forza e in una profonda connessione con l\u2019altro. Secondo la sua visione il tango \u00e8 una danza personale e singolare in cui ogni individuo incontra la propria espressione e creativit\u00e0.<\/p>\n","protected":false},"excerpt":{"rendered":"<p>Nata a Santa F\u00e9 (Argentina) inizia il suo percorso nel Tango all\u2019et\u00e0 di 16 anni nella citt\u00e0 di Rosario in Argentina. Dal 2013 al 2017 risiede in Italia tra Roma, Napoli e altre citt\u00e0 del sud in cui realizza diverse collaborazioni per spettacoli ad esempio con Placido Domingo Jr. Sviluppa anche il suo insegnamento collaborando [&hellip;]<\/p>\n","protected":false},"author":2,"featured_media":0,"parent":0,"menu_order":0,"comment_status":"closed","ping_status":"closed","template":"","meta":{"ocean_post_layout":"","ocean_both_sidebars_style":"","ocean_both_sidebars_content_width":0,"ocean_both_sidebars_sidebars_width":0,"ocean_sidebar":"0","ocean_second_sidebar":"0","ocean_disable_margins":"enable","ocean_add_body_class":"","ocean_shortcode_before_top_bar":"","ocean_shortcode_after_top_bar":"","ocean_shortcode_before_header":"","ocean_shortcode_after_header":"","ocean_has_shortcode":"","ocean_shortcode_after_title":"","ocean_shortcode_before_footer_widgets":"","ocean_shortcode_after_footer_widgets":"","ocean_shortcode_before_footer_bottom":"","ocean_shortcode_after_footer_bottom":"","ocean_display_top_bar":"default","ocean_display_header":"default","ocean_header_style":"","ocean_center_header_left_menu":"0","ocean_custom_header_template":"0","ocean_custom_logo":0,"ocean_custom_retina_logo":0,"ocean_custom_logo_max_width":0,"ocean_custom_logo_tablet_max_width":0,"ocean_custom_logo_mobile_max_width":0,"ocean_custom_logo_max_height":0,"ocean_custom_logo_tablet_max_height":0,"ocean_custom_logo_mobile_max_height":0,"ocean_header_custom_menu":"0","ocean_menu_typo_font_family":"0","ocean_menu_typo_font_subset":"","ocean_menu_typo_font_size":0,"ocean_menu_typo_font_size_tablet":0,"ocean_menu_typo_font_size_mobile":0,"ocean_menu_typo_font_size_unit":"px","ocean_menu_typo_font_weight":"","ocean_menu_typo_font_weight_tablet":"","ocean_menu_typo_font_weight_mobile":"","ocean_menu_typo_transform":"","ocean_menu_typo_transform_tablet":"","ocean_menu_typo_transform_mobile":"","ocean_menu_typo_line_height":0,"ocean_menu_typo_line_height_tablet":0,"ocean_menu_typo_line_height_mobile":0,"ocean_menu_typo_line_height_unit":"","ocean_menu_typo_spacing":0,"ocean_menu_typo_spacing_tablet":0,"ocean_menu_typo_spacing_mobile":0,"ocean_menu_typo_spacing_unit":"","ocean_menu_link_color":"","ocean_menu_link_color_hover":"","ocean_menu_link_color_active":"","ocean_menu_link_background":"","ocean_menu_link_hover_background":"","ocean_menu_link_active_background":"","ocean_menu_social_links_bg":"","ocean_menu_social_hover_links_bg":"","ocean_menu_social_links_color":"","ocean_menu_social_hover_links_color":"","ocean_disable_title":"default","ocean_disable_heading":"default","ocean_post_title":"","ocean_post_subheading":"","ocean_post_title_style":"","ocean_post_title_background_color":"","ocean_post_title_background":0,"ocean_post_title_bg_image_position":"","ocean_post_title_bg_image_attachment":"","ocean_post_title_bg_image_repeat":"","ocean_post_title_bg_image_size":"","ocean_post_title_height":0,"ocean_post_title_bg_overlay":0.5,"ocean_post_title_bg_overlay_color":"","ocean_disable_breadcrumbs":"default","ocean_breadcrumbs_color":"","ocean_breadcrumbs_separator_color":"","ocean_breadcrumbs_links_color":"","ocean_breadcrumbs_links_hover_color":"","ocean_display_footer_widgets":"default","ocean_display_footer_bottom":"default","ocean_custom_footer_template":"0","_mc_calendar":[],"footnotes":""},"class_list":["post-3668","page","type-page","status-publish","hentry","entry"],"_links":{"self":[{"href":"https:\/\/www.studiotangoargentino.com\/index.php?rest_route=\/wp\/v2\/pages\/3668","targetHints":{"allow":["GET"]}}],"collection":[{"href":"https:\/\/www.studiotangoargentino.com\/index.php?rest_route=\/wp\/v2\/pages"}],"about":[{"href":"https:\/\/www.studiotangoargentino.com\/index.php?rest_route=\/wp\/v2\/types\/page"}],"author":[{"embeddable":true,"href":"https:\/\/www.studiotangoargentino.com\/index.php?rest_route=\/wp\/v2\/users\/2"}],"replies":[{"embeddable":true,"href":"https:\/\/www.studiotangoargentino.com\/index.php?rest_route=%2Fwp%2Fv2%2Fcomments&post=3668"}],"version-history":[{"count":2,"href":"https:\/\/www.studiotangoargentino.com\/index.php?rest_route=\/wp\/v2\/pages\/3668\/revisions"}],"predecessor-version":[{"id":3678,"href":"https:\/\/www.studiotangoargentino.com\/index.php?rest_route=\/wp\/v2\/pages\/3668\/revisions\/3678"}],"wp:attachment":[{"href":"https:\/\/www.studiotangoargentino.com\/index.php?rest_route=%2Fwp%2Fv2%2Fmedia&parent=3668"}],"curies":[{"name":"wp","href":"https:\/\/api.w.org\/{rel}","templated":true}]}}