{"id":342,"date":"2022-07-28T19:23:46","date_gmt":"2022-07-28T17:23:46","guid":{"rendered":"http:\/\/www.studiotangoargentino.com\/?page_id=342"},"modified":"2022-11-17T18:07:42","modified_gmt":"2022-11-17T17:07:42","slug":"a-lyon","status":"publish","type":"page","link":"https:\/\/www.studiotangoargentino.com\/?page_id=342","title":{"rendered":"Lyon"},"content":{"rendered":"\n<p>De nombreux intervenants sont r\u00e9guli\u00e8rement invit\u00e9s \u00e0 nous faire partager leurs connaissances. Que ce soit des danseurs de renomm\u00e9e internationale ou des sp\u00e9cialistes dans d\u2019autres domaines ; ils vous aideront \u00e0 enrichir votre tango.<\/p>\n\n\n\n<div class=\"wp-block-query is-layout-flow wp-block-query-is-layout-flow\"><ul class=\"wp-block-post-template is-layout-flow wp-block-post-template-is-layout-flow\"><li class=\"wp-block-post post-4777 post type-post status-publish format-standard has-post-thumbnail hentry category-actualite category-stages entry has-media\">\n\n<div class=\"wp-block-columns alignwide is-layout-flex wp-container-core-columns-is-layout-9d6595d7 wp-block-columns-is-layout-flex\">\n<div class=\"wp-block-column is-layout-flow wp-block-column-is-layout-flow\" style=\"flex-basis:66.66%\"><figure class=\"wp-block-post-featured-image\"><a href=\"https:\/\/www.studiotangoargentino.com\/?p=4777\" target=\"_self\"  ><img fetchpriority=\"high\" decoding=\"async\" width=\"1000\" height=\"400\" src=\"https:\/\/www.studiotangoargentino.com\/wp-content\/uploads\/2026\/04\/20260619.jpg\" class=\"attachment-post-thumbnail size-post-thumbnail wp-post-image\" alt=\"Stage Tango en Haute-Loire 19-21 juin 26\" style=\"object-fit:cover;\" srcset=\"https:\/\/www.studiotangoargentino.com\/wp-content\/uploads\/2026\/04\/20260619.jpg 1000w, https:\/\/www.studiotangoargentino.com\/wp-content\/uploads\/2026\/04\/20260619-300x120.jpg 300w, https:\/\/www.studiotangoargentino.com\/wp-content\/uploads\/2026\/04\/20260619-768x307.jpg 768w\" sizes=\"(max-width: 1000px) 100vw, 1000px\" \/><\/a><\/figure><\/div>\n\n\n\n<div class=\"wp-block-column is-layout-flow wp-block-column-is-layout-flow\" style=\"flex-basis:33.33%\"><h2 class=\"wp-block-post-title\"><a href=\"https:\/\/www.studiotangoargentino.com\/?p=4777\" target=\"_self\" >Stage Tango en Haute-Loire 19-21 juin 26<\/a><\/h2>\n\n<div class=\"wp-block-post-excerpt\"><p class=\"wp-block-post-excerpt__excerpt\">Studio Tango Argentino propose un\u00a0Stage de Tango le week-end du 19 au 21 juin\u00a02026\u00a0\u00e0 Saint-Andr\u00e9 de Chalan\u00e7on en Haute Loire (\u00e0 120 km de Lyon) avec Florencia Marioni, Marie Gourion et Fabrizio Chiodetti. Pendant ce stage nous vous proposerons d&rsquo;aller plus loin dans l&rsquo;interpr\u00e9tation dans\u00e9e de la musique. En s appuyant sur des \u00e9l\u00e9ments de\u2026 <\/p><\/div>\n\n<a class=\"wp-block-read-more\" href=\"https:\/\/www.studiotangoargentino.com\/?p=4777\" target=\"_self\">Lire la suite<span class=\"screen-reader-text\">\u00a0: Stage Tango en Haute-Loire 19-21 juin 26<\/span><\/a><\/div>\n<\/div>\n\n<\/li><li class=\"wp-block-post post-4616 post type-post status-publish format-standard has-post-thumbnail hentry category-actualite category-stages entry has-media\">\n\n<div class=\"wp-block-columns alignwide is-layout-flex wp-container-core-columns-is-layout-9d6595d7 wp-block-columns-is-layout-flex\">\n<div class=\"wp-block-column is-layout-flow wp-block-column-is-layout-flow\" style=\"flex-basis:66.66%\"><figure class=\"wp-block-post-featured-image\"><a href=\"https:\/\/www.studiotangoargentino.com\/?p=4616\" target=\"_self\"  ><img decoding=\"async\" width=\"1000\" height=\"400\" src=\"https:\/\/www.studiotangoargentino.com\/wp-content\/uploads\/2026\/03\/20260425.jpg\" class=\"attachment-post-thumbnail size-post-thumbnail wp-post-image\" alt=\"Stages Tango Valse Milonga 25-26 avril avec M. Maini &amp; F. Chiodetti\" style=\"object-fit:cover;\" srcset=\"https:\/\/www.studiotangoargentino.com\/wp-content\/uploads\/2026\/03\/20260425.jpg 1000w, https:\/\/www.studiotangoargentino.com\/wp-content\/uploads\/2026\/03\/20260425-300x120.jpg 300w, https:\/\/www.studiotangoargentino.com\/wp-content\/uploads\/2026\/03\/20260425-768x307.jpg 768w\" sizes=\"(max-width: 1000px) 100vw, 1000px\" \/><\/a><\/figure><\/div>\n\n\n\n<div class=\"wp-block-column is-layout-flow wp-block-column-is-layout-flow\" style=\"flex-basis:33.33%\"><h2 class=\"wp-block-post-title\"><a href=\"https:\/\/www.studiotangoargentino.com\/?p=4616\" target=\"_self\" >Stages Tango Valse Milonga 25-26 avril avec M. Maini &amp; F. Chiodetti<\/a><\/h2>\n\n<div class=\"wp-block-post-excerpt\"><p class=\"wp-block-post-excerpt__excerpt\">Studio Tango Argentino invite \u00e0 Lyon une nouvelle danseuse argentine,&nbsp;Melina Maini&nbsp;et vous propose&nbsp;Samedi 25 et Dimanche 26 avril 2026&nbsp;des stages intensifs pour am\u00e9liorer, approfondir, enrichir votre Tango et\/ou d\u00e9couvrir la Valse argentine et la Milonga.Les stages sont ouverts \u00e0 toutes et \u00e0 tous, seul.e ou avec un partenaire.&nbsp; Programme : Samedi 25 avril : Dimanche\u2026 <\/p><\/div>\n\n<a class=\"wp-block-read-more\" href=\"https:\/\/www.studiotangoargentino.com\/?p=4616\" target=\"_self\">Lire la suite<span class=\"screen-reader-text\">\u00a0: Stages Tango Valse Milonga 25-26 avril avec M. Maini &amp; F. Chiodetti<\/span><\/a><\/div>\n<\/div>\n\n<\/li><li class=\"wp-block-post post-4503 post type-post status-publish format-standard has-post-thumbnail hentry category-actualite category-stages entry has-media\">\n\n<div class=\"wp-block-columns alignwide is-layout-flex wp-container-core-columns-is-layout-9d6595d7 wp-block-columns-is-layout-flex\">\n<div class=\"wp-block-column is-layout-flow wp-block-column-is-layout-flow\" style=\"flex-basis:66.66%\"><figure class=\"wp-block-post-featured-image\"><a href=\"https:\/\/www.studiotangoargentino.com\/?p=4503\" target=\"_self\"  ><img decoding=\"async\" width=\"1000\" height=\"400\" src=\"https:\/\/www.studiotangoargentino.com\/wp-content\/uploads\/2026\/01\/Affichette-3-Corse-corrige1000x400.jpg\" class=\"attachment-post-thumbnail size-post-thumbnail wp-post-image\" alt=\"Long Weekend Tango en Corse 11-14 juin 2026\" style=\"object-fit:cover;\" srcset=\"https:\/\/www.studiotangoargentino.com\/wp-content\/uploads\/2026\/01\/Affichette-3-Corse-corrige1000x400.jpg 1000w, https:\/\/www.studiotangoargentino.com\/wp-content\/uploads\/2026\/01\/Affichette-3-Corse-corrige1000x400-300x120.jpg 300w, https:\/\/www.studiotangoargentino.com\/wp-content\/uploads\/2026\/01\/Affichette-3-Corse-corrige1000x400-768x307.jpg 768w\" sizes=\"(max-width: 1000px) 100vw, 1000px\" \/><\/a><\/figure><\/div>\n\n\n\n<div class=\"wp-block-column is-layout-flow wp-block-column-is-layout-flow\" style=\"flex-basis:33.33%\"><h2 class=\"wp-block-post-title\"><a href=\"https:\/\/www.studiotangoargentino.com\/?p=4503\" target=\"_self\" >Long Weekend Tango en Corse 11-14 juin 2026<\/a><\/h2>\n\n<div class=\"wp-block-post-excerpt\"><p class=\"wp-block-post-excerpt__excerpt\">Stage anim\u00e9 par Florencia Marioni et Fabrizio Chiodetti Studio Tango Argentino propose un weekend de d\u00e9tente et Tango pour profiter du beau soleil corse avec plage priv\u00e9e, piscine et cadre idyllique en Corse. Attention: notre choix du logement exclusif et en haute saison nous oblige \u00e0 confirmer notre r\u00e9servation rapidement, merci de r\u00e9server par retour\u2026 <\/p><\/div>\n\n<a class=\"wp-block-read-more\" href=\"https:\/\/www.studiotangoargentino.com\/?p=4503\" target=\"_self\">Lire la suite<span class=\"screen-reader-text\">\u00a0: Long Weekend Tango en Corse 11-14 juin 2026<\/span><\/a><\/div>\n<\/div>\n\n<\/li><\/ul><\/div>\n","protected":false},"excerpt":{"rendered":"<p>De nombreux intervenants sont r\u00e9guli\u00e8rement invit\u00e9s \u00e0 nous faire partager leurs connaissances. Que ce soit des danseurs de renomm\u00e9e internationale ou des sp\u00e9cialistes dans d\u2019autres domaines ; ils vous aideront \u00e0 enrichir votre tango.<\/p>\n","protected":false},"author":1,"featured_media":0,"parent":0,"menu_order":0,"comment_status":"closed","ping_status":"closed","template":"","meta":{"ocean_post_layout":"full-width","ocean_both_sidebars_style":"","ocean_both_sidebars_content_width":0,"ocean_both_sidebars_sidebars_width":0,"ocean_sidebar":"0","ocean_second_sidebar":"0","ocean_disable_margins":"enable","ocean_add_body_class":"","ocean_shortcode_before_top_bar":"","ocean_shortcode_after_top_bar":"","ocean_shortcode_before_header":"","ocean_shortcode_after_header":"","ocean_has_shortcode":"","ocean_shortcode_after_title":"","ocean_shortcode_before_footer_widgets":"","ocean_shortcode_after_footer_widgets":"","ocean_shortcode_before_footer_bottom":"","ocean_shortcode_after_footer_bottom":"","ocean_display_top_bar":"default","ocean_display_header":"default","ocean_header_style":"","ocean_center_header_left_menu":"0","ocean_custom_header_template":"0","ocean_custom_logo":0,"ocean_custom_retina_logo":0,"ocean_custom_logo_max_width":0,"ocean_custom_logo_tablet_max_width":0,"ocean_custom_logo_mobile_max_width":0,"ocean_custom_logo_max_height":0,"ocean_custom_logo_tablet_max_height":0,"ocean_custom_logo_mobile_max_height":0,"ocean_header_custom_menu":"0","ocean_menu_typo_font_family":"0","ocean_menu_typo_font_subset":"","ocean_menu_typo_font_size":0,"ocean_menu_typo_font_size_tablet":0,"ocean_menu_typo_font_size_mobile":0,"ocean_menu_typo_font_size_unit":"px","ocean_menu_typo_font_weight":"","ocean_menu_typo_font_weight_tablet":"","ocean_menu_typo_font_weight_mobile":"","ocean_menu_typo_transform":"","ocean_menu_typo_transform_tablet":"","ocean_menu_typo_transform_mobile":"","ocean_menu_typo_line_height":0,"ocean_menu_typo_line_height_tablet":0,"ocean_menu_typo_line_height_mobile":0,"ocean_menu_typo_line_height_unit":"","ocean_menu_typo_spacing":0,"ocean_menu_typo_spacing_tablet":0,"ocean_menu_typo_spacing_mobile":0,"ocean_menu_typo_spacing_unit":"","ocean_menu_link_color":"","ocean_menu_link_color_hover":"","ocean_menu_link_color_active":"","ocean_menu_link_background":"","ocean_menu_link_hover_background":"","ocean_menu_link_active_background":"","ocean_menu_social_links_bg":"","ocean_menu_social_hover_links_bg":"","ocean_menu_social_links_color":"","ocean_menu_social_hover_links_color":"","ocean_disable_title":"default","ocean_disable_heading":"default","ocean_post_title":"","ocean_post_subheading":"","ocean_post_title_style":"","ocean_post_title_background_color":"","ocean_post_title_background":0,"ocean_post_title_bg_image_position":"","ocean_post_title_bg_image_attachment":"","ocean_post_title_bg_image_repeat":"","ocean_post_title_bg_image_size":"","ocean_post_title_height":0,"ocean_post_title_bg_overlay":0.5,"ocean_post_title_bg_overlay_color":"","ocean_disable_breadcrumbs":"default","ocean_breadcrumbs_color":"","ocean_breadcrumbs_separator_color":"","ocean_breadcrumbs_links_color":"","ocean_breadcrumbs_links_hover_color":"","ocean_display_footer_widgets":"default","ocean_display_footer_bottom":"default","ocean_custom_footer_template":"0","_mc_calendar":[],"footnotes":""},"class_list":["post-342","page","type-page","status-publish","hentry","entry"],"_links":{"self":[{"href":"https:\/\/www.studiotangoargentino.com\/index.php?rest_route=\/wp\/v2\/pages\/342","targetHints":{"allow":["GET"]}}],"collection":[{"href":"https:\/\/www.studiotangoargentino.com\/index.php?rest_route=\/wp\/v2\/pages"}],"about":[{"href":"https:\/\/www.studiotangoargentino.com\/index.php?rest_route=\/wp\/v2\/types\/page"}],"author":[{"embeddable":true,"href":"https:\/\/www.studiotangoargentino.com\/index.php?rest_route=\/wp\/v2\/users\/1"}],"replies":[{"embeddable":true,"href":"https:\/\/www.studiotangoargentino.com\/index.php?rest_route=%2Fwp%2Fv2%2Fcomments&post=342"}],"version-history":[{"count":1,"href":"https:\/\/www.studiotangoargentino.com\/index.php?rest_route=\/wp\/v2\/pages\/342\/revisions"}],"predecessor-version":[{"id":1266,"href":"https:\/\/www.studiotangoargentino.com\/index.php?rest_route=\/wp\/v2\/pages\/342\/revisions\/1266"}],"wp:attachment":[{"href":"https:\/\/www.studiotangoargentino.com\/index.php?rest_route=%2Fwp%2Fv2%2Fmedia&parent=342"}],"curies":[{"name":"wp","href":"https:\/\/api.w.org\/{rel}","templated":true}]}}