{"id":3233,"date":"2024-07-05T18:25:56","date_gmt":"2024-07-05T16:25:56","guid":{"rendered":"http:\/\/www.studiotangoargentino.com\/?page_id=3233"},"modified":"2025-03-28T11:58:21","modified_gmt":"2025-03-28T10:58:21","slug":"tango-ouvert-aux-non-mal-voyants-et-parkinson","status":"publish","type":"page","link":"https:\/\/www.studiotangoargentino.com\/?page_id=3233","title":{"rendered":"Tango ouvert aux non-mal voyants et parkinson"},"content":{"rendered":"\n<p>Un cours qui a la particularit\u00e9 de mixer les niveaux et d&rsquo;axer sa p\u00e9dagogie sur <strong>les fondamentaux du tango<\/strong>. Par le chemin sensoriel qu&rsquo;il emprunte, cet atelier est accessible aux personnes mal\/non voyantes.&nbsp;<\/p>\n\n\n\n<p>La diversit\u00e9 des \u00e9l\u00e8ves nous ouvre sur un tango partag\u00e9, une danse des sensations, en ouverture \u00e0 l&rsquo;autre.<br>Notre objectif est qu&rsquo;\u00e0 travers ce groupe, de petite taille, chacun.e puisse progresser sur son chemin de danse. Nous souhaitons pouvoir ainsi individualiser le travail, au sein du collectif, afin d&rsquo;accompagner au plus pr\u00e8s les besoins, envies, objectifs.<\/p>\n\n\n\n<figure class=\"wp-block-table is-style-stripes\">\n    <table>\n       <tbody>\n          <tr>\n             <td>Jeudi<\/td>\n             <td><strong>12h30<\/strong>\n                <br>\n                <a href=\"https:\/\/www.google.com\/maps\/dir\/\/25+Rue+du+Doyenn%C3%A9,+69005+Lyon\/@45.7584335,4.7907335,16873m\/data=!3m2!1e3!4b1!4m9!4m8!1m0!1m5!1m1!1s0x47f4ebac60118c79:0xf80d760d89b2226b!2m2!1d4.8258386!2d45.758379!3e1?hl=fr\" target=\"_blank\" rel=\"noopener\">Local S.T.A, 25 Rue du Doyenn\u00e9, 69005 Lyon\n                <\/a>\n             <\/td>\n          <\/tr>\n       <\/tbody>\n    <\/table>\n <\/figure>\n","protected":false},"excerpt":{"rendered":"<p>Un cours qui a la particularit\u00e9 de mixer les niveaux et d&rsquo;axer sa p\u00e9dagogie sur les fondamentaux du tango. Par le chemin sensoriel qu&rsquo;il emprunte, cet atelier est accessible aux personnes mal\/non voyantes.&nbsp; La diversit\u00e9 des \u00e9l\u00e8ves nous ouvre sur un tango partag\u00e9, une danse des sensations, en ouverture \u00e0 l&rsquo;autre.Notre objectif est qu&rsquo;\u00e0 travers [&hellip;]<\/p>\n","protected":false},"author":2,"featured_media":0,"parent":0,"menu_order":0,"comment_status":"closed","ping_status":"closed","template":"","meta":{"ocean_post_layout":"","ocean_both_sidebars_style":"","ocean_both_sidebars_content_width":0,"ocean_both_sidebars_sidebars_width":0,"ocean_sidebar":"0","ocean_second_sidebar":"0","ocean_disable_margins":"enable","ocean_add_body_class":"","ocean_shortcode_before_top_bar":"","ocean_shortcode_after_top_bar":"","ocean_shortcode_before_header":"","ocean_shortcode_after_header":"","ocean_has_shortcode":"","ocean_shortcode_after_title":"","ocean_shortcode_before_footer_widgets":"","ocean_shortcode_after_footer_widgets":"","ocean_shortcode_before_footer_bottom":"","ocean_shortcode_after_footer_bottom":"","ocean_display_top_bar":"default","ocean_display_header":"default","ocean_header_style":"","ocean_center_header_left_menu":"0","ocean_custom_header_template":"0","ocean_custom_logo":0,"ocean_custom_retina_logo":0,"ocean_custom_logo_max_width":0,"ocean_custom_logo_tablet_max_width":0,"ocean_custom_logo_mobile_max_width":0,"ocean_custom_logo_max_height":0,"ocean_custom_logo_tablet_max_height":0,"ocean_custom_logo_mobile_max_height":0,"ocean_header_custom_menu":"0","ocean_menu_typo_font_family":"0","ocean_menu_typo_font_subset":"","ocean_menu_typo_font_size":0,"ocean_menu_typo_font_size_tablet":0,"ocean_menu_typo_font_size_mobile":0,"ocean_menu_typo_font_size_unit":"px","ocean_menu_typo_font_weight":"","ocean_menu_typo_font_weight_tablet":"","ocean_menu_typo_font_weight_mobile":"","ocean_menu_typo_transform":"","ocean_menu_typo_transform_tablet":"","ocean_menu_typo_transform_mobile":"","ocean_menu_typo_line_height":0,"ocean_menu_typo_line_height_tablet":0,"ocean_menu_typo_line_height_mobile":0,"ocean_menu_typo_line_height_unit":"","ocean_menu_typo_spacing":0,"ocean_menu_typo_spacing_tablet":0,"ocean_menu_typo_spacing_mobile":0,"ocean_menu_typo_spacing_unit":"","ocean_menu_link_color":"","ocean_menu_link_color_hover":"","ocean_menu_link_color_active":"","ocean_menu_link_background":"","ocean_menu_link_hover_background":"","ocean_menu_link_active_background":"","ocean_menu_social_links_bg":"","ocean_menu_social_hover_links_bg":"","ocean_menu_social_links_color":"","ocean_menu_social_hover_links_color":"","ocean_disable_title":"default","ocean_disable_heading":"default","ocean_post_title":"Tango ouvert aux non-mal voyants et parkinson","ocean_post_subheading":"","ocean_post_title_style":"","ocean_post_title_background_color":"","ocean_post_title_background":0,"ocean_post_title_bg_image_position":"","ocean_post_title_bg_image_attachment":"","ocean_post_title_bg_image_repeat":"","ocean_post_title_bg_image_size":"","ocean_post_title_height":0,"ocean_post_title_bg_overlay":0.5,"ocean_post_title_bg_overlay_color":"","ocean_disable_breadcrumbs":"default","ocean_breadcrumbs_color":"","ocean_breadcrumbs_separator_color":"","ocean_breadcrumbs_links_color":"","ocean_breadcrumbs_links_hover_color":"","ocean_display_footer_widgets":"default","ocean_display_footer_bottom":"default","ocean_custom_footer_template":"0","_mc_calendar":[],"footnotes":""},"class_list":["post-3233","page","type-page","status-publish","hentry","entry"],"_links":{"self":[{"href":"https:\/\/www.studiotangoargentino.com\/index.php?rest_route=\/wp\/v2\/pages\/3233","targetHints":{"allow":["GET"]}}],"collection":[{"href":"https:\/\/www.studiotangoargentino.com\/index.php?rest_route=\/wp\/v2\/pages"}],"about":[{"href":"https:\/\/www.studiotangoargentino.com\/index.php?rest_route=\/wp\/v2\/types\/page"}],"author":[{"embeddable":true,"href":"https:\/\/www.studiotangoargentino.com\/index.php?rest_route=\/wp\/v2\/users\/2"}],"replies":[{"embeddable":true,"href":"https:\/\/www.studiotangoargentino.com\/index.php?rest_route=%2Fwp%2Fv2%2Fcomments&post=3233"}],"version-history":[{"count":5,"href":"https:\/\/www.studiotangoargentino.com\/index.php?rest_route=\/wp\/v2\/pages\/3233\/revisions"}],"predecessor-version":[{"id":3937,"href":"https:\/\/www.studiotangoargentino.com\/index.php?rest_route=\/wp\/v2\/pages\/3233\/revisions\/3937"}],"wp:attachment":[{"href":"https:\/\/www.studiotangoargentino.com\/index.php?rest_route=%2Fwp%2Fv2%2Fmedia&parent=3233"}],"curies":[{"name":"wp","href":"https:\/\/api.w.org\/{rel}","templated":true}]}}