{"id":1987,"date":"2023-07-13T18:58:07","date_gmt":"2023-07-13T16:58:07","guid":{"rendered":"https:\/\/www.studiotangoargentino.com\/?page_id=1987"},"modified":"2023-07-19T12:08:03","modified_gmt":"2023-07-19T10:08:03","slug":"tango-afternoon","status":"publish","type":"page","link":"https:\/\/www.studiotangoargentino.com\/?page_id=1987","title":{"rendered":"Tango Afternoon"},"content":{"rendered":"\n<p>Tu as du temps dans l\u2019apr\u00e8s-midi parce que tu es occup\u00e9.es les soirs ou tu pr\u00e9f\u00e8res ne pas terminer trop tard tes journ\u00e9es\u00a0? Nous avons pens\u00e9 \u00e0 toi et nous te proposons un cours de Tango \u00e0 18h pour renoncer \u00e0 rien. Il sera accessible aux d\u00e9butants, faux d\u00e9butants et interm\u00e9diaires.<\/p>\n\n\n\n<p><strong>Horaires&nbsp;:<\/strong><br>Les Jeudis \u00e0&nbsp;18h00 au <a href=\"https:\/\/www.google.com\/maps\/dir\/\/25+Rue+du+Doyenn%C3%A9,+69005+Lyon\/@45.7584335,4.7907335,16873m\/data=!3m2!1e3!4b1!4m9!4m8!1m0!1m5!1m1!1s0x47f4ebac60118c79:0xf80d760d89b2226b!2m2!1d4.8258386!2d45.758379!3e1?hl=fr\">Local S.T.A, 25 Rue du Doyenn\u00e9, 69005 Lyon<\/a><\/p>\n","protected":false},"excerpt":{"rendered":"<p>Tu as du temps dans l\u2019apr\u00e8s-midi parce que tu es occup\u00e9.es les soirs ou tu pr\u00e9f\u00e8res ne pas terminer trop tard tes journ\u00e9es\u00a0? Nous avons pens\u00e9 \u00e0 toi et nous te proposons un cours de Tango \u00e0 18h pour renoncer \u00e0 rien. Il sera accessible aux d\u00e9butants, faux d\u00e9butants et interm\u00e9diaires. Horaires&nbsp;:Les Jeudis \u00e0&nbsp;18h00 au [&hellip;]<\/p>\n","protected":false},"author":1,"featured_media":0,"parent":0,"menu_order":0,"comment_status":"closed","ping_status":"closed","template":"","meta":{"ocean_post_layout":"","ocean_both_sidebars_style":"","ocean_both_sidebars_content_width":0,"ocean_both_sidebars_sidebars_width":0,"ocean_sidebar":"0","ocean_second_sidebar":"0","ocean_disable_margins":"enable","ocean_add_body_class":"","ocean_shortcode_before_top_bar":"","ocean_shortcode_after_top_bar":"","ocean_shortcode_before_header":"","ocean_shortcode_after_header":"","ocean_has_shortcode":"","ocean_shortcode_after_title":"","ocean_shortcode_before_footer_widgets":"","ocean_shortcode_after_footer_widgets":"","ocean_shortcode_before_footer_bottom":"","ocean_shortcode_after_footer_bottom":"","ocean_display_top_bar":"default","ocean_display_header":"default","ocean_header_style":"","ocean_center_header_left_menu":"0","ocean_custom_header_template":"0","ocean_custom_logo":0,"ocean_custom_retina_logo":0,"ocean_custom_logo_max_width":0,"ocean_custom_logo_tablet_max_width":0,"ocean_custom_logo_mobile_max_width":0,"ocean_custom_logo_max_height":0,"ocean_custom_logo_tablet_max_height":0,"ocean_custom_logo_mobile_max_height":0,"ocean_header_custom_menu":"0","ocean_menu_typo_font_family":"0","ocean_menu_typo_font_subset":"","ocean_menu_typo_font_size":0,"ocean_menu_typo_font_size_tablet":0,"ocean_menu_typo_font_size_mobile":0,"ocean_menu_typo_font_size_unit":"px","ocean_menu_typo_font_weight":"","ocean_menu_typo_font_weight_tablet":"","ocean_menu_typo_font_weight_mobile":"","ocean_menu_typo_transform":"","ocean_menu_typo_transform_tablet":"","ocean_menu_typo_transform_mobile":"","ocean_menu_typo_line_height":0,"ocean_menu_typo_line_height_tablet":0,"ocean_menu_typo_line_height_mobile":0,"ocean_menu_typo_line_height_unit":"","ocean_menu_typo_spacing":0,"ocean_menu_typo_spacing_tablet":0,"ocean_menu_typo_spacing_mobile":0,"ocean_menu_typo_spacing_unit":"","ocean_menu_link_color":"","ocean_menu_link_color_hover":"","ocean_menu_link_color_active":"","ocean_menu_link_background":"","ocean_menu_link_hover_background":"","ocean_menu_link_active_background":"","ocean_menu_social_links_bg":"","ocean_menu_social_hover_links_bg":"","ocean_menu_social_links_color":"","ocean_menu_social_hover_links_color":"","ocean_disable_title":"default","ocean_disable_heading":"default","ocean_post_title":"","ocean_post_subheading":"","ocean_post_title_style":"","ocean_post_title_background_color":"","ocean_post_title_background":0,"ocean_post_title_bg_image_position":"","ocean_post_title_bg_image_attachment":"","ocean_post_title_bg_image_repeat":"","ocean_post_title_bg_image_size":"","ocean_post_title_height":0,"ocean_post_title_bg_overlay":0.5,"ocean_post_title_bg_overlay_color":"","ocean_disable_breadcrumbs":"default","ocean_breadcrumbs_color":"","ocean_breadcrumbs_separator_color":"","ocean_breadcrumbs_links_color":"","ocean_breadcrumbs_links_hover_color":"","ocean_display_footer_widgets":"default","ocean_display_footer_bottom":"default","ocean_custom_footer_template":"0","_mc_calendar":[],"footnotes":""},"class_list":["post-1987","page","type-page","status-publish","hentry","entry"],"_links":{"self":[{"href":"https:\/\/www.studiotangoargentino.com\/index.php?rest_route=\/wp\/v2\/pages\/1987","targetHints":{"allow":["GET"]}}],"collection":[{"href":"https:\/\/www.studiotangoargentino.com\/index.php?rest_route=\/wp\/v2\/pages"}],"about":[{"href":"https:\/\/www.studiotangoargentino.com\/index.php?rest_route=\/wp\/v2\/types\/page"}],"author":[{"embeddable":true,"href":"https:\/\/www.studiotangoargentino.com\/index.php?rest_route=\/wp\/v2\/users\/1"}],"replies":[{"embeddable":true,"href":"https:\/\/www.studiotangoargentino.com\/index.php?rest_route=%2Fwp%2Fv2%2Fcomments&post=1987"}],"version-history":[{"count":3,"href":"https:\/\/www.studiotangoargentino.com\/index.php?rest_route=\/wp\/v2\/pages\/1987\/revisions"}],"predecessor-version":[{"id":2135,"href":"https:\/\/www.studiotangoargentino.com\/index.php?rest_route=\/wp\/v2\/pages\/1987\/revisions\/2135"}],"wp:attachment":[{"href":"https:\/\/www.studiotangoargentino.com\/index.php?rest_route=%2Fwp%2Fv2%2Fmedia&parent=1987"}],"curies":[{"name":"wp","href":"https:\/\/api.w.org\/{rel}","templated":true}]}}