{"id":881,"date":"2022-10-20T17:20:18","date_gmt":"2022-10-20T15:20:18","guid":{"rendered":"http:\/\/www.studiotangoargentino.com\/?page_id=881"},"modified":"2023-03-14T16:20:46","modified_gmt":"2023-03-14T15:20:46","slug":"autre-eventments","status":"publish","type":"page","link":"http:\/\/www.studiotangoargentino.com\/?page_id=881","title":{"rendered":"Autres \u00e9v\u00e9nements"},"content":{"rendered":"\n<p>Le Studio, un espace de danse, mais pas seulement&#8230; C&rsquo;est aussi un lieu pluriculturel accueillant les artistes de diff\u00e9rents horizons : exposition de peinture, de photos, concerts, rencontres diverses et vari\u00e9es&#8230;<br>Venez partager avec nous ces moments conviviaux!<\/p>\n\n\n\n<div class=\"wp-block-query is-layout-flow wp-block-query-is-layout-flow\"><ul class=\"wp-block-post-template is-layout-flow wp-block-post-template-is-layout-flow\"><li class=\"wp-block-post post-4514 post type-post status-publish format-standard has-post-thumbnail hentry category-actualite category-autre-evenements category-stages entry has-media\">\n\n<div class=\"wp-block-columns alignwide is-layout-flex wp-container-core-columns-is-layout-9d6595d7 wp-block-columns-is-layout-flex\">\n<div class=\"wp-block-column is-layout-flow wp-block-column-is-layout-flow\" style=\"flex-basis:66.66%\"><figure class=\"wp-block-post-featured-image\"><a href=\"http:\/\/www.studiotangoargentino.com\/?p=4514\" target=\"_self\"  ><img fetchpriority=\"high\" decoding=\"async\" width=\"1000\" height=\"400\" src=\"http:\/\/www.studiotangoargentino.com\/wp-content\/uploads\/2026\/03\/Annulation-Stage-Contact-Tango-200326.jpg\" class=\"attachment-post-thumbnail size-post-thumbnail wp-post-image\" alt=\"Stage Contact-Tango Sam 21 et Dim. 22 mars 2026\" style=\"object-fit:cover;\" srcset=\"http:\/\/www.studiotangoargentino.com\/wp-content\/uploads\/2026\/03\/Annulation-Stage-Contact-Tango-200326.jpg 1000w, http:\/\/www.studiotangoargentino.com\/wp-content\/uploads\/2026\/03\/Annulation-Stage-Contact-Tango-200326-300x120.jpg 300w, http:\/\/www.studiotangoargentino.com\/wp-content\/uploads\/2026\/03\/Annulation-Stage-Contact-Tango-200326-768x307.jpg 768w\" sizes=\"(max-width: 1000px) 100vw, 1000px\" \/><\/a><\/figure><\/div>\n\n\n\n<div class=\"wp-block-column is-layout-flow wp-block-column-is-layout-flow\" style=\"flex-basis:33.33%\"><h2 class=\"wp-block-post-title\"><a href=\"http:\/\/www.studiotangoargentino.com\/?p=4514\" target=\"_self\" >Stage Contact-Tango Sam 21 et Dim. 22 mars 2026<\/a><\/h2>\n\n<div class=\"wp-block-post-excerpt\"><p class=\"wp-block-post-excerpt__excerpt\">avec Emi Farashi et Fabrizio Chiodetti Emi Farashi et Fabrizio Chiodetti vous convient \u00e0 une nouvelle exploration o\u00f9 tango argentin, danse contemporaine et contact improvisation se rencontrent avec fluidit\u00e9 et cr\u00e9ativit\u00e9.\u00c0 travers une alternance de jeux issus de ces disciplines, vous serez guid\u00e9.e.s pour en explorer les fondamentaux et enrichir votre langage dans\u00e9.&nbsp; Nous explorerons\u2026 <\/p><\/div>\n\n<a class=\"wp-block-read-more\" href=\"http:\/\/www.studiotangoargentino.com\/?p=4514\" target=\"_self\">Lire la suite<span class=\"screen-reader-text\">\u00a0: Stage Contact-Tango Sam 21 et Dim. 22 mars 2026<\/span><\/a><\/div>\n<\/div>\n\n<\/li><li class=\"wp-block-post post-4457 post type-post status-publish format-standard has-post-thumbnail hentry category-actualite category-autre-evenements entry has-media\">\n\n<div class=\"wp-block-columns alignwide is-layout-flex wp-container-core-columns-is-layout-9d6595d7 wp-block-columns-is-layout-flex\">\n<div class=\"wp-block-column is-layout-flow wp-block-column-is-layout-flow\" style=\"flex-basis:66.66%\"><figure class=\"wp-block-post-featured-image\"><a href=\"http:\/\/www.studiotangoargentino.com\/?p=4457\" target=\"_self\"  ><img decoding=\"async\" width=\"1000\" height=\"400\" src=\"http:\/\/www.studiotangoargentino.com\/wp-content\/uploads\/2025\/12\/20251222.jpg\" class=\"attachment-post-thumbnail size-post-thumbnail wp-post-image\" alt=\"Vacances de No\u00ebl 2025\" style=\"object-fit:cover;\" srcset=\"http:\/\/www.studiotangoargentino.com\/wp-content\/uploads\/2025\/12\/20251222.jpg 1000w, http:\/\/www.studiotangoargentino.com\/wp-content\/uploads\/2025\/12\/20251222-300x120.jpg 300w, http:\/\/www.studiotangoargentino.com\/wp-content\/uploads\/2025\/12\/20251222-768x307.jpg 768w\" sizes=\"(max-width: 1000px) 100vw, 1000px\" \/><\/a><\/figure><\/div>\n\n\n\n<div class=\"wp-block-column is-layout-flow wp-block-column-is-layout-flow\" style=\"flex-basis:33.33%\"><h2 class=\"wp-block-post-title\"><a href=\"http:\/\/www.studiotangoargentino.com\/?p=4457\" target=\"_self\" >Vacances de No\u00ebl 2025<\/a><\/h2>\n\n<div class=\"wp-block-post-excerpt\"><p class=\"wp-block-post-excerpt__excerpt\">Bonjour \u00e0 toutes et \u00e0 tousCe message pour vous pr\u00e9venir qu&rsquo;il n&rsquo;y aura pas des cours de tango ni de Milongas pendant les deux semaines de vacances scolaires,les cours&nbsp;reprendront le lundi 5&nbsp;janvier 2026. BONNES FETES DE FIN D&rsquo;ANNEE 2025\u00a0A TOUTES ET A TOUS Toute l&rsquo;Equipe deStudio Tango Argentino <\/p><\/div>\n\n<a class=\"wp-block-read-more\" href=\"http:\/\/www.studiotangoargentino.com\/?p=4457\" target=\"_self\">Lire la suite<span class=\"screen-reader-text\">\u00a0: Vacances de No\u00ebl 2025<\/span><\/a><\/div>\n<\/div>\n\n<\/li><li class=\"wp-block-post post-4362 post type-post status-publish format-standard has-post-thumbnail hentry category-actualite category-autre-evenements category-non-classe entry has-media\">\n\n<div class=\"wp-block-columns alignwide is-layout-flex wp-container-core-columns-is-layout-9d6595d7 wp-block-columns-is-layout-flex\">\n<div class=\"wp-block-column is-layout-flow wp-block-column-is-layout-flow\" style=\"flex-basis:66.66%\"><figure class=\"wp-block-post-featured-image\"><a href=\"http:\/\/www.studiotangoargentino.com\/?p=4362\" target=\"_self\"  ><img decoding=\"async\" width=\"1000\" height=\"400\" src=\"http:\/\/www.studiotangoargentino.com\/wp-content\/uploads\/2025\/10\/20251028.jpg\" class=\"attachment-post-thumbnail size-post-thumbnail wp-post-image\" alt=\"Cours de Tango pendant les vacances scolaires de la Toussaint\" style=\"object-fit:cover;\" srcset=\"http:\/\/www.studiotangoargentino.com\/wp-content\/uploads\/2025\/10\/20251028.jpg 1000w, http:\/\/www.studiotangoargentino.com\/wp-content\/uploads\/2025\/10\/20251028-300x120.jpg 300w, http:\/\/www.studiotangoargentino.com\/wp-content\/uploads\/2025\/10\/20251028-768x307.jpg 768w\" sizes=\"(max-width: 1000px) 100vw, 1000px\" \/><\/a><\/figure><\/div>\n\n\n\n<div class=\"wp-block-column is-layout-flow wp-block-column-is-layout-flow\" style=\"flex-basis:33.33%\"><h2 class=\"wp-block-post-title\"><a href=\"http:\/\/www.studiotangoargentino.com\/?p=4362\" target=\"_self\" >Cours de Tango pendant les vacances scolaires de la Toussaint<\/a><\/h2>\n\n<div class=\"wp-block-post-excerpt\"><p class=\"wp-block-post-excerpt__excerpt\">Bonjour \u00e0 toutes et \u00e0 tous Bient\u00f4t c&rsquo;est les vacances scolaires de la Toussaint mais certains cours auront lieu pendant les vacances, certains n&rsquo;auront pas lieu: Voici le PROGRAMME:Lundi 20 octobre\u00a0: cours maintenus au 25 rue Doyenn\u00e9 \u00e0 19:15 et \u00e0 20:30, par contre PAS DE COURS au 37 rue BossuetMardi 21 octobre\u00a0: PAS DE\u2026 <\/p><\/div>\n\n<a class=\"wp-block-read-more\" href=\"http:\/\/www.studiotangoargentino.com\/?p=4362\" target=\"_self\">Lire la suite<span class=\"screen-reader-text\">\u00a0: Cours de Tango pendant les vacances scolaires de la Toussaint<\/span><\/a><\/div>\n<\/div>\n\n<\/li><\/ul>\n\n<nav class=\"wp-block-query-pagination is-content-justification-center is-layout-flex wp-container-core-query-pagination-is-layout-16018d1d wp-block-query-pagination-is-layout-flex\" aria-label=\"Pagination\">\n\n\n<div class=\"wp-block-query-pagination-numbers\"><span aria-current=\"page\" class=\"page-numbers current\">1<\/span>\n<a class=\"page-numbers\" href=\"?query-23-page=2&#038;rest_route=%2Fwp%2Fv2%2Fpages%2F881\">2<\/a>\n<a class=\"page-numbers\" href=\"?query-23-page=3&#038;rest_route=%2Fwp%2Fv2%2Fpages%2F881\">3<\/a>\n<span class=\"page-numbers dots\">\u2026<\/span>\n<a class=\"page-numbers\" href=\"?query-23-page=5&#038;rest_route=%2Fwp%2Fv2%2Fpages%2F881\">5<\/a><\/div>\n\n<a href=\"\/index.php?rest_route=%2Fwp%2Fv2%2Fpages%2F881&#038;query-23-page=2\" class=\"wp-block-query-pagination-next\">Page suivante<\/a>\n<\/nav><\/div>\n","protected":false},"excerpt":{"rendered":"<p>Le Studio, un espace de danse, mais pas seulement&#8230; C&rsquo;est aussi un lieu pluriculturel accueillant les artistes de diff\u00e9rents horizons : exposition de peinture, de photos, concerts, rencontres diverses et vari\u00e9es&#8230;Venez partager avec nous ces moments conviviaux!<\/p>\n","protected":false},"author":1,"featured_media":0,"parent":0,"menu_order":0,"comment_status":"closed","ping_status":"closed","template":"","meta":{"ocean_post_layout":"full-width","ocean_both_sidebars_style":"","ocean_both_sidebars_content_width":0,"ocean_both_sidebars_sidebars_width":0,"ocean_sidebar":"0","ocean_second_sidebar":"0","ocean_disable_margins":"enable","ocean_add_body_class":"","ocean_shortcode_before_top_bar":"","ocean_shortcode_after_top_bar":"","ocean_shortcode_before_header":"","ocean_shortcode_after_header":"","ocean_has_shortcode":"","ocean_shortcode_after_title":"","ocean_shortcode_before_footer_widgets":"","ocean_shortcode_after_footer_widgets":"","ocean_shortcode_before_footer_bottom":"","ocean_shortcode_after_footer_bottom":"","ocean_display_top_bar":"default","ocean_display_header":"default","ocean_header_style":"","ocean_center_header_left_menu":"0","ocean_custom_header_template":"0","ocean_custom_logo":0,"ocean_custom_retina_logo":0,"ocean_custom_logo_max_width":0,"ocean_custom_logo_tablet_max_width":0,"ocean_custom_logo_mobile_max_width":0,"ocean_custom_logo_max_height":0,"ocean_custom_logo_tablet_max_height":0,"ocean_custom_logo_mobile_max_height":0,"ocean_header_custom_menu":"0","ocean_menu_typo_font_family":"0","ocean_menu_typo_font_subset":"","ocean_menu_typo_font_size":0,"ocean_menu_typo_font_size_tablet":0,"ocean_menu_typo_font_size_mobile":0,"ocean_menu_typo_font_size_unit":"px","ocean_menu_typo_font_weight":"","ocean_menu_typo_font_weight_tablet":"","ocean_menu_typo_font_weight_mobile":"","ocean_menu_typo_transform":"","ocean_menu_typo_transform_tablet":"","ocean_menu_typo_transform_mobile":"","ocean_menu_typo_line_height":0,"ocean_menu_typo_line_height_tablet":0,"ocean_menu_typo_line_height_mobile":0,"ocean_menu_typo_line_height_unit":"","ocean_menu_typo_spacing":0,"ocean_menu_typo_spacing_tablet":0,"ocean_menu_typo_spacing_mobile":0,"ocean_menu_typo_spacing_unit":"","ocean_menu_link_color":"","ocean_menu_link_color_hover":"","ocean_menu_link_color_active":"","ocean_menu_link_background":"","ocean_menu_link_hover_background":"","ocean_menu_link_active_background":"","ocean_menu_social_links_bg":"","ocean_menu_social_hover_links_bg":"","ocean_menu_social_links_color":"","ocean_menu_social_hover_links_color":"","ocean_disable_title":"default","ocean_disable_heading":"default","ocean_post_title":"","ocean_post_subheading":"","ocean_post_title_style":"","ocean_post_title_background_color":"","ocean_post_title_background":0,"ocean_post_title_bg_image_position":"","ocean_post_title_bg_image_attachment":"","ocean_post_title_bg_image_repeat":"","ocean_post_title_bg_image_size":"","ocean_post_title_height":0,"ocean_post_title_bg_overlay":0.5,"ocean_post_title_bg_overlay_color":"","ocean_disable_breadcrumbs":"default","ocean_breadcrumbs_color":"","ocean_breadcrumbs_separator_color":"","ocean_breadcrumbs_links_color":"","ocean_breadcrumbs_links_hover_color":"","ocean_display_footer_widgets":"default","ocean_display_footer_bottom":"default","ocean_custom_footer_template":"0","_mc_calendar":[],"footnotes":""},"class_list":["post-881","page","type-page","status-publish","hentry","entry"],"_links":{"self":[{"href":"http:\/\/www.studiotangoargentino.com\/index.php?rest_route=\/wp\/v2\/pages\/881","targetHints":{"allow":["GET"]}}],"collection":[{"href":"http:\/\/www.studiotangoargentino.com\/index.php?rest_route=\/wp\/v2\/pages"}],"about":[{"href":"http:\/\/www.studiotangoargentino.com\/index.php?rest_route=\/wp\/v2\/types\/page"}],"author":[{"embeddable":true,"href":"http:\/\/www.studiotangoargentino.com\/index.php?rest_route=\/wp\/v2\/users\/1"}],"replies":[{"embeddable":true,"href":"http:\/\/www.studiotangoargentino.com\/index.php?rest_route=%2Fwp%2Fv2%2Fcomments&post=881"}],"version-history":[{"count":13,"href":"http:\/\/www.studiotangoargentino.com\/index.php?rest_route=\/wp\/v2\/pages\/881\/revisions"}],"predecessor-version":[{"id":1410,"href":"http:\/\/www.studiotangoargentino.com\/index.php?rest_route=\/wp\/v2\/pages\/881\/revisions\/1410"}],"wp:attachment":[{"href":"http:\/\/www.studiotangoargentino.com\/index.php?rest_route=%2Fwp%2Fv2%2Fmedia&parent=881"}],"curies":[{"name":"wp","href":"https:\/\/api.w.org\/{rel}","templated":true}]}}