{"id":879,"date":"2022-10-20T17:19:49","date_gmt":"2022-10-20T15:19:49","guid":{"rendered":"http:\/\/www.studiotangoargentino.com\/?page_id=879"},"modified":"2023-01-19T19:57:21","modified_gmt":"2023-01-19T18:57:21","slug":"milongas","status":"publish","type":"page","link":"http:\/\/www.studiotangoargentino.com\/?page_id=879","title":{"rendered":"Milongas"},"content":{"rendered":"\n<p>Studio Tango Argentino organise plusieurs fois par mois, des bals tango appel\u00e9s milongas.<br>C\u2019est l\u2019occasion de mettre en pratique les derniers pas que vous avez appris en cours&nbsp;; de s\u2019amuser et de se rencontrer autour d\u2019un verre dans une ambiance joyeuse et d\u00e9contract\u00e9e.<\/p>\n\n\n\n<main class=\"wp-block-query is-layout-flow wp-block-query-is-layout-flow\"><ul class=\"wp-block-post-template is-layout-flow wp-block-post-template-is-layout-flow\"><li class=\"wp-block-post post-4773 post type-post status-publish format-standard has-post-thumbnail hentry category-actualite category-bals-milongas entry has-media\">\n\n<div class=\"wp-block-columns alignwide is-layout-flex wp-container-core-columns-is-layout-9d6595d7 wp-block-columns-is-layout-flex\">\n<div class=\"wp-block-column is-layout-flow wp-block-column-is-layout-flow\" style=\"flex-basis:66.66%\"><figure class=\"wp-block-post-featured-image\"><a href=\"http:\/\/www.studiotangoargentino.com\/?p=4773\" target=\"_self\"  ><img fetchpriority=\"high\" decoding=\"async\" width=\"1000\" height=\"400\" src=\"http:\/\/www.studiotangoargentino.com\/wp-content\/uploads\/2026\/04\/20260430.jpg\" class=\"attachment-post-thumbnail size-post-thumbnail wp-post-image\" alt=\"Milonga Jeudi 30 avril Despedida Melina Maini\" style=\"object-fit:cover;\" srcset=\"http:\/\/www.studiotangoargentino.com\/wp-content\/uploads\/2026\/04\/20260430.jpg 1000w, http:\/\/www.studiotangoargentino.com\/wp-content\/uploads\/2026\/04\/20260430-300x120.jpg 300w, http:\/\/www.studiotangoargentino.com\/wp-content\/uploads\/2026\/04\/20260430-768x307.jpg 768w\" sizes=\"(max-width: 1000px) 100vw, 1000px\" \/><\/a><\/figure><\/div>\n\n\n\n<div class=\"wp-block-column is-layout-flow wp-block-column-is-layout-flow\" style=\"flex-basis:33.33%\"><h2 class=\"wp-block-post-title\"><a href=\"http:\/\/www.studiotangoargentino.com\/?p=4773\" target=\"_self\" >Milonga Jeudi 30 avril Despedida Melina Maini<\/a><\/h2>\n\n<div class=\"wp-block-post-excerpt\"><p class=\"wp-block-post-excerpt__excerpt\">Studio Tango Argentino organise cette semaine une\u00a0Milonga ce jeudi 30 avril 2026 de 21h00 \u00e0 1:00, dans le local de l\u2019association\u00a0au 25 rue du Doyenn\u00e9 69005 Lyon. Ce sera l\u2019occasion pour souhaiter bonne continuation de tourn\u00e9e \u00e0 Melina Maini, danseuse en r\u00e9sidence \u00e0 STA ce mois-ci. Melina sera notre DJ,\u00a0la musique sera bien vari\u00e9e, des\u2026 <\/p><\/div>\n\n<a class=\"wp-block-read-more\" href=\"http:\/\/www.studiotangoargentino.com\/?p=4773\" target=\"_self\">Lire la suite<span class=\"screen-reader-text\">\u00a0: Milonga Jeudi 30 avril Despedida Melina Maini<\/span><\/a><\/div>\n<\/div>\n\n<\/li><li class=\"wp-block-post post-4739 post type-post status-publish format-standard has-post-thumbnail hentry category-actualite category-bals-milongas entry has-media\">\n\n<div class=\"wp-block-columns alignwide is-layout-flex wp-container-core-columns-is-layout-9d6595d7 wp-block-columns-is-layout-flex\">\n<div class=\"wp-block-column is-layout-flow wp-block-column-is-layout-flow\" style=\"flex-basis:66.66%\"><figure class=\"wp-block-post-featured-image\"><a href=\"http:\/\/www.studiotangoargentino.com\/?p=4739\" target=\"_self\"  ><img decoding=\"async\" width=\"1000\" height=\"400\" src=\"http:\/\/www.studiotangoargentino.com\/wp-content\/uploads\/2026\/04\/20260423bis.jpg\" class=\"attachment-post-thumbnail size-post-thumbnail wp-post-image\" alt=\"Milonga\/presentation du livre de Nathalie Paris jeudi 23 avril\" style=\"object-fit:cover;\" srcset=\"http:\/\/www.studiotangoargentino.com\/wp-content\/uploads\/2026\/04\/20260423bis.jpg 1000w, http:\/\/www.studiotangoargentino.com\/wp-content\/uploads\/2026\/04\/20260423bis-300x120.jpg 300w, http:\/\/www.studiotangoargentino.com\/wp-content\/uploads\/2026\/04\/20260423bis-768x307.jpg 768w\" sizes=\"(max-width: 1000px) 100vw, 1000px\" \/><\/a><\/figure><\/div>\n\n\n\n<div class=\"wp-block-column is-layout-flow wp-block-column-is-layout-flow\" style=\"flex-basis:33.33%\"><h2 class=\"wp-block-post-title\"><a href=\"http:\/\/www.studiotangoargentino.com\/?p=4739\" target=\"_self\" >Milonga\/presentation du livre de Nathalie Paris jeudi 23 avril<\/a><\/h2>\n\n<div class=\"wp-block-post-excerpt\"><p class=\"wp-block-post-excerpt__excerpt\">Studio Tango Argentino s&rsquo;assicie avec Nathalie Paris pour une soir\u00e9e Milonga et D\u00e9dicaces \u00ab\u00a0&#8230;cette danse o\u00f9 les corps parlent mieux que les yeux, o\u00f9 le handicap s&rsquo;efface dans l&rsquo;\u00e9treinte et le rythme\u00a0\u00bb. N.P. D\u00e9dicace, initiation et bal tango Le jeudi 23 avril \u00e0 partir de 19h30 \u00e0 El bar Debourg (Lyon 7eme) Nous avons la\u2026 <\/p><\/div>\n\n<a class=\"wp-block-read-more\" href=\"http:\/\/www.studiotangoargentino.com\/?p=4739\" target=\"_self\">Lire la suite<span class=\"screen-reader-text\">\u00a0: Milonga\/presentation du livre de Nathalie Paris jeudi 23 avril<\/span><\/a><\/div>\n<\/div>\n\n<\/li><li class=\"wp-block-post post-4734 post type-post status-publish format-standard has-post-thumbnail hentry category-actualite category-bals-milongas entry has-media\">\n\n<div class=\"wp-block-columns alignwide is-layout-flex wp-container-core-columns-is-layout-9d6595d7 wp-block-columns-is-layout-flex\">\n<div class=\"wp-block-column is-layout-flow wp-block-column-is-layout-flow\" style=\"flex-basis:66.66%\"><figure class=\"wp-block-post-featured-image\"><a href=\"http:\/\/www.studiotangoargentino.com\/?p=4734\" target=\"_self\"  ><img decoding=\"async\" width=\"1000\" height=\"400\" src=\"http:\/\/www.studiotangoargentino.com\/wp-content\/uploads\/2026\/04\/20260424.jpg\" class=\"attachment-post-thumbnail size-post-thumbnail wp-post-image\" alt=\"Milonga Vendredi 24 avril Bienvenida et DJ Melina Maini\" style=\"object-fit:cover;\" srcset=\"http:\/\/www.studiotangoargentino.com\/wp-content\/uploads\/2026\/04\/20260424.jpg 1000w, http:\/\/www.studiotangoargentino.com\/wp-content\/uploads\/2026\/04\/20260424-300x120.jpg 300w, http:\/\/www.studiotangoargentino.com\/wp-content\/uploads\/2026\/04\/20260424-768x307.jpg 768w\" sizes=\"(max-width: 1000px) 100vw, 1000px\" \/><\/a><\/figure><\/div>\n\n\n\n<div class=\"wp-block-column is-layout-flow wp-block-column-is-layout-flow\" style=\"flex-basis:33.33%\"><h2 class=\"wp-block-post-title\"><a href=\"http:\/\/www.studiotangoargentino.com\/?p=4734\" target=\"_self\" >Milonga Vendredi 24 avril Bienvenida et DJ Melina Maini<\/a><\/h2>\n\n<div class=\"wp-block-post-excerpt\"><p class=\"wp-block-post-excerpt__excerpt\">Studio Tango Argentino organise cette semaine une\u00a0Milonga ce vendredi 24 avril 2026 de 20h30 \u00e0 1:30, dans le local de l\u2019association\u00a0au 25 rue du Doyenn\u00e9 69005 Lyon. Ce sera l\u2019occasion pour donner la bienvenue \u00e0 Melina Maini car elle sera en r\u00e9sidence \u00e0 STA ce mois-ci. Melina sera notre DJ,\u00a0la musique sera bien vari\u00e9e, des\u2026 <\/p><\/div>\n\n<a class=\"wp-block-read-more\" href=\"http:\/\/www.studiotangoargentino.com\/?p=4734\" target=\"_self\">Lire la suite<span class=\"screen-reader-text\">\u00a0: Milonga Vendredi 24 avril Bienvenida et DJ Melina Maini<\/span><\/a><\/div>\n<\/div>\n\n<\/li><\/ul>\n\n<nav class=\"aligncenter wp-block-query-pagination is-layout-flex wp-block-query-pagination-is-layout-flex\" aria-label=\"Pagination\">\n\n\n<div class=\"wp-block-query-pagination-numbers\"><span aria-current=\"page\" class=\"page-numbers current\">1<\/span>\n<a class=\"page-numbers\" href=\"?query-44-page=2&#038;rest_route=%2Fwp%2Fv2%2Fpages%2F879\">2<\/a>\n<a class=\"page-numbers\" href=\"?query-44-page=3&#038;rest_route=%2Fwp%2Fv2%2Fpages%2F879\">3<\/a>\n<span class=\"page-numbers dots\">\u2026<\/span>\n<a class=\"page-numbers\" href=\"?query-44-page=62&#038;rest_route=%2Fwp%2Fv2%2Fpages%2F879\">62<\/a><\/div>\n\n<a href=\"\/index.php?rest_route=%2Fwp%2Fv2%2Fpages%2F879&#038;query-44-page=2\" class=\"wp-block-query-pagination-next\">Page suivante<\/a>\n<\/nav><\/main>\n","protected":false},"excerpt":{"rendered":"<p>Studio Tango Argentino organise plusieurs fois par mois, des bals tango appel\u00e9s milongas.C\u2019est l\u2019occasion de mettre en pratique les derniers pas que vous avez appris en cours&nbsp;; de s\u2019amuser et de se rencontrer autour d\u2019un verre dans une ambiance joyeuse et d\u00e9contract\u00e9e.<\/p>\n","protected":false},"author":1,"featured_media":0,"parent":0,"menu_order":0,"comment_status":"closed","ping_status":"closed","template":"","meta":{"ocean_post_layout":"full-width","ocean_both_sidebars_style":"","ocean_both_sidebars_content_width":0,"ocean_both_sidebars_sidebars_width":0,"ocean_sidebar":"0","ocean_second_sidebar":"0","ocean_disable_margins":"enable","ocean_add_body_class":"","ocean_shortcode_before_top_bar":"","ocean_shortcode_after_top_bar":"","ocean_shortcode_before_header":"","ocean_shortcode_after_header":"","ocean_has_shortcode":"","ocean_shortcode_after_title":"","ocean_shortcode_before_footer_widgets":"","ocean_shortcode_after_footer_widgets":"","ocean_shortcode_before_footer_bottom":"","ocean_shortcode_after_footer_bottom":"","ocean_display_top_bar":"default","ocean_display_header":"default","ocean_header_style":"","ocean_center_header_left_menu":"0","ocean_custom_header_template":"0","ocean_custom_logo":0,"ocean_custom_retina_logo":0,"ocean_custom_logo_max_width":0,"ocean_custom_logo_tablet_max_width":0,"ocean_custom_logo_mobile_max_width":0,"ocean_custom_logo_max_height":0,"ocean_custom_logo_tablet_max_height":0,"ocean_custom_logo_mobile_max_height":0,"ocean_header_custom_menu":"0","ocean_menu_typo_font_family":"0","ocean_menu_typo_font_subset":"","ocean_menu_typo_font_size":0,"ocean_menu_typo_font_size_tablet":0,"ocean_menu_typo_font_size_mobile":0,"ocean_menu_typo_font_size_unit":"px","ocean_menu_typo_font_weight":"","ocean_menu_typo_font_weight_tablet":"","ocean_menu_typo_font_weight_mobile":"","ocean_menu_typo_transform":"","ocean_menu_typo_transform_tablet":"","ocean_menu_typo_transform_mobile":"","ocean_menu_typo_line_height":0,"ocean_menu_typo_line_height_tablet":0,"ocean_menu_typo_line_height_mobile":0,"ocean_menu_typo_line_height_unit":"","ocean_menu_typo_spacing":0,"ocean_menu_typo_spacing_tablet":0,"ocean_menu_typo_spacing_mobile":0,"ocean_menu_typo_spacing_unit":"","ocean_menu_link_color":"","ocean_menu_link_color_hover":"","ocean_menu_link_color_active":"","ocean_menu_link_background":"","ocean_menu_link_hover_background":"","ocean_menu_link_active_background":"","ocean_menu_social_links_bg":"","ocean_menu_social_hover_links_bg":"","ocean_menu_social_links_color":"","ocean_menu_social_hover_links_color":"","ocean_disable_title":"default","ocean_disable_heading":"default","ocean_post_title":"","ocean_post_subheading":"","ocean_post_title_style":"","ocean_post_title_background_color":"","ocean_post_title_background":0,"ocean_post_title_bg_image_position":"","ocean_post_title_bg_image_attachment":"","ocean_post_title_bg_image_repeat":"","ocean_post_title_bg_image_size":"","ocean_post_title_height":0,"ocean_post_title_bg_overlay":0.5,"ocean_post_title_bg_overlay_color":"","ocean_disable_breadcrumbs":"default","ocean_breadcrumbs_color":"","ocean_breadcrumbs_separator_color":"","ocean_breadcrumbs_links_color":"","ocean_breadcrumbs_links_hover_color":"","ocean_display_footer_widgets":"default","ocean_display_footer_bottom":"default","ocean_custom_footer_template":"0","_mc_calendar":[],"footnotes":""},"class_list":["post-879","page","type-page","status-publish","hentry","entry"],"_links":{"self":[{"href":"http:\/\/www.studiotangoargentino.com\/index.php?rest_route=\/wp\/v2\/pages\/879","targetHints":{"allow":["GET"]}}],"collection":[{"href":"http:\/\/www.studiotangoargentino.com\/index.php?rest_route=\/wp\/v2\/pages"}],"about":[{"href":"http:\/\/www.studiotangoargentino.com\/index.php?rest_route=\/wp\/v2\/types\/page"}],"author":[{"embeddable":true,"href":"http:\/\/www.studiotangoargentino.com\/index.php?rest_route=\/wp\/v2\/users\/1"}],"replies":[{"embeddable":true,"href":"http:\/\/www.studiotangoargentino.com\/index.php?rest_route=%2Fwp%2Fv2%2Fcomments&post=879"}],"version-history":[{"count":31,"href":"http:\/\/www.studiotangoargentino.com\/index.php?rest_route=\/wp\/v2\/pages\/879\/revisions"}],"predecessor-version":[{"id":1630,"href":"http:\/\/www.studiotangoargentino.com\/index.php?rest_route=\/wp\/v2\/pages\/879\/revisions\/1630"}],"wp:attachment":[{"href":"http:\/\/www.studiotangoargentino.com\/index.php?rest_route=%2Fwp%2Fv2%2Fmedia&parent=879"}],"curies":[{"name":"wp","href":"https:\/\/api.w.org\/{rel}","templated":true}]}}