{"id":3196,"date":"2024-07-05T17:09:28","date_gmt":"2024-07-05T15:09:28","guid":{"rendered":"http:\/\/www.studiotangoargentino.com\/?page_id=3196"},"modified":"2024-09-17T21:58:02","modified_gmt":"2024-09-17T19:58:02","slug":"tango-theatre","status":"publish","type":"page","link":"http:\/\/www.studiotangoargentino.com\/?page_id=3196","title":{"rendered":"Tango Th\u00e9atre"},"content":{"rendered":"\n<p><strong>Quand le th\u00e9\u00e2tre et&nbsp;la danse s&rsquo;enlacent&#8230;.<\/strong><\/p>\n\n\n\n<p>Le th\u00e9\u00e2tre au service du tango ? Le tango&nbsp;au service du th\u00e9\u00e2tre?&nbsp;&nbsp;<\/p>\n\n\n\n<p>Un m\u00eame atelier !<\/p>\n\n\n\n<p>Anim\u00e9 par deux com\u00e9diennes\/danseuses (Corinne Chevalier &amp; Marie Gourion) , ce cours sera un espace pour apprendre et explorer le tango par les voies du sensible et de l&rsquo;imaginaire. Que vous soyez d\u00e9butant.e dans cette danse ou plus exp\u00e9riment\u00e9.e, nous construirons avec vous un chemin individuel (apports techniques) et collectif (cr\u00e9ation commune) nourri de votre exp\u00e9rience, de vos histoires, de vos \u00e9lans et de notre gourmandise \u00e0 explorer ensemble les possibles !&nbsp;<\/p>\n\n\n\n<p>Proposition publique imagin\u00e9e fin juin, lors d&rsquo;une milonga.<\/p>\n\n\n\n<p><strong>Horaires \u00e0 partir du 30 Sept. 2024\u00a0:<\/strong><\/p>\n\n\n\n<p><strong>Les lundis de 14h30<\/strong><\/p>\n\n\n\n<p>au <a href=\"https:\/\/www.google.com\/maps\/dir\/\/25+Rue+du+Doyenn%C3%A9,+69005+Lyon\/@45.7584335,4.7907335,16873m\/data=!3m2!1e3!4b1!4m9!4m8!1m0!1m5!1m1!1s0x47f4ebac60118c79:0xf80d760d89b2226b!2m2!1d4.8258386!2d45.758379!3e1?hl=fr\" data-type=\"link\" data-id=\"https:\/\/www.google.com\/maps\/dir\/\/25+Rue+du+Doyenn%C3%A9,+69005+Lyon\/@45.7584335,4.7907335,16873m\/data=!3m2!1e3!4b1!4m9!4m8!1m0!1m5!1m1!1s0x47f4ebac60118c79:0xf80d760d89b2226b!2m2!1d4.8258386!2d45.758379!3e1?hl=fr\">Local S.T.A, 25 Rue du Doyenn\u00e9, 69005 Lyon<\/a><\/p>\n\n\n\n<p><\/p>\n","protected":false},"excerpt":{"rendered":"<p>Quand le th\u00e9\u00e2tre et&nbsp;la danse s&rsquo;enlacent&#8230;. Le th\u00e9\u00e2tre au service du tango ? Le tango&nbsp;au service du th\u00e9\u00e2tre?&nbsp;&nbsp; Un m\u00eame atelier ! Anim\u00e9 par deux com\u00e9diennes\/danseuses (Corinne Chevalier &amp; Marie Gourion) , ce cours sera un espace pour apprendre et explorer le tango par les voies du sensible et de l&rsquo;imaginaire. Que vous soyez d\u00e9butant.e [&hellip;]<\/p>\n","protected":false},"author":2,"featured_media":0,"parent":0,"menu_order":0,"comment_status":"closed","ping_status":"closed","template":"","meta":{"ocean_post_layout":"","ocean_both_sidebars_style":"","ocean_both_sidebars_content_width":0,"ocean_both_sidebars_sidebars_width":0,"ocean_sidebar":"0","ocean_second_sidebar":"0","ocean_disable_margins":"enable","ocean_add_body_class":"","ocean_shortcode_before_top_bar":"","ocean_shortcode_after_top_bar":"","ocean_shortcode_before_header":"","ocean_shortcode_after_header":"","ocean_has_shortcode":"","ocean_shortcode_after_title":"","ocean_shortcode_before_footer_widgets":"","ocean_shortcode_after_footer_widgets":"","ocean_shortcode_before_footer_bottom":"","ocean_shortcode_after_footer_bottom":"","ocean_display_top_bar":"default","ocean_display_header":"default","ocean_header_style":"","ocean_center_header_left_menu":"0","ocean_custom_header_template":"0","ocean_custom_logo":0,"ocean_custom_retina_logo":0,"ocean_custom_logo_max_width":0,"ocean_custom_logo_tablet_max_width":0,"ocean_custom_logo_mobile_max_width":0,"ocean_custom_logo_max_height":0,"ocean_custom_logo_tablet_max_height":0,"ocean_custom_logo_mobile_max_height":0,"ocean_header_custom_menu":"0","ocean_menu_typo_font_family":"0","ocean_menu_typo_font_subset":"","ocean_menu_typo_font_size":0,"ocean_menu_typo_font_size_tablet":0,"ocean_menu_typo_font_size_mobile":0,"ocean_menu_typo_font_size_unit":"px","ocean_menu_typo_font_weight":"","ocean_menu_typo_font_weight_tablet":"","ocean_menu_typo_font_weight_mobile":"","ocean_menu_typo_transform":"","ocean_menu_typo_transform_tablet":"","ocean_menu_typo_transform_mobile":"","ocean_menu_typo_line_height":0,"ocean_menu_typo_line_height_tablet":0,"ocean_menu_typo_line_height_mobile":0,"ocean_menu_typo_line_height_unit":"","ocean_menu_typo_spacing":0,"ocean_menu_typo_spacing_tablet":0,"ocean_menu_typo_spacing_mobile":0,"ocean_menu_typo_spacing_unit":"","ocean_menu_link_color":"","ocean_menu_link_color_hover":"","ocean_menu_link_color_active":"","ocean_menu_link_background":"","ocean_menu_link_hover_background":"","ocean_menu_link_active_background":"","ocean_menu_social_links_bg":"","ocean_menu_social_hover_links_bg":"","ocean_menu_social_links_color":"","ocean_menu_social_hover_links_color":"","ocean_disable_title":"default","ocean_disable_heading":"default","ocean_post_title":"","ocean_post_subheading":"","ocean_post_title_style":"","ocean_post_title_background_color":"","ocean_post_title_background":0,"ocean_post_title_bg_image_position":"","ocean_post_title_bg_image_attachment":"","ocean_post_title_bg_image_repeat":"","ocean_post_title_bg_image_size":"","ocean_post_title_height":0,"ocean_post_title_bg_overlay":0.5,"ocean_post_title_bg_overlay_color":"","ocean_disable_breadcrumbs":"default","ocean_breadcrumbs_color":"","ocean_breadcrumbs_separator_color":"","ocean_breadcrumbs_links_color":"","ocean_breadcrumbs_links_hover_color":"","ocean_display_footer_widgets":"default","ocean_display_footer_bottom":"default","ocean_custom_footer_template":"0","_mc_calendar":[],"footnotes":""},"class_list":["post-3196","page","type-page","status-publish","hentry","entry"],"_links":{"self":[{"href":"http:\/\/www.studiotangoargentino.com\/index.php?rest_route=\/wp\/v2\/pages\/3196","targetHints":{"allow":["GET"]}}],"collection":[{"href":"http:\/\/www.studiotangoargentino.com\/index.php?rest_route=\/wp\/v2\/pages"}],"about":[{"href":"http:\/\/www.studiotangoargentino.com\/index.php?rest_route=\/wp\/v2\/types\/page"}],"author":[{"embeddable":true,"href":"http:\/\/www.studiotangoargentino.com\/index.php?rest_route=\/wp\/v2\/users\/2"}],"replies":[{"embeddable":true,"href":"http:\/\/www.studiotangoargentino.com\/index.php?rest_route=%2Fwp%2Fv2%2Fcomments&post=3196"}],"version-history":[{"count":6,"href":"http:\/\/www.studiotangoargentino.com\/index.php?rest_route=\/wp\/v2\/pages\/3196\/revisions"}],"predecessor-version":[{"id":3379,"href":"http:\/\/www.studiotangoargentino.com\/index.php?rest_route=\/wp\/v2\/pages\/3196\/revisions\/3379"}],"wp:attachment":[{"href":"http:\/\/www.studiotangoargentino.com\/index.php?rest_route=%2Fwp%2Fv2%2Fmedia&parent=3196"}],"curies":[{"name":"wp","href":"https:\/\/api.w.org\/{rel}","templated":true}]}}