{"id":3191,"date":"2024-07-05T17:07:31","date_gmt":"2024-07-05T15:07:31","guid":{"rendered":"http:\/\/www.studiotangoargentino.com\/?page_id=3191"},"modified":"2024-07-15T21:49:06","modified_gmt":"2024-07-15T19:49:06","slug":"cours-de-technique-2-roles","status":"publish","type":"page","link":"http:\/\/www.studiotangoargentino.com\/?page_id=3191","title":{"rendered":"Cours de Technique 2 r\u00f4les"},"content":{"rendered":"\n<p>Pour approfondir la Technique du Tango, on te propose un cours dans lequel tu pourras te consacrer enti\u00e8rement \u00e0 l\u2019\u00e9tude de la technique personnelle \u00e0 d\u00e9velopper pour bien danser \u00e0 2.<\/p>\n\n\n\n<p>Tu pourras y participer tout.e seul.e sans aucun besoin de partenaire et am\u00e9liorer ton \u00e9quilibre, tes appuis au sol, ton gainage du centre et des muscles dorsaux, ta r\u00e9sistance musculaire, ta mobilit\u00e9 au sol, ton ancrage.<\/p>\n\n\n\n<p>Ce travail corporel est, selon nous, incontournable pour avancer dans l\u2019apprentissage du Tango \u00e0 2.<\/p>\n\n\n\n<figure class=\"wp-block-table is-style-stripes\">\n    <table>\n       <tbody>\n          <tr>\n             <td>Mardi<\/td>\n             <td><strong>18h30<\/strong>\n                <br>\n                <a href=\"https:\/\/www.google.com\/maps\/dir\/45.7748843,4.7991912\/25+Rue+du+Doyenn%C3%A9,+69005+Lyon\/@45.7671505,4.8068686,4218m\/data=!3m2!1e3!4b1!4m10!4m9!1m1!4e1!1m5!1m1!1s0x47f4ebac60118c79:0xf80d760d89b2226b!2m2!1d4.8258386!2d45.758379!3e1?hl=fr\"><\/a><a href=\"https:\/\/www.google.com\/maps\/dir\/\/25+Rue+du+Doyenn%C3%A9,+69005+Lyon\/@45.7584335,4.7907335,16873m\/data=!3m2!1e3!4b1!4m9!4m8!1m0!1m5!1m1!1s0x47f4ebac60118c79:0xf80d760d89b2226b!2m2!1d4.8258386!2d45.758379!3e1?hl=fr\">Local S.T.A, 25 Rue du Doyenn\u00e9, 69005 Lyon<\/a><\/td>\n             <td><\/td>\n          <\/tr>\n       <\/tbody>\n    <\/table>\n <\/figure>\n","protected":false},"excerpt":{"rendered":"<p>Pour approfondir la Technique du Tango, on te propose un cours dans lequel tu pourras te consacrer enti\u00e8rement \u00e0 l\u2019\u00e9tude de la technique personnelle \u00e0 d\u00e9velopper pour bien danser \u00e0 2. Tu pourras y participer tout.e seul.e sans aucun besoin de partenaire et am\u00e9liorer ton \u00e9quilibre, tes appuis au sol, ton gainage du centre et [&hellip;]<\/p>\n","protected":false},"author":2,"featured_media":0,"parent":0,"menu_order":0,"comment_status":"closed","ping_status":"closed","template":"","meta":{"ocean_post_layout":"","ocean_both_sidebars_style":"","ocean_both_sidebars_content_width":0,"ocean_both_sidebars_sidebars_width":0,"ocean_sidebar":"0","ocean_second_sidebar":"0","ocean_disable_margins":"enable","ocean_add_body_class":"","ocean_shortcode_before_top_bar":"","ocean_shortcode_after_top_bar":"","ocean_shortcode_before_header":"","ocean_shortcode_after_header":"","ocean_has_shortcode":"","ocean_shortcode_after_title":"","ocean_shortcode_before_footer_widgets":"","ocean_shortcode_after_footer_widgets":"","ocean_shortcode_before_footer_bottom":"","ocean_shortcode_after_footer_bottom":"","ocean_display_top_bar":"default","ocean_display_header":"default","ocean_header_style":"","ocean_center_header_left_menu":"0","ocean_custom_header_template":"0","ocean_custom_logo":0,"ocean_custom_retina_logo":0,"ocean_custom_logo_max_width":0,"ocean_custom_logo_tablet_max_width":0,"ocean_custom_logo_mobile_max_width":0,"ocean_custom_logo_max_height":0,"ocean_custom_logo_tablet_max_height":0,"ocean_custom_logo_mobile_max_height":0,"ocean_header_custom_menu":"0","ocean_menu_typo_font_family":"0","ocean_menu_typo_font_subset":"","ocean_menu_typo_font_size":0,"ocean_menu_typo_font_size_tablet":0,"ocean_menu_typo_font_size_mobile":0,"ocean_menu_typo_font_size_unit":"px","ocean_menu_typo_font_weight":"","ocean_menu_typo_font_weight_tablet":"","ocean_menu_typo_font_weight_mobile":"","ocean_menu_typo_transform":"","ocean_menu_typo_transform_tablet":"","ocean_menu_typo_transform_mobile":"","ocean_menu_typo_line_height":0,"ocean_menu_typo_line_height_tablet":0,"ocean_menu_typo_line_height_mobile":0,"ocean_menu_typo_line_height_unit":"","ocean_menu_typo_spacing":0,"ocean_menu_typo_spacing_tablet":0,"ocean_menu_typo_spacing_mobile":0,"ocean_menu_typo_spacing_unit":"","ocean_menu_link_color":"","ocean_menu_link_color_hover":"","ocean_menu_link_color_active":"","ocean_menu_link_background":"","ocean_menu_link_hover_background":"","ocean_menu_link_active_background":"","ocean_menu_social_links_bg":"","ocean_menu_social_hover_links_bg":"","ocean_menu_social_links_color":"","ocean_menu_social_hover_links_color":"","ocean_disable_title":"default","ocean_disable_heading":"default","ocean_post_title":"Cours de Technique pour les 2 r\u00f4les","ocean_post_subheading":"","ocean_post_title_style":"","ocean_post_title_background_color":"","ocean_post_title_background":0,"ocean_post_title_bg_image_position":"","ocean_post_title_bg_image_attachment":"","ocean_post_title_bg_image_repeat":"","ocean_post_title_bg_image_size":"","ocean_post_title_height":0,"ocean_post_title_bg_overlay":0.5,"ocean_post_title_bg_overlay_color":"","ocean_disable_breadcrumbs":"default","ocean_breadcrumbs_color":"","ocean_breadcrumbs_separator_color":"","ocean_breadcrumbs_links_color":"","ocean_breadcrumbs_links_hover_color":"","ocean_display_footer_widgets":"default","ocean_display_footer_bottom":"default","ocean_custom_footer_template":"0","_mc_calendar":[],"footnotes":""},"class_list":["post-3191","page","type-page","status-publish","hentry","entry"],"_links":{"self":[{"href":"http:\/\/www.studiotangoargentino.com\/index.php?rest_route=\/wp\/v2\/pages\/3191","targetHints":{"allow":["GET"]}}],"collection":[{"href":"http:\/\/www.studiotangoargentino.com\/index.php?rest_route=\/wp\/v2\/pages"}],"about":[{"href":"http:\/\/www.studiotangoargentino.com\/index.php?rest_route=\/wp\/v2\/types\/page"}],"author":[{"embeddable":true,"href":"http:\/\/www.studiotangoargentino.com\/index.php?rest_route=\/wp\/v2\/users\/2"}],"replies":[{"embeddable":true,"href":"http:\/\/www.studiotangoargentino.com\/index.php?rest_route=%2Fwp%2Fv2%2Fcomments&post=3191"}],"version-history":[{"count":3,"href":"http:\/\/www.studiotangoargentino.com\/index.php?rest_route=\/wp\/v2\/pages\/3191\/revisions"}],"predecessor-version":[{"id":3288,"href":"http:\/\/www.studiotangoargentino.com\/index.php?rest_route=\/wp\/v2\/pages\/3191\/revisions\/3288"}],"wp:attachment":[{"href":"http:\/\/www.studiotangoargentino.com\/index.php?rest_route=%2Fwp%2Fv2%2Fmedia&parent=3191"}],"curies":[{"name":"wp","href":"https:\/\/api.w.org\/{rel}","templated":true}]}}