{"id":3189,"date":"2024-07-05T17:05:11","date_gmt":"2024-07-05T15:05:11","guid":{"rendered":"http:\/\/www.studiotangoargentino.com\/?page_id=3189"},"modified":"2025-07-07T21:07:43","modified_gmt":"2025-07-07T19:07:43","slug":"niveau-intermediere-2","status":"publish","type":"page","link":"http:\/\/www.studiotangoargentino.com\/?page_id=3189","title":{"rendered":"Niveau Interm\u00e9diaire 2"},"content":{"rendered":"\n<p>Si tu danses le Tango Argentin depuis au moins 2 ans et tu as donc d\u00e9j\u00e0 particip\u00e9 aux programmes du cours niv. D\u00e9butant et niv. Interm\u00e9diaire 1 ce cours est pour toi.<\/p>\n\n\n\n<p>Si un cours de Niv. Avanc\u00e9 te semble un peu trop ambitieux tu trouveras dans le programme de ce cours des nouveaux mouvements \u00e0 d\u00e9couvrir mais aussi un travail sur la qualit\u00e9 de ton abrazo en \u2018Serr\u00e9\u2019 aussi bien qu\u2019en \u2018Ouvert\u2019, sur l\u2019interpr\u00e9tation des mouvements et la pr\u00e9cision des d\u00e9tails qui permettent de se connecter \u00e0 l\u2019autre et danser profitablement cette danse.<\/p>\n\n\n\n<figure class=\"wp-block-table is-style-stripes\">\n    <table>\n       <tbody>\n          <tr>\n             <td>Mardi<\/td>\n             <td><strong>20h30<\/strong>\n                <br>\n                <a href=\"https:\/\/www.google.com\/maps\/dir\/45.7748843,4.7991912\/25+Rue+du+Doyenn%C3%A9,+69005+Lyon\/@45.7671505,4.8068686,4218m\/data=!3m2!1e3!4b1!4m10!4m9!1m1!4e1!1m5!1m1!1s0x47f4ebac60118c79:0xf80d760d89b2226b!2m2!1d4.8258386!2d45.758379!3e1?hl=fr\"><\/a><a href=\"https:\/\/www.google.com\/maps\/dir\/\/25+Rue+du+Doyenn%C3%A9,+69005+Lyon\/@45.7584335,4.7907335,16873m\/data=!3m2!1e3!4b1!4m9!4m8!1m0!1m5!1m1!1s0x47f4ebac60118c79:0xf80d760d89b2226b!2m2!1d4.8258386!2d45.758379!3e1?hl=fr\">Local S.T.A, 25 Rue du Doyenn\u00e9, 69005 Lyon<\/a><\/td>\n             <td><\/td>\n          <\/tr>\n       <\/tbody>\n    <\/table>\n <\/figure>\n","protected":false},"excerpt":{"rendered":"<p>Si tu danses le Tango Argentin depuis au moins 2 ans et tu as donc d\u00e9j\u00e0 particip\u00e9 aux programmes du cours niv. D\u00e9butant et niv. Interm\u00e9diaire 1 ce cours est pour toi. Si un cours de Niv. Avanc\u00e9 te semble un peu trop ambitieux tu trouveras dans le programme de ce cours des nouveaux mouvements [&hellip;]<\/p>\n","protected":false},"author":2,"featured_media":0,"parent":0,"menu_order":0,"comment_status":"closed","ping_status":"closed","template":"","meta":{"ocean_post_layout":"","ocean_both_sidebars_style":"","ocean_both_sidebars_content_width":0,"ocean_both_sidebars_sidebars_width":0,"ocean_sidebar":"0","ocean_second_sidebar":"0","ocean_disable_margins":"enable","ocean_add_body_class":"","ocean_shortcode_before_top_bar":"","ocean_shortcode_after_top_bar":"","ocean_shortcode_before_header":"","ocean_shortcode_after_header":"","ocean_has_shortcode":"","ocean_shortcode_after_title":"","ocean_shortcode_before_footer_widgets":"","ocean_shortcode_after_footer_widgets":"","ocean_shortcode_before_footer_bottom":"","ocean_shortcode_after_footer_bottom":"","ocean_display_top_bar":"default","ocean_display_header":"default","ocean_header_style":"","ocean_center_header_left_menu":"0","ocean_custom_header_template":"0","ocean_custom_logo":0,"ocean_custom_retina_logo":0,"ocean_custom_logo_max_width":0,"ocean_custom_logo_tablet_max_width":0,"ocean_custom_logo_mobile_max_width":0,"ocean_custom_logo_max_height":0,"ocean_custom_logo_tablet_max_height":0,"ocean_custom_logo_mobile_max_height":0,"ocean_header_custom_menu":"0","ocean_menu_typo_font_family":"0","ocean_menu_typo_font_subset":"","ocean_menu_typo_font_size":0,"ocean_menu_typo_font_size_tablet":0,"ocean_menu_typo_font_size_mobile":0,"ocean_menu_typo_font_size_unit":"px","ocean_menu_typo_font_weight":"","ocean_menu_typo_font_weight_tablet":"","ocean_menu_typo_font_weight_mobile":"","ocean_menu_typo_transform":"","ocean_menu_typo_transform_tablet":"","ocean_menu_typo_transform_mobile":"","ocean_menu_typo_line_height":0,"ocean_menu_typo_line_height_tablet":0,"ocean_menu_typo_line_height_mobile":0,"ocean_menu_typo_line_height_unit":"","ocean_menu_typo_spacing":0,"ocean_menu_typo_spacing_tablet":0,"ocean_menu_typo_spacing_mobile":0,"ocean_menu_typo_spacing_unit":"","ocean_menu_link_color":"","ocean_menu_link_color_hover":"","ocean_menu_link_color_active":"","ocean_menu_link_background":"","ocean_menu_link_hover_background":"","ocean_menu_link_active_background":"","ocean_menu_social_links_bg":"","ocean_menu_social_hover_links_bg":"","ocean_menu_social_links_color":"","ocean_menu_social_hover_links_color":"","ocean_disable_title":"default","ocean_disable_heading":"default","ocean_post_title":"","ocean_post_subheading":"","ocean_post_title_style":"","ocean_post_title_background_color":"","ocean_post_title_background":0,"ocean_post_title_bg_image_position":"","ocean_post_title_bg_image_attachment":"","ocean_post_title_bg_image_repeat":"","ocean_post_title_bg_image_size":"","ocean_post_title_height":0,"ocean_post_title_bg_overlay":0.5,"ocean_post_title_bg_overlay_color":"","ocean_disable_breadcrumbs":"default","ocean_breadcrumbs_color":"","ocean_breadcrumbs_separator_color":"","ocean_breadcrumbs_links_color":"","ocean_breadcrumbs_links_hover_color":"","ocean_display_footer_widgets":"default","ocean_display_footer_bottom":"default","ocean_custom_footer_template":"0","_mc_calendar":[],"footnotes":""},"class_list":["post-3189","page","type-page","status-publish","hentry","entry"],"_links":{"self":[{"href":"http:\/\/www.studiotangoargentino.com\/index.php?rest_route=\/wp\/v2\/pages\/3189","targetHints":{"allow":["GET"]}}],"collection":[{"href":"http:\/\/www.studiotangoargentino.com\/index.php?rest_route=\/wp\/v2\/pages"}],"about":[{"href":"http:\/\/www.studiotangoargentino.com\/index.php?rest_route=\/wp\/v2\/types\/page"}],"author":[{"embeddable":true,"href":"http:\/\/www.studiotangoargentino.com\/index.php?rest_route=\/wp\/v2\/users\/2"}],"replies":[{"embeddable":true,"href":"http:\/\/www.studiotangoargentino.com\/index.php?rest_route=%2Fwp%2Fv2%2Fcomments&post=3189"}],"version-history":[{"count":4,"href":"http:\/\/www.studiotangoargentino.com\/index.php?rest_route=\/wp\/v2\/pages\/3189\/revisions"}],"predecessor-version":[{"id":4120,"href":"http:\/\/www.studiotangoargentino.com\/index.php?rest_route=\/wp\/v2\/pages\/3189\/revisions\/4120"}],"wp:attachment":[{"href":"http:\/\/www.studiotangoargentino.com\/index.php?rest_route=%2Fwp%2Fv2%2Fmedia&parent=3189"}],"curies":[{"name":"wp","href":"https:\/\/api.w.org\/{rel}","templated":true}]}}