{"id":3183,"date":"2024-07-05T17:02:54","date_gmt":"2024-07-05T15:02:54","guid":{"rendered":"http:\/\/www.studiotangoargentino.com\/?page_id=3183"},"modified":"2025-04-06T20:40:42","modified_gmt":"2025-04-06T18:40:42","slug":"cours-2024-2025","status":"publish","type":"page","link":"http:\/\/www.studiotangoargentino.com\/?page_id=3183","title":{"rendered":"Cours 2024 &#8211; 2025"},"content":{"rendered":"\n<figure class=\"wp-block-table is-style-stripes\">\n    <table>\n        <thead>\n            <tr>\n                <th><\/th>\n                <th>Lundi<\/th>\n                <th>Mardi<\/th>\n                <th>Mercredi<\/th>\n                <th>Jeudi<\/th>\n\n            <\/tr>\n        <\/thead>\n        <tbody>\n            <tr>\n                <td><a href=\"\/?page_id=56\">Niveau 1<br\/>(D\u00e9butant)<\/a><\/td>\n                <td>\n                    <strong>19h00<\/strong>\n                    <br>\n                    <a\n                        href=\"https:\/\/www.google.com\/maps\/dir\/\/37+Rue+Bossuet,+69006+Lyon\/@45.767859,4.7798954,33740m\/data=!3m2!1e3!4b1!4m9!4m8!1m0!1m5!1m1!1s0x47f4eaf49e7582a1:0xc6cc5db3bebba597!2m2!1d4.8499352!2d45.7678804!3e1?hl=fr\">\n                        Centre associatif de la Mairie du 6\u00e9me, 37 Rue Bossuet, 69006 Lyon\n                    <\/a>\n                    <br>\n                    <br>\n<!--\n                    <strong>20h15 Nouveau d\u00e9butants<\/strong>\n                    <br>\n                    <a\n                        href=\"https:\/\/www.google.com\/maps\/dir\/\/37+Rue+Bossuet,+69006+Lyon\/@45.767859,4.7798954,33740m\/data=!3m2!1e3!4b1!4m9!4m8!1m0!1m5!1m1!1s0x47f4eaf49e7582a1:0xc6cc5db3bebba597!2m2!1d4.8499352!2d45.7678804!3e1?hl=fr\">\n                        Centre associatif de la Mairie du 6\u00e9me, 37 Rue Bossuet, 69006 Lyon\n                    <\/a>\n                    <br>\n                    <br>\n-->\n                    <strong>20h30<!-- Tango Dynamite--><\/strong><br>\n                    <a\n                        href=\"https:\/\/www.google.com\/maps\/dir\/\/25+Rue+du+Doyenn%C3%A9,+69005+Lyon\/@45.7584335,4.7907335,16873m\/data=!3m2!1e3!4b1!4m9!4m8!1m0!1m5!1m1!1s0x47f4ebac60118c79:0xf80d760d89b2226b!2m2!1d4.8258386!2d45.758379!3e1?hl=fr\">\n                        Local S.T.A, 25 Rue du Doyenn\u00e9, 69005 Lyon\n                    <\/a>\n                <\/td>\n                <td>\n                    <strong>19h30<\/strong><br>\n                    <a\n                        href=\"https:\/\/www.google.com\/maps\/dir\/\/25+Rue+du+Doyenn%C3%A9,+69005+Lyon\/@45.7584335,4.7907335,16873m\/data=!3m2!1e3!4b1!4m9!4m8!1m0!1m5!1m1!1s0x47f4ebac60118c79:0xf80d760d89b2226b!2m2!1d4.8258386!2d45.758379!3e1?hl=fr\">\n                        Local S.T.A, 25 Rue du Doyenn\u00e9, 69005 Lyon<\/a>\n                <\/td>\n                <td>    \n                    <!-- \n                    <strong>18h00 Nouveau<\/strong>\n                    <br>\n                    <a\n                        href=\"https:\/\/www.google.com\/maps\/dir\/\/25+Rue+du+Doyenn%C3%A9,+69005+Lyon\/@45.7584335,4.7907335,16873m\/data=!3m2!1e3!4b1!4m9!4m8!1m0!1m5!1m1!1s0x47f4ebac60118c79:0xf80d760d89b2226b!2m2!1d4.8258386!2d45.758379!3e1?hl=fr\">\n                        Local S.T.A, 25 Rue du Doyenn\u00e9, 69005 Lyon\n                    <\/a>\n                    <br\/>\n                    <br\/>\n                    -->\n                    <strong>19h15<\/strong>\n                    <br>\n                    <a\n                        href=\"https:\/\/www.google.com\/maps\/dir\/\/25+Rue+du+Doyenn%C3%A9,+69005+Lyon\/@45.7584335,4.7907335,16873m\/data=!3m2!1e3!4b1!4m9!4m8!1m0!1m5!1m1!1s0x47f4ebac60118c79:0xf80d760d89b2226b!2m2!1d4.8258386!2d45.758379!3e1?hl=fr\">\n                        Local S.T.A, 25 Rue du Doyenn\u00e9, 69005 Lyon\n                    <\/a>\n                    <!--\n                    <a href=\"https:\/\/goo.gl\/maps\/PSo2CEa7jsNeeeZX7\" target=\"_blank\" rel=\"noopener\">\n                        Acad\u00e9mie de ballet, 9 Petite Rue des Feuillants, 69001 Lyon\n                    <\/a>\n                    -->\n                <\/td>\n                <td>\n                    <strong>12h30<!-- (ouvert aux non voyants, parkinson)--><\/strong>\n                    <br>\n                    <a\n                        href=\"https:\/\/www.google.com\/maps\/dir\/\/25+Rue+du+Doyenn%C3%A9,+69005+Lyon\/@45.7584335,4.7907335,16873m\/data=!3m2!1e3!4b1!4m9!4m8!1m0!1m5!1m1!1s0x47f4ebac60118c79:0xf80d760d89b2226b!2m2!1d4.8258386!2d45.758379!3e1?hl=fr\">\n                        Local S.T.A, 25 Rue du Doyenn\u00e9, 69005 Lyon\n                    <\/a>\n                    <br>\n                    <br>\n                    <strong>18h15<\/strong><br>\n                    <a\n                        href=\"https:\/\/www.google.com\/maps\/dir\/\/25+Rue+du+Doyenn%C3%A9,+69005+Lyon\/@45.7584335,4.7907335,16873m\/data=!3m2!1e3!4b1!4m9!4m8!1m0!1m5!1m1!1s0x47f4ebac60118c79:0xf80d760d89b2226b!2m2!1d4.8258386!2d45.758379!3e1?hl=fr\">\n                        Local S.T.A, 25 Rue du Doyenn\u00e9, 69005 Lyon\n                    <\/a>\n                <\/td>\n                <td><\/td>\n            <\/tr>\n            <tr>\n                <td>\n                    <a href=\"\/?page_id=58\">Niveau<br\/>interm\u00e9diaire 1<\/a>\n                <\/td>\n                <td>\n                    <strong>18h00<\/strong>\n                    <br>\n                    <a\n                        href=\"https:\/\/www.google.com\/maps\/dir\/\/25+Rue+du+Doyenn%C3%A9,+69005+Lyon\/@45.7584335,4.7907335,16873m\/data=!3m2!1e3!4b1!4m9!4m8!1m0!1m5!1m1!1s0x47f4ebac60118c79:0xf80d760d89b2226b!2m2!1d4.8258386!2d45.758379!3e1?hl=fr\">\n                        Local S.T.A, 25 Rue du Doyenn\u00e9, 69005 Lyon\n                    <\/a>\n                    <br>\n                    <br>\n                    <strong>20h15<\/strong><br>\n                    <a\n                        href=\"https:\/\/www.google.com\/maps\/dir\/\/37+Rue+Bossuet,+69006+Lyon\/@45.767859,4.7798954,33740m\/data=!3m2!1e3!4b1!4m9!4m8!1m0!1m5!1m1!1s0x47f4eaf49e7582a1:0xc6cc5db3bebba597!2m2!1d4.8499352!2d45.7678804!3e1?hl=fr\">\n                        Centre associatif de la Mairie du 6\u00e9me, 37 Rue Bossuet, 69006 Lyon\n                    <\/a>\n                <\/td>\n                <td><\/td>\n                <td>\n                    <strong>20h15<\/strong><br>\n                    <a\n                        href=\"https:\/\/www.google.com\/maps\/dir\/\/25+Rue+du+Doyenn%C3%A9,+69005+Lyon\/@45.7584335,4.7907335,16873m\/data=!3m2!1e3!4b1!4m9!4m8!1m0!1m5!1m1!1s0x47f4ebac60118c79:0xf80d760d89b2226b!2m2!1d4.8258386!2d45.758379!3e1?hl=fr\">\n                        Local S.T.A, 25 Rue du Doyenn\u00e9, 69005 Lyon\n                    <\/a>\n                    <!--\n                    <a href=\"https:\/\/goo.gl\/maps\/PSo2CEa7jsNeeeZX7\" target=\"_blank\" rel=\"noopener\">\n                        Acad\u00e9mie de ballet, 9 Petite Rue des Feuillants, 69001 Lyon\n                    <\/a>\n                    -->\n                <\/td>\n                <td>\n<!--\n                    <strong>18h00 (Niv 1 et 2)<\/strong>\n                    <br>\n                    <a\n                        href=\"https:\/\/www.google.com\/maps\/dir\/\/25+Rue+du+Doyenn%C3%A9,+69005+Lyon\/@45.7584335,4.7907335,16873m\/data=!3m2!1e3!4b1!4m9!4m8!1m0!1m5!1m1!1s0x47f4ebac60118c79:0xf80d760d89b2226b!2m2!1d4.8258386!2d45.758379!3e1?hl=fr\">\n                        Local S.T.A, 25 Rue du Doyenn\u00e9, 69005 Lyon\n                    <\/a>\n-->\n                <\/td>\n                <td><\/td>\n            <\/tr>\n            <tr>\n                <td><a href=\"\/?page_id=3189\">Niveau<br\/>interm\u00e9diaire 2<\/a><\/td>\n                <td>\n                    <strong>19h15<\/strong><br><a\n                        href=\"https:\/\/www.google.com\/maps\/dir\/\/25+Rue+du+Doyenn%C3%A9,+69005+Lyon\/@45.7584335,4.7907335,16873m\/data=!3m2!1e3!4b1!4m9!4m8!1m0!1m5!1m1!1s0x47f4ebac60118c79:0xf80d760d89b2226b!2m2!1d4.8258386!2d45.758379!3e1?hl=fr\">Local\n                        S.T.A, 25 Rue du Doyenn\u00e9, 69005 Lyon\n                    <\/a>\n                <\/td>\n                <td><\/td>\n                <td><\/td>\n                <td><\/td>\n                <td><\/td>\n            <\/tr>\n            <tr>\n                <td><a href=\"\/?page_id=66\">Niveau<br\/>inter-avanc\u00e9<\/a><\/td>\n                <td><\/td>\n                <td><\/td>\n                <td><\/td>\n                <td>\n                    <strong>19h30<\/strong><br>\n                    <a\n                        href=\"https:\/\/www.google.com\/maps\/dir\/\/25+Rue+du+Doyenn%C3%A9,+69005+Lyon\/@45.7584335,4.7907335,16873m\/data=!3m2!1e3!4b1!4m9!4m8!1m0!1m5!1m1!1s0x47f4ebac60118c79:0xf80d760d89b2226b!2m2!1d4.8258386!2d45.758379!3e1?hl=fr\">Local\n                        S.T.A, 25 Rue du Doyenn\u00e9, 69005 Lyon\n                    <\/a>\n                <\/td>\n                <td><\/td>\n            <\/tr>\n            <tr>\n                <td><a href=\"\/?page_id=3191\">Cours de<br\/>Technique 2<br\/>r\u00f4les<\/a><\/td>\n                <td><\/td>\n                <td><strong>18h30<\/strong><br>\n                    <a\n                        href=\"https:\/\/www.google.com\/maps\/dir\/\/25+Rue+du+Doyenn%C3%A9,+69005+Lyon\/@45.7584335,4.7907335,16873m\/data=!3m2!1e3!4b1!4m9!4m8!1m0!1m5!1m1!1s0x47f4ebac60118c79:0xf80d760d89b2226b!2m2!1d4.8258386!2d45.758379!3e1?hl=fr\">Local\n                        S.T.A, 25 Rue du Doyenn\u00e9, 69005 Lyon\n                    <\/a>\n                <\/td>\n                <td><\/td>\n                <td><\/td>\n                <td><\/td>\n            <\/tr>\n            <tr>\n                <td>\n                    <a href=\"\/?page_id=68\">Tango Nuevo (Neo Tango)<\/a>\n                <\/td>\n                <td><\/td>\n                <td><\/td>\n                <td>\n                    <strong>18h00<\/strong>\n                    <br>\n                    <a\n                        href=\"https:\/\/www.google.com\/maps\/dir\/\/25+Rue+du+Doyenn%C3%A9,+69005+Lyon\/@45.7584335,4.7907335,16873m\/data=!3m2!1e3!4b1!4m9!4m8!1m0!1m5!1m1!1s0x47f4ebac60118c79:0xf80d760d89b2226b!2m2!1d4.8258386!2d45.758379!3e1?hl=fr\">Local\n                        S.T.A, 25 Rue du Doyenn\u00e9, 69005 Lyon\n                    <\/a>\n                <\/td>\n                <td><\/td>\n                <td><\/td>\n            <\/tr>\n            <!--\n            <tr>\n                <td>\n                    <a href=\"\/?page_id=64\">Cours de<br\/>Milonga<\/a>\n                <\/td>\n                <td><\/td>\n                <td>\n                    <strong>20h30<\/strong>\n                    <br>\n                    <a\n                        href=\"https:\/\/www.google.com\/maps\/dir\/\/25+Rue+du+Doyenn%C3%A9,+69005+Lyon\/@45.7584335,4.7907335,16873m\/data=!3m2!1e3!4b1!4m9!4m8!1m0!1m5!1m1!1s0x47f4ebac60118c79:0xf80d760d89b2226b!2m2!1d4.8258386!2d45.758379!3e1?hl=fr\">Local\n                        S.T.A, 25 Rue du Doyenn\u00e9, 69005 Lyon\n                    <\/a>\n                <\/td>\n                <td><\/td>\n                <td><\/td>\n                <td><\/td>\n            <\/tr>\n            -->\n            <tr>\n                <td>\n                    <a href=\"\/?page_id=3196\">Tango &#038;<br\/>Th\u00e9atre<\/a>\n                <\/td>\n                <td>\n                    <strong>14h30<\/strong>\n                    <br>                    \n                    <a\n                        href=\"https:\/\/www.google.com\/maps\/dir\/\/25+Rue+du+Doyenn%C3%A9,+69005+Lyon\/@45.7584335,4.7907335,16873m\/data=!3m2!1e3!4b1!4m9!4m8!1m0!1m5!1m1!1s0x47f4ebac60118c79:0xf80d760d89b2226b!2m2!1d4.8258386!2d45.758379!3e1?hl=fr\">Local\n                        S.T.A, 25 Rue du Doyenn\u00e9, 69005 Lyon\n                    <\/a>\n                <\/td>\n                <td><\/td>\n                <td><\/td>\n                <td><\/td> \n                <td><\/td>\n            <\/tr>\n            <!--<tr>\n                <td>\n                    <a href=\"\/?page_id=62\">Tango Queer<\/a>\n                <\/td>\n                <td>\n                    <strong>20h30<\/strong><br>\n                    <a\n                        href=\"https:\/\/www.google.com\/maps\/dir\/\/37+Rue+Bossuet,+69006+Lyon\/@45.767859,4.7798954,33740m\/data=!3m2!1e3!4b1!4m9!4m8!1m0!1m5!1m1!1s0x47f4eaf49e7582a1:0xc6cc5db3bebba597!2m2!1d4.8499352!2d45.7678804!3e1?hl=fr\">Centre\n                        associatif de la Mairie du 6\u00e9me, 37 Rue Bossuet, 69006 Lyon\n                    <\/a>\n                <\/td>\n                <td><\/td>\n                <td><\/td>\n                <td><\/td>\n            <\/tr>--!>\n        <\/tbody>\n    <\/table>\n<\/figure>\n\n\n\n<p><\/p>\n","protected":false},"excerpt":{"rendered":"<p>Lundi Mardi Mercredi Jeudi Niveau 1(D\u00e9butant) 19h00 Centre associatif de la Mairie du 6\u00e9me, 37 Rue Bossuet, 69006 Lyon 20h30 Local S.T.A, 25 Rue du Doyenn\u00e9, 69005 Lyon 19h30 Local S.T.A, 25 Rue du Doyenn\u00e9, 69005 Lyon 19h15 Local S.T.A, 25 Rue du Doyenn\u00e9, 69005 Lyon 12h30 Local S.T.A, 25 Rue du Doyenn\u00e9, 69005 Lyon [&hellip;]<\/p>\n","protected":false},"author":2,"featured_media":0,"parent":0,"menu_order":0,"comment_status":"closed","ping_status":"closed","template":"","meta":{"ocean_post_layout":"","ocean_both_sidebars_style":"","ocean_both_sidebars_content_width":0,"ocean_both_sidebars_sidebars_width":0,"ocean_sidebar":"0","ocean_second_sidebar":"0","ocean_disable_margins":"enable","ocean_add_body_class":"","ocean_shortcode_before_top_bar":"","ocean_shortcode_after_top_bar":"","ocean_shortcode_before_header":"","ocean_shortcode_after_header":"","ocean_has_shortcode":"","ocean_shortcode_after_title":"","ocean_shortcode_before_footer_widgets":"","ocean_shortcode_after_footer_widgets":"","ocean_shortcode_before_footer_bottom":"","ocean_shortcode_after_footer_bottom":"","ocean_display_top_bar":"default","ocean_display_header":"default","ocean_header_style":"","ocean_center_header_left_menu":"0","ocean_custom_header_template":"0","ocean_custom_logo":0,"ocean_custom_retina_logo":0,"ocean_custom_logo_max_width":0,"ocean_custom_logo_tablet_max_width":0,"ocean_custom_logo_mobile_max_width":0,"ocean_custom_logo_max_height":0,"ocean_custom_logo_tablet_max_height":0,"ocean_custom_logo_mobile_max_height":0,"ocean_header_custom_menu":"0","ocean_menu_typo_font_family":"0","ocean_menu_typo_font_subset":"","ocean_menu_typo_font_size":0,"ocean_menu_typo_font_size_tablet":0,"ocean_menu_typo_font_size_mobile":0,"ocean_menu_typo_font_size_unit":"px","ocean_menu_typo_font_weight":"","ocean_menu_typo_font_weight_tablet":"","ocean_menu_typo_font_weight_mobile":"","ocean_menu_typo_transform":"","ocean_menu_typo_transform_tablet":"","ocean_menu_typo_transform_mobile":"","ocean_menu_typo_line_height":0,"ocean_menu_typo_line_height_tablet":0,"ocean_menu_typo_line_height_mobile":0,"ocean_menu_typo_line_height_unit":"","ocean_menu_typo_spacing":0,"ocean_menu_typo_spacing_tablet":0,"ocean_menu_typo_spacing_mobile":0,"ocean_menu_typo_spacing_unit":"","ocean_menu_link_color":"","ocean_menu_link_color_hover":"","ocean_menu_link_color_active":"","ocean_menu_link_background":"","ocean_menu_link_hover_background":"","ocean_menu_link_active_background":"","ocean_menu_social_links_bg":"","ocean_menu_social_hover_links_bg":"","ocean_menu_social_links_color":"","ocean_menu_social_hover_links_color":"","ocean_disable_title":"default","ocean_disable_heading":"default","ocean_post_title":"Cours 2024 - 2025","ocean_post_subheading":"","ocean_post_title_style":"","ocean_post_title_background_color":"","ocean_post_title_background":0,"ocean_post_title_bg_image_position":"","ocean_post_title_bg_image_attachment":"","ocean_post_title_bg_image_repeat":"","ocean_post_title_bg_image_size":"","ocean_post_title_height":0,"ocean_post_title_bg_overlay":0.5,"ocean_post_title_bg_overlay_color":"","ocean_disable_breadcrumbs":"default","ocean_breadcrumbs_color":"","ocean_breadcrumbs_separator_color":"","ocean_breadcrumbs_links_color":"","ocean_breadcrumbs_links_hover_color":"","ocean_display_footer_widgets":"default","ocean_display_footer_bottom":"default","ocean_custom_footer_template":"0","_mc_calendar":[],"footnotes":""},"class_list":["post-3183","page","type-page","status-publish","hentry","entry"],"_links":{"self":[{"href":"http:\/\/www.studiotangoargentino.com\/index.php?rest_route=\/wp\/v2\/pages\/3183","targetHints":{"allow":["GET"]}}],"collection":[{"href":"http:\/\/www.studiotangoargentino.com\/index.php?rest_route=\/wp\/v2\/pages"}],"about":[{"href":"http:\/\/www.studiotangoargentino.com\/index.php?rest_route=\/wp\/v2\/types\/page"}],"author":[{"embeddable":true,"href":"http:\/\/www.studiotangoargentino.com\/index.php?rest_route=\/wp\/v2\/users\/2"}],"replies":[{"embeddable":true,"href":"http:\/\/www.studiotangoargentino.com\/index.php?rest_route=%2Fwp%2Fv2%2Fcomments&post=3183"}],"version-history":[{"count":23,"href":"http:\/\/www.studiotangoargentino.com\/index.php?rest_route=\/wp\/v2\/pages\/3183\/revisions"}],"predecessor-version":[{"id":3954,"href":"http:\/\/www.studiotangoargentino.com\/index.php?rest_route=\/wp\/v2\/pages\/3183\/revisions\/3954"}],"wp:attachment":[{"href":"http:\/\/www.studiotangoargentino.com\/index.php?rest_route=%2Fwp%2Fv2%2Fmedia&parent=3183"}],"curies":[{"name":"wp","href":"https:\/\/api.w.org\/{rel}","templated":true}]}}