{"id":306,"date":"2022-07-28T18:46:44","date_gmt":"2022-07-28T16:46:44","guid":{"rendered":"http:\/\/www.studiotangoargentino.com\/?page_id=306"},"modified":"2022-10-20T18:49:35","modified_gmt":"2022-10-20T16:49:35","slug":"emilie-gomez","status":"publish","type":"page","link":"http:\/\/www.studiotangoargentino.com\/?page_id=306","title":{"rendered":"Emilie GOMEZ"},"content":{"rendered":"<figure class=\"wp-block-post-featured-image\"><img fetchpriority=\"high\" decoding=\"async\" width=\"250\" height=\"375\" src=\"http:\/\/www.studiotangoargentino.com\/wp-content\/uploads\/2022\/08\/photo_emilie_gomez.jpg\" class=\"attachment-post-thumbnail size-post-thumbnail wp-post-image\" alt=\"\" style=\"object-fit:cover;\" \/><\/figure>\n\n\n<p>Partie en 2009 \u00e0 Buenos Aires par amour du tango, Emilie y restera 8 ans durant lesquels elle se consacre \u00e0 100% \u00e0 cette nouvelle passion. Elle se forme d\u2019abord avec diff\u00e9rents maestros du tango danse avant de faire la ma\u00eetrise de folklore mention tango \u00e0 l\u2019Universit\u00e9 Nationale des Arts o\u00f9 elle \u00e9tudiera la culture et histoire de l&rsquo;Argentine en profondeur, la danse, sa transmission ainsi que l\u2019interpr\u00e9tation chor\u00e9graphique du tango. Musicienne de formation, elle \u00e9tudie le piano-tango ainsi que le chant-tango \u00e0 l\u2019Academia Nacional del Tango, Buenos Aires, o\u00fa elle se forme avec de grands noms du tango, puis au conservatoire sup\u00e9rieur de musique \u00ab\u00a0Manuel de Falla\u00a0\u00bb o\u00f9 elle fera le professorat sup\u00e9rieur de musique en piano orientation tango. Elle y \u00e9tudie avec de grands maestros de la musique argentine. Elle se forme \u00e9galement comme chanteuse de tango et finalise sa formation musicale en tango en faisant le stage \u00ab\u00a0Tango para m\u00fasicos\u00a0\u00bb. Emilie est install\u00e9e \u00e0 Lyon depuis 2016 pour y d\u00e9velopper ses projets artistiques autour du tango&nbsp;: la musique d\u2019un c\u00f4t\u00e9, en tant que pianiste et chanteuse au sein de \u00ab&nbsp;Berretin&nbsp;\u00bb, trio de tango qui joue r\u00e9guli\u00e8rement en France pour diff\u00e9rentes salles, milongas et festivals de tango&nbsp;; et la danse de l\u2019autre, \u00e0 travers des cours de tango qu\u2019elle donne avec son partenaire Th\u00e9ophile Sibelle ainsi que des spectacles&nbsp;: elle a mont\u00e9 la Compagnie del Plata, compagnie qui se veut engag\u00e9e et fortement orient\u00e9e vers la culture sud-am\u00e9ricaine et a cr\u00e9\u00e9 en 2020 le spectacle pluridisciplinaire Resiliencia dans lequel ils dansent le tango.<\/p>\n","protected":false},"excerpt":{"rendered":"<p>Partie en 2009 \u00e0 Buenos Aires par amour du tango, Emilie y restera 8 ans durant lesquels elle se consacre \u00e0 100% \u00e0 cette nouvelle passion. Elle se forme d\u2019abord avec diff\u00e9rents maestros du tango danse avant de faire la ma\u00eetrise de folklore mention tango \u00e0 l\u2019Universit\u00e9 Nationale des Arts o\u00f9 elle \u00e9tudiera la culture [&hellip;]<\/p>\n","protected":false},"author":1,"featured_media":411,"parent":0,"menu_order":0,"comment_status":"closed","ping_status":"closed","template":"","meta":{"ocean_post_layout":"full-width","ocean_both_sidebars_style":"","ocean_both_sidebars_content_width":0,"ocean_both_sidebars_sidebars_width":0,"ocean_sidebar":"0","ocean_second_sidebar":"0","ocean_disable_margins":"enable","ocean_add_body_class":"","ocean_shortcode_before_top_bar":"","ocean_shortcode_after_top_bar":"","ocean_shortcode_before_header":"","ocean_shortcode_after_header":"","ocean_has_shortcode":"","ocean_shortcode_after_title":"","ocean_shortcode_before_footer_widgets":"","ocean_shortcode_after_footer_widgets":"","ocean_shortcode_before_footer_bottom":"","ocean_shortcode_after_footer_bottom":"","ocean_display_top_bar":"default","ocean_display_header":"default","ocean_header_style":"","ocean_center_header_left_menu":"0","ocean_custom_header_template":"0","ocean_custom_logo":0,"ocean_custom_retina_logo":0,"ocean_custom_logo_max_width":0,"ocean_custom_logo_tablet_max_width":0,"ocean_custom_logo_mobile_max_width":0,"ocean_custom_logo_max_height":0,"ocean_custom_logo_tablet_max_height":0,"ocean_custom_logo_mobile_max_height":0,"ocean_header_custom_menu":"0","ocean_menu_typo_font_family":"0","ocean_menu_typo_font_subset":"","ocean_menu_typo_font_size":0,"ocean_menu_typo_font_size_tablet":0,"ocean_menu_typo_font_size_mobile":0,"ocean_menu_typo_font_size_unit":"px","ocean_menu_typo_font_weight":"","ocean_menu_typo_font_weight_tablet":"","ocean_menu_typo_font_weight_mobile":"","ocean_menu_typo_transform":"","ocean_menu_typo_transform_tablet":"","ocean_menu_typo_transform_mobile":"","ocean_menu_typo_line_height":0,"ocean_menu_typo_line_height_tablet":0,"ocean_menu_typo_line_height_mobile":0,"ocean_menu_typo_line_height_unit":"","ocean_menu_typo_spacing":0,"ocean_menu_typo_spacing_tablet":0,"ocean_menu_typo_spacing_mobile":0,"ocean_menu_typo_spacing_unit":"","ocean_menu_link_color":"","ocean_menu_link_color_hover":"","ocean_menu_link_color_active":"","ocean_menu_link_background":"","ocean_menu_link_hover_background":"","ocean_menu_link_active_background":"","ocean_menu_social_links_bg":"","ocean_menu_social_hover_links_bg":"","ocean_menu_social_links_color":"","ocean_menu_social_hover_links_color":"","ocean_disable_title":"default","ocean_disable_heading":"default","ocean_post_title":"","ocean_post_subheading":"","ocean_post_title_style":"","ocean_post_title_background_color":"","ocean_post_title_background":0,"ocean_post_title_bg_image_position":"","ocean_post_title_bg_image_attachment":"","ocean_post_title_bg_image_repeat":"","ocean_post_title_bg_image_size":"","ocean_post_title_height":0,"ocean_post_title_bg_overlay":0.5,"ocean_post_title_bg_overlay_color":"","ocean_disable_breadcrumbs":"default","ocean_breadcrumbs_color":"","ocean_breadcrumbs_separator_color":"","ocean_breadcrumbs_links_color":"","ocean_breadcrumbs_links_hover_color":"","ocean_display_footer_widgets":"default","ocean_display_footer_bottom":"default","ocean_custom_footer_template":"0","_mc_calendar":[],"footnotes":""},"class_list":["post-306","page","type-page","status-publish","has-post-thumbnail","hentry","entry","has-media"],"_links":{"self":[{"href":"http:\/\/www.studiotangoargentino.com\/index.php?rest_route=\/wp\/v2\/pages\/306","targetHints":{"allow":["GET"]}}],"collection":[{"href":"http:\/\/www.studiotangoargentino.com\/index.php?rest_route=\/wp\/v2\/pages"}],"about":[{"href":"http:\/\/www.studiotangoargentino.com\/index.php?rest_route=\/wp\/v2\/types\/page"}],"author":[{"embeddable":true,"href":"http:\/\/www.studiotangoargentino.com\/index.php?rest_route=\/wp\/v2\/users\/1"}],"replies":[{"embeddable":true,"href":"http:\/\/www.studiotangoargentino.com\/index.php?rest_route=%2Fwp%2Fv2%2Fcomments&post=306"}],"version-history":[{"count":2,"href":"http:\/\/www.studiotangoargentino.com\/index.php?rest_route=\/wp\/v2\/pages\/306\/revisions"}],"predecessor-version":[{"id":898,"href":"http:\/\/www.studiotangoargentino.com\/index.php?rest_route=\/wp\/v2\/pages\/306\/revisions\/898"}],"wp:featuredmedia":[{"embeddable":true,"href":"http:\/\/www.studiotangoargentino.com\/index.php?rest_route=\/wp\/v2\/media\/411"}],"wp:attachment":[{"href":"http:\/\/www.studiotangoargentino.com\/index.php?rest_route=%2Fwp%2Fv2%2Fmedia&parent=306"}],"curies":[{"name":"wp","href":"https:\/\/api.w.org\/{rel}","templated":true}]}}