{"id":304,"date":"2022-07-28T18:46:34","date_gmt":"2022-07-28T16:46:34","guid":{"rendered":"http:\/\/www.studiotangoargentino.com\/?page_id=304"},"modified":"2023-02-03T17:28:22","modified_gmt":"2023-02-03T16:28:22","slug":"theophile-sibelle","status":"publish","type":"page","link":"http:\/\/www.studiotangoargentino.com\/?page_id=304","title":{"rendered":"Th\u00e9ophile Sibelle"},"content":{"rendered":"\n<div class=\"wp-block-columns is-layout-flex wp-container-core-columns-is-layout-9d6595d7 wp-block-columns-is-layout-flex\">\n<div class=\"wp-block-column is-layout-flow wp-block-column-is-layout-flow\" style=\"flex-basis:33.33%\">\n<figure class=\"wp-block-image size-large\"><img fetchpriority=\"high\" decoding=\"async\" width=\"1024\" height=\"985\" src=\"http:\/\/www.studiotangoargentino.com\/wp-content\/uploads\/2023\/02\/20190910-Emilie-et-Theophile-a-Confluence-DSC_0444-1-1024x985.jpg\" alt=\"\" class=\"wp-image-1661\" srcset=\"http:\/\/www.studiotangoargentino.com\/wp-content\/uploads\/2023\/02\/20190910-Emilie-et-Theophile-a-Confluence-DSC_0444-1-1024x985.jpg 1024w, http:\/\/www.studiotangoargentino.com\/wp-content\/uploads\/2023\/02\/20190910-Emilie-et-Theophile-a-Confluence-DSC_0444-1-300x289.jpg 300w, http:\/\/www.studiotangoargentino.com\/wp-content\/uploads\/2023\/02\/20190910-Emilie-et-Theophile-a-Confluence-DSC_0444-1-768x739.jpg 768w, http:\/\/www.studiotangoargentino.com\/wp-content\/uploads\/2023\/02\/20190910-Emilie-et-Theophile-a-Confluence-DSC_0444-1-1536x1478.jpg 1536w, http:\/\/www.studiotangoargentino.com\/wp-content\/uploads\/2023\/02\/20190910-Emilie-et-Theophile-a-Confluence-DSC_0444-1-2048x1970.jpg 2048w\" sizes=\"(max-width: 1024px) 100vw, 1024px\" \/><\/figure>\n<\/div>\n\n\n\n<div class=\"wp-block-column is-layout-flow wp-block-column-is-layout-flow\" style=\"flex-basis:66.66%\">\n<p>Apr\u00e8s la danse classique, la danse moderne, les claquettes et le west coast swing, Th\u00e9ophile d\u00e9couvre le tango argentin en 2007.<br>La passion du tango argentin le m\u00e8ne \u00e0 suivre un enseignement continu pour toujours enrichir sa danse et son enseignement et \u00e0 participer \u00e0 divers spectacles de tango, comme Resiliencia d\u2019\u00c9milie Gomez depuis 2020. Sa capacit\u00e9 d\u2019analyse technique lui permet de faire rentrer la danse en profondeur dans le corps.<\/p>\n<\/div>\n<\/div>\n","protected":false},"excerpt":{"rendered":"<p>Apr\u00e8s la danse classique, la danse moderne, les claquettes et le west coast swing, Th\u00e9ophile d\u00e9couvre le tango argentin en 2007.La passion du tango argentin le m\u00e8ne \u00e0 suivre un enseignement continu pour toujours enrichir sa danse et son enseignement et \u00e0 participer \u00e0 divers spectacles de tango, comme Resiliencia d\u2019\u00c9milie Gomez depuis 2020. Sa [&hellip;]<\/p>\n","protected":false},"author":1,"featured_media":0,"parent":0,"menu_order":0,"comment_status":"closed","ping_status":"closed","template":"","meta":{"ocean_post_layout":"full-width","ocean_both_sidebars_style":"","ocean_both_sidebars_content_width":0,"ocean_both_sidebars_sidebars_width":0,"ocean_sidebar":"0","ocean_second_sidebar":"0","ocean_disable_margins":"enable","ocean_add_body_class":"","ocean_shortcode_before_top_bar":"","ocean_shortcode_after_top_bar":"","ocean_shortcode_before_header":"","ocean_shortcode_after_header":"","ocean_has_shortcode":"","ocean_shortcode_after_title":"","ocean_shortcode_before_footer_widgets":"","ocean_shortcode_after_footer_widgets":"","ocean_shortcode_before_footer_bottom":"","ocean_shortcode_after_footer_bottom":"","ocean_display_top_bar":"default","ocean_display_header":"default","ocean_header_style":"","ocean_center_header_left_menu":"0","ocean_custom_header_template":"0","ocean_custom_logo":0,"ocean_custom_retina_logo":0,"ocean_custom_logo_max_width":0,"ocean_custom_logo_tablet_max_width":0,"ocean_custom_logo_mobile_max_width":0,"ocean_custom_logo_max_height":0,"ocean_custom_logo_tablet_max_height":0,"ocean_custom_logo_mobile_max_height":0,"ocean_header_custom_menu":"0","ocean_menu_typo_font_family":"0","ocean_menu_typo_font_subset":"","ocean_menu_typo_font_size":0,"ocean_menu_typo_font_size_tablet":0,"ocean_menu_typo_font_size_mobile":0,"ocean_menu_typo_font_size_unit":"px","ocean_menu_typo_font_weight":"","ocean_menu_typo_font_weight_tablet":"","ocean_menu_typo_font_weight_mobile":"","ocean_menu_typo_transform":"","ocean_menu_typo_transform_tablet":"","ocean_menu_typo_transform_mobile":"","ocean_menu_typo_line_height":0,"ocean_menu_typo_line_height_tablet":0,"ocean_menu_typo_line_height_mobile":0,"ocean_menu_typo_line_height_unit":"","ocean_menu_typo_spacing":0,"ocean_menu_typo_spacing_tablet":0,"ocean_menu_typo_spacing_mobile":0,"ocean_menu_typo_spacing_unit":"","ocean_menu_link_color":"","ocean_menu_link_color_hover":"","ocean_menu_link_color_active":"","ocean_menu_link_background":"","ocean_menu_link_hover_background":"","ocean_menu_link_active_background":"","ocean_menu_social_links_bg":"","ocean_menu_social_hover_links_bg":"","ocean_menu_social_links_color":"","ocean_menu_social_hover_links_color":"","ocean_disable_title":"default","ocean_disable_heading":"default","ocean_post_title":"","ocean_post_subheading":"","ocean_post_title_style":"","ocean_post_title_background_color":"","ocean_post_title_background":0,"ocean_post_title_bg_image_position":"","ocean_post_title_bg_image_attachment":"","ocean_post_title_bg_image_repeat":"","ocean_post_title_bg_image_size":"","ocean_post_title_height":0,"ocean_post_title_bg_overlay":0.5,"ocean_post_title_bg_overlay_color":"","ocean_disable_breadcrumbs":"default","ocean_breadcrumbs_color":"","ocean_breadcrumbs_separator_color":"","ocean_breadcrumbs_links_color":"","ocean_breadcrumbs_links_hover_color":"","ocean_display_footer_widgets":"default","ocean_display_footer_bottom":"default","ocean_custom_footer_template":"0","_mc_calendar":[],"footnotes":""},"class_list":["post-304","page","type-page","status-publish","hentry","entry"],"_links":{"self":[{"href":"http:\/\/www.studiotangoargentino.com\/index.php?rest_route=\/wp\/v2\/pages\/304","targetHints":{"allow":["GET"]}}],"collection":[{"href":"http:\/\/www.studiotangoargentino.com\/index.php?rest_route=\/wp\/v2\/pages"}],"about":[{"href":"http:\/\/www.studiotangoargentino.com\/index.php?rest_route=\/wp\/v2\/types\/page"}],"author":[{"embeddable":true,"href":"http:\/\/www.studiotangoargentino.com\/index.php?rest_route=\/wp\/v2\/users\/1"}],"replies":[{"embeddable":true,"href":"http:\/\/www.studiotangoargentino.com\/index.php?rest_route=%2Fwp%2Fv2%2Fcomments&post=304"}],"version-history":[{"count":6,"href":"http:\/\/www.studiotangoargentino.com\/index.php?rest_route=\/wp\/v2\/pages\/304\/revisions"}],"predecessor-version":[{"id":1665,"href":"http:\/\/www.studiotangoargentino.com\/index.php?rest_route=\/wp\/v2\/pages\/304\/revisions\/1665"}],"wp:attachment":[{"href":"http:\/\/www.studiotangoargentino.com\/index.php?rest_route=%2Fwp%2Fv2%2Fmedia&parent=304"}],"curies":[{"name":"wp","href":"https:\/\/api.w.org\/{rel}","templated":true}]}}