{"id":302,"date":"2022-07-28T18:46:20","date_gmt":"2022-07-28T16:46:20","guid":{"rendered":"http:\/\/www.studiotangoargentino.com\/?page_id=302"},"modified":"2022-11-19T11:04:59","modified_gmt":"2022-11-19T10:04:59","slug":"corinne-chevalier","status":"publish","type":"page","link":"http:\/\/www.studiotangoargentino.com\/?page_id=302","title":{"rendered":"Corinne CHEVALIER"},"content":{"rendered":"\n<p> <\/p>\n\n\n\n<figure class=\"wp-block-gallery has-nested-images columns-default is-cropped wp-block-gallery-1 is-layout-flex wp-block-gallery-is-layout-flex\">\n<figure class=\"wp-block-image size-full\"><img decoding=\"async\" width=\"250\" height=\"167\" data-id=\"407\" src=\"http:\/\/www.studiotangoargentino.com\/wp-content\/uploads\/2022\/08\/fjmxlx0ddvanlcez.png\" alt=\"\" class=\"wp-image-407\"\/><\/figure>\n<\/figure>\n\n\n\n<p>Metteuse en sc\u00e8ne, artiste dramatique et chor\u00e9graphique, elle articule son travail de cr\u00e9ation autour du corps en jeu et des actions physiques. Dipl\u00f4m\u00e9e du Conservatoire National d\u2019Art Dramatique, Ma\u00eetres en Arts du spectacle de l\u2019Universit\u00e9 Paris VIII sa recherche s\u2019est centr\u00e9e depuis une vingtaine d\u2019ann\u00e9es sur la question du mouvement et du texte alliant auteurs classiques et contemporains \u00e0 des techniques corporelles telles que la danse, les arts martiaux ou le masque.<\/p>\n\n\n\n<p>Elle se forme \u00e0 la danse contemporaine aux c\u00f4t\u00e9s de chor\u00e9graphes comme Joseph Nadj ou Sorraya Djebbar et plonge corps et \u00e2me dans le Tango Argentin en 2002. Elle danse et joue sur sc\u00e8ne au sein de plusieurs cr\u00e9ations th\u00e9\u00e2trales et chor\u00e9graphiques \u00e0 Paris et \u00e0 Lyon sous la direction de Sophie Moyano dans \u00ab&nbsp;Moon Tango&nbsp;\u00bb et aux c\u00f4t\u00e9s du groupe \u00ab&nbsp;Artango&nbsp;\u00bb (Sc\u00e8ne Nationale de Noisy-le-Grand). Sous la direction de Sylvia Bagli dans \u00ab&nbsp;La for\u00eat Mouill\u00e9e&nbsp;\u00bb et dans \u00ab&nbsp;Lola et Jim&nbsp;\u00bb (MC93 de Bobigny), dans le spectacle musical et chor\u00e9graphique \u00ab&nbsp;Madame Tangue&nbsp;\u00bb et pour la compagnie Del Plata le spectacle \u00ab&nbsp;Resiliencia&nbsp;\u00bb . Elle est actuellement metteuse en sc\u00e8ne et artiste dramatique et chor\u00e9graphique pour la compagnie ICI DEDANS DEHORS ZONE DE TURBULENCE<\/p>\n\n\n\n<p>Depuis 6 ans, elle met en sc\u00e8ne des auteurs hispaniques et latino-am\u00e9ricains, en espagnol sein de la section Th\u00e9\u00e2tre en espagnol d\u2019AmerInsa&nbsp;: La Tras-escena de Fernando Pe\u00f1uela, Guerra y otras cosillas (Mise en lien de textes de Fernando Arrabal et d\u2019Esteve Soler), Contra el progreso, contra el amor, contra la democracia de Esteve Soler, El exiliado Mateluna de Oscar Castro, Vacas Gordas de Estela Golovchenko.<br>Elle est d\u00e9cor\u00e9e de l\u2019Ordre du M\u00e9rite pour son travail de cr\u00e9ation avec des publics dit \u00ab&nbsp;emp\u00each\u00e9s&nbsp;\u00bb<\/p>\n","protected":false},"excerpt":{"rendered":"<p>Metteuse en sc\u00e8ne, artiste dramatique et chor\u00e9graphique, elle articule son travail de cr\u00e9ation autour du corps en jeu et des actions physiques. Dipl\u00f4m\u00e9e du Conservatoire National d\u2019Art Dramatique, Ma\u00eetres en Arts du spectacle de l\u2019Universit\u00e9 Paris VIII sa recherche s\u2019est centr\u00e9e depuis une vingtaine d\u2019ann\u00e9es sur la question du mouvement et du texte alliant auteurs [&hellip;]<\/p>\n","protected":false},"author":1,"featured_media":0,"parent":0,"menu_order":0,"comment_status":"closed","ping_status":"closed","template":"","meta":{"ocean_post_layout":"full-width","ocean_both_sidebars_style":"","ocean_both_sidebars_content_width":0,"ocean_both_sidebars_sidebars_width":0,"ocean_sidebar":"0","ocean_second_sidebar":"0","ocean_disable_margins":"enable","ocean_add_body_class":"","ocean_shortcode_before_top_bar":"","ocean_shortcode_after_top_bar":"","ocean_shortcode_before_header":"","ocean_shortcode_after_header":"","ocean_has_shortcode":"","ocean_shortcode_after_title":"","ocean_shortcode_before_footer_widgets":"","ocean_shortcode_after_footer_widgets":"","ocean_shortcode_before_footer_bottom":"","ocean_shortcode_after_footer_bottom":"","ocean_display_top_bar":"default","ocean_display_header":"default","ocean_header_style":"","ocean_center_header_left_menu":"0","ocean_custom_header_template":"0","ocean_custom_logo":0,"ocean_custom_retina_logo":0,"ocean_custom_logo_max_width":0,"ocean_custom_logo_tablet_max_width":0,"ocean_custom_logo_mobile_max_width":0,"ocean_custom_logo_max_height":0,"ocean_custom_logo_tablet_max_height":0,"ocean_custom_logo_mobile_max_height":0,"ocean_header_custom_menu":"0","ocean_menu_typo_font_family":"0","ocean_menu_typo_font_subset":"","ocean_menu_typo_font_size":0,"ocean_menu_typo_font_size_tablet":0,"ocean_menu_typo_font_size_mobile":0,"ocean_menu_typo_font_size_unit":"px","ocean_menu_typo_font_weight":"","ocean_menu_typo_font_weight_tablet":"","ocean_menu_typo_font_weight_mobile":"","ocean_menu_typo_transform":"","ocean_menu_typo_transform_tablet":"","ocean_menu_typo_transform_mobile":"","ocean_menu_typo_line_height":0,"ocean_menu_typo_line_height_tablet":0,"ocean_menu_typo_line_height_mobile":0,"ocean_menu_typo_line_height_unit":"","ocean_menu_typo_spacing":0,"ocean_menu_typo_spacing_tablet":0,"ocean_menu_typo_spacing_mobile":0,"ocean_menu_typo_spacing_unit":"","ocean_menu_link_color":"","ocean_menu_link_color_hover":"","ocean_menu_link_color_active":"","ocean_menu_link_background":"","ocean_menu_link_hover_background":"","ocean_menu_link_active_background":"","ocean_menu_social_links_bg":"","ocean_menu_social_hover_links_bg":"","ocean_menu_social_links_color":"","ocean_menu_social_hover_links_color":"","ocean_disable_title":"default","ocean_disable_heading":"default","ocean_post_title":"","ocean_post_subheading":"","ocean_post_title_style":"","ocean_post_title_background_color":"","ocean_post_title_background":0,"ocean_post_title_bg_image_position":"","ocean_post_title_bg_image_attachment":"","ocean_post_title_bg_image_repeat":"","ocean_post_title_bg_image_size":"","ocean_post_title_height":0,"ocean_post_title_bg_overlay":0.5,"ocean_post_title_bg_overlay_color":"","ocean_disable_breadcrumbs":"default","ocean_breadcrumbs_color":"","ocean_breadcrumbs_separator_color":"","ocean_breadcrumbs_links_color":"","ocean_breadcrumbs_links_hover_color":"","ocean_display_footer_widgets":"default","ocean_display_footer_bottom":"default","ocean_custom_footer_template":"0","_mc_calendar":[],"footnotes":""},"class_list":["post-302","page","type-page","status-publish","hentry","entry"],"_links":{"self":[{"href":"http:\/\/www.studiotangoargentino.com\/index.php?rest_route=\/wp\/v2\/pages\/302","targetHints":{"allow":["GET"]}}],"collection":[{"href":"http:\/\/www.studiotangoargentino.com\/index.php?rest_route=\/wp\/v2\/pages"}],"about":[{"href":"http:\/\/www.studiotangoargentino.com\/index.php?rest_route=\/wp\/v2\/types\/page"}],"author":[{"embeddable":true,"href":"http:\/\/www.studiotangoargentino.com\/index.php?rest_route=\/wp\/v2\/users\/1"}],"replies":[{"embeddable":true,"href":"http:\/\/www.studiotangoargentino.com\/index.php?rest_route=%2Fwp%2Fv2%2Fcomments&post=302"}],"version-history":[{"count":2,"href":"http:\/\/www.studiotangoargentino.com\/index.php?rest_route=\/wp\/v2\/pages\/302\/revisions"}],"predecessor-version":[{"id":1362,"href":"http:\/\/www.studiotangoargentino.com\/index.php?rest_route=\/wp\/v2\/pages\/302\/revisions\/1362"}],"wp:attachment":[{"href":"http:\/\/www.studiotangoargentino.com\/index.php?rest_route=%2Fwp%2Fv2%2Fmedia&parent=302"}],"curies":[{"name":"wp","href":"https:\/\/api.w.org\/{rel}","templated":true}]}}