{"id":296,"date":"2022-07-28T18:45:33","date_gmt":"2022-07-28T16:45:33","guid":{"rendered":"http:\/\/www.studiotangoargentino.com\/?page_id=296"},"modified":"2022-10-20T18:49:52","modified_gmt":"2022-10-20T16:49:52","slug":"fabrizio-chiodetti","status":"publish","type":"page","link":"http:\/\/www.studiotangoargentino.com\/?page_id=296","title":{"rendered":"Fabrizio CHIODETTI"},"content":{"rendered":"<figure class=\"wp-block-post-featured-image\"><img fetchpriority=\"high\" decoding=\"async\" width=\"500\" height=\"339\" src=\"http:\/\/www.studiotangoargentino.com\/wp-content\/uploads\/2022\/08\/Milonga_Campera_web_0125-eaad9.jpg\" class=\"attachment-post-thumbnail size-post-thumbnail wp-post-image\" alt=\"\" style=\"object-fit:cover;\" \/><\/figure>\n\n\n<p>Danseur professionnel et artiste multifacette, Fabrizio enseigne le tango depuis de nombreuses ann\u00e9es. Plus qu\u2019un simple professeur de danse, il est \u00e0 la fois un artiste touche \u00e0 tout et un fin technicien.<\/p>\n\n\n\n<p>Son parcours de danseur prend racine dans la danse contemporaine. Il a ensuite \u00e9tudi\u00e9 les danses d\u2019improvisations, les danses traditionnelles et ethniques et bien s\u00fbr le tango argentin aupr\u00e8s des maestros internationaux (E.Cappussi, M.Flores, F.Taccetti, J.Bruno,P.Castello &#8230; ).<\/p>\n\n\n\n<p>Il est aussi chanteur (polyphonies traditionnelles de G\u00e9orgie, chant populaire italien, improvisation vocale, chant harmonique) et acteur de th\u00e9\u00e2tre (th\u00e9\u00e2tre traditionnel indien, clown, cr\u00e9ation de masques &#8230;) et enseigne aussi ces disciplines.<\/p>\n\n\n\n<p>Son \u00e9tudie du corps et du mouvement l\u2019ont amen\u00e9 \u00e0 pratiquer les arts martiaux (ta\u00ef chi chuan) et \u00e0 apprendre les techniques d\u2019analyse corporelles <a href=\"http:\/\/fr.wikipedia.org\/wiki\/Technique_Alexander\">Alexander<\/a> et <a href=\"http:\/\/fr.wikipedia.org\/wiki\/M%C3%A9thode_Feldenkrais\">Feldenkrays<\/a>.<\/p>\n\n\n\n<p>Toutes ses connaissances se retrouvent dans son enseignement de la danse&nbsp;; il propose ainsi une approche \u00e0 la fois originale et respectueuse du tango argentin.<\/p>\n","protected":false},"excerpt":{"rendered":"<p>Danseur professionnel et artiste multifacette, Fabrizio enseigne le tango depuis de nombreuses ann\u00e9es. Plus qu\u2019un simple professeur de danse, il est \u00e0 la fois un artiste touche \u00e0 tout et un fin technicien. Son parcours de danseur prend racine dans la danse contemporaine. Il a ensuite \u00e9tudi\u00e9 les danses d\u2019improvisations, les danses traditionnelles et ethniques [&hellip;]<\/p>\n","protected":false},"author":1,"featured_media":416,"parent":0,"menu_order":0,"comment_status":"closed","ping_status":"closed","template":"","meta":{"ocean_post_layout":"full-width","ocean_both_sidebars_style":"","ocean_both_sidebars_content_width":0,"ocean_both_sidebars_sidebars_width":0,"ocean_sidebar":"0","ocean_second_sidebar":"0","ocean_disable_margins":"enable","ocean_add_body_class":"","ocean_shortcode_before_top_bar":"","ocean_shortcode_after_top_bar":"","ocean_shortcode_before_header":"","ocean_shortcode_after_header":"","ocean_has_shortcode":"","ocean_shortcode_after_title":"","ocean_shortcode_before_footer_widgets":"","ocean_shortcode_after_footer_widgets":"","ocean_shortcode_before_footer_bottom":"","ocean_shortcode_after_footer_bottom":"","ocean_display_top_bar":"default","ocean_display_header":"default","ocean_header_style":"","ocean_center_header_left_menu":"0","ocean_custom_header_template":"0","ocean_custom_logo":0,"ocean_custom_retina_logo":0,"ocean_custom_logo_max_width":0,"ocean_custom_logo_tablet_max_width":0,"ocean_custom_logo_mobile_max_width":0,"ocean_custom_logo_max_height":0,"ocean_custom_logo_tablet_max_height":0,"ocean_custom_logo_mobile_max_height":0,"ocean_header_custom_menu":"0","ocean_menu_typo_font_family":"0","ocean_menu_typo_font_subset":"","ocean_menu_typo_font_size":0,"ocean_menu_typo_font_size_tablet":0,"ocean_menu_typo_font_size_mobile":0,"ocean_menu_typo_font_size_unit":"px","ocean_menu_typo_font_weight":"","ocean_menu_typo_font_weight_tablet":"","ocean_menu_typo_font_weight_mobile":"","ocean_menu_typo_transform":"","ocean_menu_typo_transform_tablet":"","ocean_menu_typo_transform_mobile":"","ocean_menu_typo_line_height":0,"ocean_menu_typo_line_height_tablet":0,"ocean_menu_typo_line_height_mobile":0,"ocean_menu_typo_line_height_unit":"","ocean_menu_typo_spacing":0,"ocean_menu_typo_spacing_tablet":0,"ocean_menu_typo_spacing_mobile":0,"ocean_menu_typo_spacing_unit":"","ocean_menu_link_color":"","ocean_menu_link_color_hover":"","ocean_menu_link_color_active":"","ocean_menu_link_background":"","ocean_menu_link_hover_background":"","ocean_menu_link_active_background":"","ocean_menu_social_links_bg":"","ocean_menu_social_hover_links_bg":"","ocean_menu_social_links_color":"","ocean_menu_social_hover_links_color":"","ocean_disable_title":"default","ocean_disable_heading":"default","ocean_post_title":"","ocean_post_subheading":"","ocean_post_title_style":"","ocean_post_title_background_color":"","ocean_post_title_background":0,"ocean_post_title_bg_image_position":"","ocean_post_title_bg_image_attachment":"","ocean_post_title_bg_image_repeat":"","ocean_post_title_bg_image_size":"","ocean_post_title_height":0,"ocean_post_title_bg_overlay":0.5,"ocean_post_title_bg_overlay_color":"","ocean_disable_breadcrumbs":"default","ocean_breadcrumbs_color":"","ocean_breadcrumbs_separator_color":"","ocean_breadcrumbs_links_color":"","ocean_breadcrumbs_links_hover_color":"","ocean_display_footer_widgets":"default","ocean_display_footer_bottom":"default","ocean_custom_footer_template":"0","_mc_calendar":[],"footnotes":""},"class_list":["post-296","page","type-page","status-publish","has-post-thumbnail","hentry","entry","has-media"],"_links":{"self":[{"href":"http:\/\/www.studiotangoargentino.com\/index.php?rest_route=\/wp\/v2\/pages\/296","targetHints":{"allow":["GET"]}}],"collection":[{"href":"http:\/\/www.studiotangoargentino.com\/index.php?rest_route=\/wp\/v2\/pages"}],"about":[{"href":"http:\/\/www.studiotangoargentino.com\/index.php?rest_route=\/wp\/v2\/types\/page"}],"author":[{"embeddable":true,"href":"http:\/\/www.studiotangoargentino.com\/index.php?rest_route=\/wp\/v2\/users\/1"}],"replies":[{"embeddable":true,"href":"http:\/\/www.studiotangoargentino.com\/index.php?rest_route=%2Fwp%2Fv2%2Fcomments&post=296"}],"version-history":[{"count":2,"href":"http:\/\/www.studiotangoargentino.com\/index.php?rest_route=\/wp\/v2\/pages\/296\/revisions"}],"predecessor-version":[{"id":457,"href":"http:\/\/www.studiotangoargentino.com\/index.php?rest_route=\/wp\/v2\/pages\/296\/revisions\/457"}],"wp:featuredmedia":[{"embeddable":true,"href":"http:\/\/www.studiotangoargentino.com\/index.php?rest_route=\/wp\/v2\/media\/416"}],"wp:attachment":[{"href":"http:\/\/www.studiotangoargentino.com\/index.php?rest_route=%2Fwp%2Fv2%2Fmedia&parent=296"}],"curies":[{"name":"wp","href":"https:\/\/api.w.org\/{rel}","templated":true}]}}