{"id":2262,"date":"2023-09-12T18:56:03","date_gmt":"2023-09-12T16:56:03","guid":{"rendered":"https:\/\/www.studiotangoargentino.com\/?page_id=2262"},"modified":"2025-12-13T10:34:30","modified_gmt":"2025-12-13T09:34:30","slug":"test","status":"publish","type":"page","link":"http:\/\/www.studiotangoargentino.com\/?page_id=2262","title":{"rendered":"Tarifs et inscriptions"},"content":{"rendered":"\t\t<div data-elementor-type=\"wp-page\" data-elementor-id=\"2262\" class=\"elementor elementor-2262\">\n\t\t\t\t<div class=\"elementor-element elementor-element-3c47ea4 e-grid e-con-boxed e-con e-parent\" data-id=\"3c47ea4\" data-element_type=\"container\">\n\t\t\t\t\t<div class=\"e-con-inner\">\n\t\t\t\t<div class=\"elementor-element elementor-element-3a0c668 elementor-widget elementor-widget-wp-widget-custom_html\" data-id=\"3a0c668\" data-element_type=\"widget\" id=\"tarif-container\" data-widget_type=\"wp-widget-custom_html.default\">\n\t\t\t\t<div class=\"elementor-widget-container\">\n\t\t\t<div class=\"textwidget custom-html-widget\"><article><img decoding=\"async\" src=\"\/wp-content\/uploads\/buttons\/1.jpg\" alt=\"Adh\u00e9sion annuelle \u00e0 l\u2019association\" \/>\r\n<div class=\"cgvText\" style=\"background-color: #da1c5c\">\r\n<h3 style=\"color: white;margin: 0 0 0\"><a style=\"color: white\" href=\"\/wp-content\/uploads\/2023\/07\/convention_prestservice_et_bul_d_adhesion_sta_23_24.pdf\" target=\"_blanc\" rel=\"noopener\">Adh\u00e9sion individuelle annuelle<\/a><\/h3>\r\n<p style=\"color: white;font-size: 20px;font-weight: 1000\">20 \u20ac<\/p>\r\n\r\n<div class=\"productBtn\" style=\"margin-bottom: 5px;color: black;width: 100%;background-color: #6bc10f\"><a style=\"color: black\" href=\"https:\/\/buy.stripe.com\/14k7wy3q03te8ikdQQ\">J'ACH\u00c8TE<\/a>\r\n<\/div>\r\n\r\n<\/article><\/div>\t\t<\/div>\n\t\t\t\t<\/div>\n\t\t\t\t<div class=\"elementor-element elementor-element-14e8586 elementor-widget elementor-widget-wp-widget-custom_html\" data-id=\"14e8586\" data-element_type=\"widget\" id=\"tarif-container\" data-widget_type=\"wp-widget-custom_html.default\">\n\t\t\t\t<div class=\"elementor-widget-container\">\n\t\t\t<div class=\"textwidget custom-html-widget\"><article><img decoding=\"async\" src=\"\/wp-content\/uploads\/buttons\/2.jpg\" alt=\"Cours \u00e0 l'unit\u00e9\" \/>\r\n<div class=\"cgvText\" style=\"background-color: #9fcb3a\">\r\n<h3 style=\"color: black;margin-bottom: 25px\">Cours colletif \u00e0 l'unit\u00e9<\/h3>\r\n<p style=\"color: black;font-size: 20px;font-weight: 1000\">20 \u20ac<\/p>\r\n\r\n<div class=\"productBtn\" style=\"margin-bottom: 5px;color: black;width: 100%;background-color: #da1c5c\"><a style=\"color: white\" href=\"https:\/\/buy.stripe.com\/9AQcQS1hS8Nyaqs006\">J'ACH\u00c8TE<\/a>\r\n<\/div>\r\n\r\n<\/article><\/div>\t\t<\/div>\n\t\t\t\t<\/div>\n\t\t\t\t<div class=\"elementor-element elementor-element-f555e7d elementor-widget elementor-widget-wp-widget-custom_html\" data-id=\"f555e7d\" data-element_type=\"widget\" id=\"tarif-container\" data-widget_type=\"wp-widget-custom_html.default\">\n\t\t\t\t<div class=\"elementor-widget-container\">\n\t\t\t<div class=\"textwidget custom-html-widget\"><article><img decoding=\"async\" src=\"\/wp-content\/uploads\/buttons\/3.jpg\" alt=\"10 cours \u00e0 l'unit\u00e9\" \/>\r\n<div class=\"cgvText\" style=\"background-color: #9fcb3a\">\r\n<h3 style=\"color: black;margin-bottom: 0px\">Carte de 10 cours collectifs<\/h3>\r\n<br \/><span style=\"color: black;font-size: 20px;font-weight: 1000\">170 \u20ac<\/span> <span style=\"font-weight: normal\"><br \/>d\u00e8s 17 \u20ac \/ le cours<\/span>\r\n<div class=\"productBtn\" style=\"margin-bottom: 0px;color: black;width: 100%;background-color: #da1c5c\"><a style=\"color: white\" href=\"https:\/\/buy.stripe.com\/4gw5oq4u46Fq2Y0bIZ\">J'ACH\u00c8TE<\/a>\r\n<\/div>\r\n\r\n<\/article><\/div>\t\t<\/div>\n\t\t\t\t<\/div>\n\t\t\t\t<div class=\"elementor-element elementor-element-0357eae elementor-widget elementor-widget-wp-widget-custom_html\" data-id=\"0357eae\" data-element_type=\"widget\" id=\"tarif-container\" data-widget_type=\"wp-widget-custom_html.default\">\n\t\t\t\t<div class=\"elementor-widget-container\">\n\t\t\t<div class=\"textwidget custom-html-widget\"><article><img decoding=\"async\" src=\"\/wp-content\/uploads\/buttons\/4.jpg\" alt=\"12 cours au trimestre\" \/>\r\n<div class=\"cgvText\" style=\"background-color: white\">\r\n<h3 style=\"color: black;margin-bottom: 0px\">12 cours collectifs au trimestre<\/h3>\r\n<div style=\"color: black;font-size: 20px;font-weight: 1000;margin-bottom: 0px\">180 \u20ac<\/div>\r\n<div style=\"color: black;font-weight: 1000;margin-bottom: 0px\"><span style=\"font-weight: normal\"> d\u00e8s 60 \u20ac \/ mois<\/span><\/div>\r\n\r\n<div class=\"productBtn\" style=\"margin-bottom: 5px;color: black;width: 100%;background-color: #da1c5c\"><a style=\"color: white\" href=\"https:\/\/buy.stripe.com\/dR6dUW1hSaVGaqsbJ0\">J'ACH\u00c8TE<\/a>\r\n<\/div>\r\n\r\n<\/article><\/div>\t\t<\/div>\n\t\t\t\t<\/div>\n\t\t\t\t<div class=\"elementor-element elementor-element-8adb0ee elementor-widget elementor-widget-wp-widget-custom_html\" data-id=\"8adb0ee\" data-element_type=\"widget\" id=\"tarif-container\" data-widget_type=\"wp-widget-custom_html.default\">\n\t\t\t\t<div class=\"elementor-widget-container\">\n\t\t\t<div class=\"textwidget custom-html-widget\"><article>&lt;img src=&quot;\/wp-content\/uploads\/buttons\/5.jpg&quot; alt=&quot;<!--34-->24 cours tarif r\u00e9duit\" \/&gt;\r\n<div class=\"cgvText\" style=\"background-color: #96d4d4\">\r\n<h3 style=\"color: black;margin-bottom: 4px\"><!--34-->24 cours collectifs \/ an<\/h3>\r\n<span style=\"color: black;font-size: 20px;font-weight: 1000\"><s>390 <\/s> <!--250-->180 \u20ac<\/span>\r\n<br \/><span style=\"font-weight: normal\">\u00e0 tarif r\u00e9duit<br \/>d\u00e8s <!--25-->30 \u20ac \/ mois <\/span>\r\n\r\n\r\n<div class=\"productBtn\" style=\"margin-bottom: 0px;color: black;width: 100%;background-color: #6bc10f\">\r\n&lt;!--<a style=\"color: black\" href=\"https:\/\/buy.stripe.com\/6oEg34d0A6Fq6ac7sD\">--&gt;\r\n<a style=\"color: black\" href=\"https:\/\/buy.stripe.com\/5kAeZ0d0A1l60PSdR5\">J'ACH\u00c8TE<\/a>\r\n<\/div>\r\n\r\n<\/article><\/div>\t\t<\/div>\n\t\t\t\t<\/div>\n\t\t\t\t<div class=\"elementor-element elementor-element-949c398 elementor-widget elementor-widget-wp-widget-custom_html\" data-id=\"949c398\" data-element_type=\"widget\" id=\"tarif-container\" data-widget_type=\"wp-widget-custom_html.default\">\n\t\t\t\t<div class=\"elementor-widget-container\">\n\t\t\t<div class=\"textwidget custom-html-widget\"><article>&lt;img src=&quot;\/wp-content\/uploads\/buttons\/6.jpg&quot; alt=&quot;<!--34-->24 cours par an\" \/&gt;\r\n<div class=\"cgvText\" style=\"background-color: #96d4d4\">\r\n<h3 style=\"color: black\"><!--34-->24 cours collectifs \/ an<\/h3>\r\n\r\n<span style=\"color: black;font-size: 20px;font-weight: 1000\"><!--390-->280 \u20ac<\/span>\r\n<div style=\"font-weight: normal;margin-top:12px\">d\u00e8s <!--39-->46 \u20ac \/ mois <\/div>\r\n\r\n\r\n<div class=\"productBtn\" style=\"margin-bottom: 0px;color: black;width: 100%;background-color: #6bc10f\">&lt;!-- <a style=\"color: black\" href=\"https:\/\/buy.stripe.com\/8wM18a4u4bZK0PSbIQ\">--&gt;\r\n<a style=\"color: black\" href=\"https:\/\/buy.stripe.com\/00g9EGe4E2pa6ac9AQ\">J'ACH\u00c8TE<\/a>\r\n<\/div>\r\n\r\n<\/article><\/div>\t\t<\/div>\n\t\t\t\t<\/div>\n\t\t\t\t\t<\/div>\n\t\t\t\t<\/div>\n\t\t<div class=\"elementor-element elementor-element-23b55b7 e-flex e-con-boxed e-con e-parent\" data-id=\"23b55b7\" data-element_type=\"container\">\n\t\t\t\t\t<div class=\"e-con-inner\">\n\t\t\t\t<div class=\"elementor-element elementor-element-08fdf0a elementor-widget elementor-widget-wp-widget-custom_html\" data-id=\"08fdf0a\" data-element_type=\"widget\" data-widget_type=\"wp-widget-custom_html.default\">\n\t\t\t\t<div class=\"elementor-widget-container\">\n\t\t\t<div class=\"textwidget custom-html-widget\"><h1>Conditions generales de vente<\/h1>\r\n<h2>Adh\u00e9sion \u00e0 l\u2019association<\/h2>\r\n<p>Une adh\u00e9sion annuelle de 20 \u20ac est obligatoire pour participer aux activit\u00e9s de l\u2019association.<\/p>\r\n<h2>Tarifs abonnements<\/h2>\r\nLe tarif des abonnements annuel peut se payer en 3, 5 ou 10 ch\u00e8ques. Ainsi, en cas d\u2019annulation de cours pour raisons sanitaires, les ch\u00e8ques correspondant aux cours annul\u00e9s ne seront pas encaiss\u00e9s.<span id=\"dots\">&#8230;<\/span> <span id=\"more\">\r\nCes conditions s\u2019appliqueront aussi \u00e0 l\u2019abonnement trimestriel de 180\u20ac (payable en 3 ch\u00e8ques). Vous \u00eates libres de vous inscrire au(x) cours dont l\u2019horaire vous convient le mieux et de passer d\u2019un cours \u00e0 un autre en fonction de vos disponibilit\u00e9s dans l\u2019ann\u00e9e. La premi\u00e8re carte de 10 cours peut \u00eatre convertie en abonnement annuel. Ces cours \u00e0 l\u2019unit\u00e9 sont destin\u00e9s aux cours interm\u00e9diaires et avanc\u00e9s. Pour les cours d\u00e9butants, il est vivement conseill\u00e9 de suivre les cours hebdomadaires avec r\u00e9gularit\u00e9. \r\n<br \/>\r\n<br \/>\r\n<font style=\"font-weight:600;line-height:1.4;font-size:20px\">Tarifs r\u00e9duits<\/font>\r\n<br \/>\r\n<br \/>\r\nNous proposons aussi des tarifs r\u00e9duits pour les b\u00e9n\u00e9ficiaires du RSA, les moins de 26 ans, les \u00e9tudiants et les ch\u00f4meurs. 34 cours \/ annuel : 250 \u20ac Veuillez pr\u00e9senter un justificatif en cours de validit\u00e9 pour b\u00e9n\u00e9ficier de ces tarifs.\r\n<br \/>\r\n<br \/>\r\n<font style=\"font-weight:600;line-height:1.4;font-size:20px\">Formulaire d\u2019inscription<\/font>\r\n<br \/>\r\n<br \/>\r\nPour faciliter votre inscription, vous pouvez imprimer et remplir le bulletin d\u2019inscription ci-dessous qui sera \u00e0 joindre \u00e0 votre r\u00e8glement. L\u2019inscription se fait sur place dans le cours de votre choix. Il n\u2019est pas obligatoire de s\u2019inscrire en couple, et n\u2019oubliez pas que, quel que soit votre niveau, la participation aux milongas est plus que recommand\u00e9e pour faire vivre votre tango dans la r\u00e9alit\u00e9 du bal.\r\n<br \/>\r\n<br \/>\r\n<font style=\"font-weight:600;line-height:1.4;font-size:20px\">R\u00e8glement fractionn\u00e9<\/font>\r\n<br \/>\r\n<br \/>\r\nPossibilit\u00e9 de payer en 10 fois pour l\u2019abonnement annuel, et en 3 fois pour l\u2019abonnement 3 mois ( maximum). Le r\u00e8glement est \u00e0 effectuer au moment de l\u2019inscription, les ch\u00e8ques seront encaiss\u00e9s en d\u00e9but de chaque mois.\r\n<br \/>\r\n<br \/>\r\n<font style=\"font-weight:600;line-height:1.4;font-size:20px\">Remboursement<\/font>\r\n<br \/>\r\n<br \/>\r\nAucun remboursement n\u2019est possible sauf en cas de mutation professionnelle ou raison m\u00e9dicale sur pr\u00e9sentation de justificatif. Pour d\u2019autres cas de figure tarifaires (tarif r\u00e9duit, 2 cours\/semaine, illimit\u00e9) il faudra nous contacter. <\/span> <a id=\"myBtn\" href=\"\/\/void\">Lire la suite<\/a><\/div>\t\t<\/div>\n\t\t\t\t<\/div>\n\t\t\t\t\t<\/div>\n\t\t\t\t<\/div>\n\t\t\t\t<\/div>\n\t\t","protected":false},"excerpt":{"rendered":"","protected":false},"author":1,"featured_media":0,"parent":0,"menu_order":0,"comment_status":"closed","ping_status":"closed","template":"","meta":{"ocean_post_layout":"full-width","ocean_both_sidebars_style":"","ocean_both_sidebars_content_width":0,"ocean_both_sidebars_sidebars_width":0,"ocean_sidebar":"0","ocean_second_sidebar":"0","ocean_disable_margins":"enable","ocean_add_body_class":"","ocean_shortcode_before_top_bar":"","ocean_shortcode_after_top_bar":"","ocean_shortcode_before_header":"","ocean_shortcode_after_header":"","ocean_has_shortcode":"","ocean_shortcode_after_title":"","ocean_shortcode_before_footer_widgets":"","ocean_shortcode_after_footer_widgets":"","ocean_shortcode_before_footer_bottom":"","ocean_shortcode_after_footer_bottom":"","ocean_display_top_bar":"default","ocean_display_header":"default","ocean_header_style":"","ocean_center_header_left_menu":"0","ocean_custom_header_template":"0","ocean_custom_logo":0,"ocean_custom_retina_logo":0,"ocean_custom_logo_max_width":0,"ocean_custom_logo_tablet_max_width":0,"ocean_custom_logo_mobile_max_width":0,"ocean_custom_logo_max_height":0,"ocean_custom_logo_tablet_max_height":0,"ocean_custom_logo_mobile_max_height":0,"ocean_header_custom_menu":"0","ocean_menu_typo_font_family":"0","ocean_menu_typo_font_subset":"","ocean_menu_typo_font_size":0,"ocean_menu_typo_font_size_tablet":0,"ocean_menu_typo_font_size_mobile":0,"ocean_menu_typo_font_size_unit":"px","ocean_menu_typo_font_weight":"","ocean_menu_typo_font_weight_tablet":"","ocean_menu_typo_font_weight_mobile":"","ocean_menu_typo_transform":"","ocean_menu_typo_transform_tablet":"","ocean_menu_typo_transform_mobile":"","ocean_menu_typo_line_height":0,"ocean_menu_typo_line_height_tablet":0,"ocean_menu_typo_line_height_mobile":0,"ocean_menu_typo_line_height_unit":"","ocean_menu_typo_spacing":0,"ocean_menu_typo_spacing_tablet":0,"ocean_menu_typo_spacing_mobile":0,"ocean_menu_typo_spacing_unit":"","ocean_menu_link_color":"","ocean_menu_link_color_hover":"","ocean_menu_link_color_active":"","ocean_menu_link_background":"","ocean_menu_link_hover_background":"","ocean_menu_link_active_background":"","ocean_menu_social_links_bg":"","ocean_menu_social_hover_links_bg":"","ocean_menu_social_links_color":"","ocean_menu_social_hover_links_color":"","ocean_disable_title":"default","ocean_disable_heading":"default","ocean_post_title":"","ocean_post_subheading":"","ocean_post_title_style":"","ocean_post_title_background_color":"","ocean_post_title_background":0,"ocean_post_title_bg_image_position":"","ocean_post_title_bg_image_attachment":"","ocean_post_title_bg_image_repeat":"","ocean_post_title_bg_image_size":"","ocean_post_title_height":0,"ocean_post_title_bg_overlay":0.5,"ocean_post_title_bg_overlay_color":"","ocean_disable_breadcrumbs":"default","ocean_breadcrumbs_color":"","ocean_breadcrumbs_separator_color":"","ocean_breadcrumbs_links_color":"","ocean_breadcrumbs_links_hover_color":"","ocean_display_footer_widgets":"default","ocean_display_footer_bottom":"default","ocean_custom_footer_template":"0","_mc_calendar":[],"footnotes":""},"class_list":["post-2262","page","type-page","status-publish","hentry","entry"],"_links":{"self":[{"href":"http:\/\/www.studiotangoargentino.com\/index.php?rest_route=\/wp\/v2\/pages\/2262","targetHints":{"allow":["GET"]}}],"collection":[{"href":"http:\/\/www.studiotangoargentino.com\/index.php?rest_route=\/wp\/v2\/pages"}],"about":[{"href":"http:\/\/www.studiotangoargentino.com\/index.php?rest_route=\/wp\/v2\/types\/page"}],"author":[{"embeddable":true,"href":"http:\/\/www.studiotangoargentino.com\/index.php?rest_route=\/wp\/v2\/users\/1"}],"replies":[{"embeddable":true,"href":"http:\/\/www.studiotangoargentino.com\/index.php?rest_route=%2Fwp%2Fv2%2Fcomments&post=2262"}],"version-history":[{"count":296,"href":"http:\/\/www.studiotangoargentino.com\/index.php?rest_route=\/wp\/v2\/pages\/2262\/revisions"}],"predecessor-version":[{"id":4446,"href":"http:\/\/www.studiotangoargentino.com\/index.php?rest_route=\/wp\/v2\/pages\/2262\/revisions\/4446"}],"wp:attachment":[{"href":"http:\/\/www.studiotangoargentino.com\/index.php?rest_route=%2Fwp%2Fv2%2Fmedia&parent=2262"}],"curies":[{"name":"wp","href":"https:\/\/api.w.org\/{rel}","templated":true}]}}