{"id":1016,"date":"2022-11-16T00:04:35","date_gmt":"2022-11-15T23:04:35","guid":{"rendered":"http:\/\/www.studiotangoargentino.com\/?page_id=1016"},"modified":"2022-11-16T00:04:36","modified_gmt":"2022-11-15T23:04:36","slug":"alice-bounmy","status":"publish","type":"page","link":"http:\/\/www.studiotangoargentino.com\/?page_id=1016","title":{"rendered":"Alice Bounmy"},"content":{"rendered":"\n<p>\u00ab&nbsp;Entre la danse et le th\u00e9\u00e2tre, Alice Bounmy a toujours eu du mal \u00e0 choisir. Pourquoi choisir ? La voil\u00e0 donc qui sillonne les arts comme la France pour travailler, apprendre et continuer \u00e0 se former dans toutes sortes de disciplines.<\/p>\n\n\n\n<p>Elle travaille r\u00e9guli\u00e8rement avec la Cie Le monde Devant \u2013 Tinuviele Parmentier, dans ses cr\u00e9ations m\u00ealant danse, vid\u00e9o, po\u00e9sie et musiques originales. Elle S\u2019initie au th\u00e9\u00e2tre de rue avec la Cie Art\u00e9miz et au hip hop avec la cie Melting Spot \u2013 Faird Berki.<\/p>\n\n\n\n<p>Le fruit de ses rencontres l\u2019am\u00e8ne parfois \u00e0 quitter le plateau et endosser d\u2019autres r\u00f4les que celui d\u2019interpr\u00e8te.<\/p>\n\n\n\n<p>Elle aborde la dramaturgie avec la Cie Stylistik \u2013 Abdou N\u2019gom, l\u2019assistanat \u00e0 la cr\u00e9ation avec la Cie La Guetteuse \u2013 emeline Nguyen, la mise en sc\u00e8ne, l\u2019\u00e9criture et la voix-off avec&nbsp;<em>Petit Bleu et Petit Jaune<\/em>, Cie R\u00eave de Singe \u2013 Fabien La Sala.<\/p>\n\n\n\n<p>En parall\u00e8le des projets auxquels elle prend part, elle est passionn\u00e9e de tango depuis plus de 10 ans et de danses swing depuis de nombreuses ann\u00e9es \u00e9galement. Le chant et le cirque sont des bourgeons de connaissances qui ne demandent qu\u2019\u00e0 \u00e9clore.<\/p>\n\n\n\n<p>En 2021, elle int\u00e8gre la Cie TESTUDINES pour le projet La Danse des Po\u00e8tes.<\/p>\n","protected":false},"excerpt":{"rendered":"<p>\u00ab&nbsp;Entre la danse et le th\u00e9\u00e2tre, Alice Bounmy a toujours eu du mal \u00e0 choisir. Pourquoi choisir ? La voil\u00e0 donc qui sillonne les arts comme la France pour travailler, apprendre et continuer \u00e0 se former dans toutes sortes de disciplines. Elle travaille r\u00e9guli\u00e8rement avec la Cie Le monde Devant \u2013 Tinuviele Parmentier, dans ses [&hellip;]<\/p>\n","protected":false},"author":1,"featured_media":0,"parent":0,"menu_order":0,"comment_status":"closed","ping_status":"closed","template":"","meta":{"ocean_post_layout":"","ocean_both_sidebars_style":"","ocean_both_sidebars_content_width":0,"ocean_both_sidebars_sidebars_width":0,"ocean_sidebar":"0","ocean_second_sidebar":"0","ocean_disable_margins":"enable","ocean_add_body_class":"","ocean_shortcode_before_top_bar":"","ocean_shortcode_after_top_bar":"","ocean_shortcode_before_header":"","ocean_shortcode_after_header":"","ocean_has_shortcode":"","ocean_shortcode_after_title":"","ocean_shortcode_before_footer_widgets":"","ocean_shortcode_after_footer_widgets":"","ocean_shortcode_before_footer_bottom":"","ocean_shortcode_after_footer_bottom":"","ocean_display_top_bar":"default","ocean_display_header":"default","ocean_header_style":"","ocean_center_header_left_menu":"0","ocean_custom_header_template":"0","ocean_custom_logo":0,"ocean_custom_retina_logo":0,"ocean_custom_logo_max_width":0,"ocean_custom_logo_tablet_max_width":0,"ocean_custom_logo_mobile_max_width":0,"ocean_custom_logo_max_height":0,"ocean_custom_logo_tablet_max_height":0,"ocean_custom_logo_mobile_max_height":0,"ocean_header_custom_menu":"0","ocean_menu_typo_font_family":"0","ocean_menu_typo_font_subset":"","ocean_menu_typo_font_size":0,"ocean_menu_typo_font_size_tablet":0,"ocean_menu_typo_font_size_mobile":0,"ocean_menu_typo_font_size_unit":"px","ocean_menu_typo_font_weight":"","ocean_menu_typo_font_weight_tablet":"","ocean_menu_typo_font_weight_mobile":"","ocean_menu_typo_transform":"","ocean_menu_typo_transform_tablet":"","ocean_menu_typo_transform_mobile":"","ocean_menu_typo_line_height":0,"ocean_menu_typo_line_height_tablet":0,"ocean_menu_typo_line_height_mobile":0,"ocean_menu_typo_line_height_unit":"","ocean_menu_typo_spacing":0,"ocean_menu_typo_spacing_tablet":0,"ocean_menu_typo_spacing_mobile":0,"ocean_menu_typo_spacing_unit":"","ocean_menu_link_color":"","ocean_menu_link_color_hover":"","ocean_menu_link_color_active":"","ocean_menu_link_background":"","ocean_menu_link_hover_background":"","ocean_menu_link_active_background":"","ocean_menu_social_links_bg":"","ocean_menu_social_hover_links_bg":"","ocean_menu_social_links_color":"","ocean_menu_social_hover_links_color":"","ocean_disable_title":"default","ocean_disable_heading":"default","ocean_post_title":"","ocean_post_subheading":"","ocean_post_title_style":"","ocean_post_title_background_color":"","ocean_post_title_background":0,"ocean_post_title_bg_image_position":"","ocean_post_title_bg_image_attachment":"","ocean_post_title_bg_image_repeat":"","ocean_post_title_bg_image_size":"","ocean_post_title_height":0,"ocean_post_title_bg_overlay":0.5,"ocean_post_title_bg_overlay_color":"","ocean_disable_breadcrumbs":"default","ocean_breadcrumbs_color":"","ocean_breadcrumbs_separator_color":"","ocean_breadcrumbs_links_color":"","ocean_breadcrumbs_links_hover_color":"","ocean_display_footer_widgets":"default","ocean_display_footer_bottom":"default","ocean_custom_footer_template":"0","_mc_calendar":[],"footnotes":""},"class_list":["post-1016","page","type-page","status-publish","hentry","entry"],"_links":{"self":[{"href":"http:\/\/www.studiotangoargentino.com\/index.php?rest_route=\/wp\/v2\/pages\/1016","targetHints":{"allow":["GET"]}}],"collection":[{"href":"http:\/\/www.studiotangoargentino.com\/index.php?rest_route=\/wp\/v2\/pages"}],"about":[{"href":"http:\/\/www.studiotangoargentino.com\/index.php?rest_route=\/wp\/v2\/types\/page"}],"author":[{"embeddable":true,"href":"http:\/\/www.studiotangoargentino.com\/index.php?rest_route=\/wp\/v2\/users\/1"}],"replies":[{"embeddable":true,"href":"http:\/\/www.studiotangoargentino.com\/index.php?rest_route=%2Fwp%2Fv2%2Fcomments&post=1016"}],"version-history":[{"count":1,"href":"http:\/\/www.studiotangoargentino.com\/index.php?rest_route=\/wp\/v2\/pages\/1016\/revisions"}],"predecessor-version":[{"id":1017,"href":"http:\/\/www.studiotangoargentino.com\/index.php?rest_route=\/wp\/v2\/pages\/1016\/revisions\/1017"}],"wp:attachment":[{"href":"http:\/\/www.studiotangoargentino.com\/index.php?rest_route=%2Fwp%2Fv2%2Fmedia&parent=1016"}],"curies":[{"name":"wp","href":"https:\/\/api.w.org\/{rel}","templated":true}]}}